{"id":3075,"date":"2021-11-22T15:29:48","date_gmt":"2021-11-22T15:29:48","guid":{"rendered":"https:\/\/ludica.uqo.ca\/?page_id=3075"},"modified":"2021-11-22T15:54:01","modified_gmt":"2021-11-22T15:54:01","slug":"articles","status":"publish","type":"page","link":"https:\/\/ludica.uqo.ca\/index.php\/articles\/","title":{"rendered":"Articles"},"content":{"rendered":"\n<div class=\"wp-container-4 wp-block-columns\">\n<div class=\"wp-container-1 wp-block-column\">\n<p class=\"has-text-align-center\" style=\"font-size:30px\"><strong><a href=\"https:\/\/www.ledevoir.com\/societe\/education\/519577\/education-le-potentiel-des-enfants-autistes\" target=\"_blank\" rel=\"noreferrer noopener\">Le potentiel des enfants autistes &#8211; Le devoir<\/a><\/strong><\/p>\n<\/div>\n\n\n\n<div class=\"wp-container-2 wp-block-column\">\n<p class=\"has-text-align-center\" style=\"font-size:30px\"><strong><a href=\"https:\/\/lactualite.com\/societe\/repenser-lautisme\/\" target=\"_blank\" rel=\"noreferrer noopener\">Repenser l&rsquo;autisme &#8211; L&rsquo;actualit\u00e9<\/a><\/strong><\/p>\n<\/div>\n\n\n\n<div class=\"wp-container-3 wp-block-column\">\n<p class=\"has-text-align-center\" style=\"font-size:30px\"><strong><a href=\"https:\/\/www.actualites.uqam.ca\/2019\/autisme-surdiagnostic\" target=\"_blank\" rel=\"noreferrer noopener\">L&rsquo;autisme surdiagnostiqu\u00e9?<\/a><\/strong><\/p>\n<\/div>\n<\/div>\n","protected":false},"excerpt":{"rendered":"<p>Le potentiel des enfants autistes &#8211; Le devoir Repenser l&rsquo;autisme &#8211; L&rsquo;actualit\u00e9 L&rsquo;autisme surdiagnostiqu\u00e9?<\/p>\n","protected":false},"author":1,"featured_media":0,"parent":0,"menu_order":0,"comment_status":"closed","ping_status":"closed","template":"","meta":[],"yoast_head":"<!-- This site is optimized with the Yoast SEO plugin v19.6 - https:\/\/yoast.com\/wordpress\/plugins\/seo\/ -->\n<title>Articles - LUDICA<\/title>\n<meta name=\"robots\" content=\"index, follow, max-snippet:-1, max-image-preview:large, max-video-preview:-1\" \/>\n<link rel=\"canonical\" href=\"https:\/\/ludica.uqo.ca\/index.php\/articles\/\" \/>\n<meta property=\"og:locale\" content=\"fr_FR\" \/>\n<meta property=\"og:type\" content=\"article\" \/>\n<meta property=\"og:title\" content=\"Articles - LUDICA\" \/>\n<meta property=\"og:description\" content=\"Le potentiel des enfants autistes &#8211; Le devoir Repenser l&rsquo;autisme &#8211; L&rsquo;actualit\u00e9 L&rsquo;autisme surdiagnostiqu\u00e9?\" \/>\n<meta property=\"og:url\" content=\"https:\/\/ludica.uqo.ca\/index.php\/articles\/\" \/>\n<meta property=\"og:site_name\" content=\"LUDICA\" \/>\n<meta property=\"article:publisher\" content=\"https:\/\/www.facebook.com\/LABOLUDICA\" \/>\n<meta property=\"article:modified_time\" content=\"2021-11-22T15:54:01+00:00\" \/>\n<meta name=\"twitter:card\" content=\"summary_large_image\" \/>\n<meta name=\"twitter:label1\" content=\"Dur\u00e9e de lecture estim\u00e9e\" \/>\n\t<meta name=\"twitter:data1\" content=\"1 minute\" \/>\n<script type=\"application\/ld+json\" class=\"yoast-schema-graph\">{\"@context\":\"https:\/\/schema.org\",\"@graph\":[{\"@type\":\"WebPage\",\"@id\":\"https:\/\/ludica.uqo.ca\/index.php\/articles\/\",\"url\":\"https:\/\/ludica.uqo.ca\/index.php\/articles\/\",\"name\":\"Articles - LUDICA\",\"isPartOf\":{\"@id\":\"https:\/\/ludica.uqo.ca\/#website\"},\"datePublished\":\"2021-11-22T15:29:48+00:00\",\"dateModified\":\"2021-11-22T15:54:01+00:00\",\"breadcrumb\":{\"@id\":\"https:\/\/ludica.uqo.ca\/index.php\/articles\/#breadcrumb\"},\"inLanguage\":\"fr-FR\",\"potentialAction\":[{\"@type\":\"ReadAction\",\"target\":[\"https:\/\/ludica.uqo.ca\/index.php\/articles\/\"]}]},{\"@type\":\"BreadcrumbList\",\"@id\":\"https:\/\/ludica.uqo.ca\/index.php\/articles\/#breadcrumb\",\"itemListElement\":[{\"@type\":\"ListItem\",\"position\":1,\"name\":\"Accueil\",\"item\":\"https:\/\/ludica.uqo.ca\/\"},{\"@type\":\"ListItem\",\"position\":2,\"name\":\"Articles\"}]},{\"@type\":\"WebSite\",\"@id\":\"https:\/\/ludica.uqo.ca\/#website\",\"url\":\"https:\/\/ludica.uqo.ca\/\",\"name\":\"LUDICA\",\"description\":\"Laboratoire sur l&#039;Unicit\u00e9 et la Diversit\u00e9 des Int\u00e9r\u00eats et des Comportements en Autisme\",\"publisher\":{\"@id\":\"https:\/\/ludica.uqo.ca\/#organization\"},\"potentialAction\":[{\"@type\":\"SearchAction\",\"target\":{\"@type\":\"EntryPoint\",\"urlTemplate\":\"https:\/\/ludica.uqo.ca\/?s={search_term_string}\"},\"query-input\":\"required name=search_term_string\"}],\"inLanguage\":\"fr-FR\"},{\"@type\":\"Organization\",\"@id\":\"https:\/\/ludica.uqo.ca\/#organization\",\"name\":\"LUDICA\",\"url\":\"https:\/\/ludica.uqo.ca\/\",\"sameAs\":[\"https:\/\/www.facebook.com\/LABOLUDICA\"],\"logo\":{\"@type\":\"ImageObject\",\"inLanguage\":\"fr-FR\",\"@id\":\"https:\/\/ludica.uqo.ca\/#\/schema\/logo\/image\/\",\"url\":\"https:\/\/i0.wp.com\/ludica.uqo.ca\/wp-content\/uploads\/2021\/07\/Logo-LUDICA-abrege-e1659980461216.jpg?fit=1585%2C1125&ssl=1\",\"contentUrl\":\"https:\/\/i0.wp.com\/ludica.uqo.ca\/wp-content\/uploads\/2021\/07\/Logo-LUDICA-abrege-e1659980461216.jpg?fit=1585%2C1125&ssl=1\",\"width\":1585,\"height\":1125,\"caption\":\"LUDICA\"},\"image\":{\"@id\":\"https:\/\/ludica.uqo.ca\/#\/schema\/logo\/image\/\"}}]}<\/script>\n<!-- \/ Yoast SEO plugin. -->","yoast_head_json":{"title":"Articles - LUDICA","robots":{"index":"index","follow":"follow","max-snippet":"max-snippet:-1","max-image-preview":"max-image-preview:large","max-video-preview":"max-video-preview:-1"},"canonical":"https:\/\/ludica.uqo.ca\/index.php\/articles\/","og_locale":"fr_FR","og_type":"article","og_title":"Articles - LUDICA","og_description":"Le potentiel des enfants autistes &#8211; Le devoir Repenser l&rsquo;autisme &#8211; L&rsquo;actualit\u00e9 L&rsquo;autisme surdiagnostiqu\u00e9?","og_url":"https:\/\/ludica.uqo.ca\/index.php\/articles\/","og_site_name":"LUDICA","article_publisher":"https:\/\/www.facebook.com\/LABOLUDICA","article_modified_time":"2021-11-22T15:54:01+00:00","twitter_card":"summary_large_image","twitter_misc":{"Dur\u00e9e de lecture estim\u00e9e":"1 minute"},"schema":{"@context":"https:\/\/schema.org","@graph":[{"@type":"WebPage","@id":"https:\/\/ludica.uqo.ca\/index.php\/articles\/","url":"https:\/\/ludica.uqo.ca\/index.php\/articles\/","name":"Articles - LUDICA","isPartOf":{"@id":"https:\/\/ludica.uqo.ca\/#website"},"datePublished":"2021-11-22T15:29:48+00:00","dateModified":"2021-11-22T15:54:01+00:00","breadcrumb":{"@id":"https:\/\/ludica.uqo.ca\/index.php\/articles\/#breadcrumb"},"inLanguage":"fr-FR","potentialAction":[{"@type":"ReadAction","target":["https:\/\/ludica.uqo.ca\/index.php\/articles\/"]}]},{"@type":"BreadcrumbList","@id":"https:\/\/ludica.uqo.ca\/index.php\/articles\/#breadcrumb","itemListElement":[{"@type":"ListItem","position":1,"name":"Accueil","item":"https:\/\/ludica.uqo.ca\/"},{"@type":"ListItem","position":2,"name":"Articles"}]},{"@type":"WebSite","@id":"https:\/\/ludica.uqo.ca\/#website","url":"https:\/\/ludica.uqo.ca\/","name":"LUDICA","description":"Laboratoire sur l&#039;Unicit\u00e9 et la Diversit\u00e9 des Int\u00e9r\u00eats et des Comportements en Autisme","publisher":{"@id":"https:\/\/ludica.uqo.ca\/#organization"},"potentialAction":[{"@type":"SearchAction","target":{"@type":"EntryPoint","urlTemplate":"https:\/\/ludica.uqo.ca\/?s={search_term_string}"},"query-input":"required name=search_term_string"}],"inLanguage":"fr-FR"},{"@type":"Organization","@id":"https:\/\/ludica.uqo.ca\/#organization","name":"LUDICA","url":"https:\/\/ludica.uqo.ca\/","sameAs":["https:\/\/www.facebook.com\/LABOLUDICA"],"logo":{"@type":"ImageObject","inLanguage":"fr-FR","@id":"https:\/\/ludica.uqo.ca\/#\/schema\/logo\/image\/","url":"https:\/\/i0.wp.com\/ludica.uqo.ca\/wp-content\/uploads\/2021\/07\/Logo-LUDICA-abrege-e1659980461216.jpg?fit=1585%2C1125&ssl=1","contentUrl":"https:\/\/i0.wp.com\/ludica.uqo.ca\/wp-content\/uploads\/2021\/07\/Logo-LUDICA-abrege-e1659980461216.jpg?fit=1585%2C1125&ssl=1","width":1585,"height":1125,"caption":"LUDICA"},"image":{"@id":"https:\/\/ludica.uqo.ca\/#\/schema\/logo\/image\/"}}]}},"_links":{"self":[{"href":"https:\/\/ludica.uqo.ca\/index.php\/wp-json\/wp\/v2\/pages\/3075"}],"collection":[{"href":"https:\/\/ludica.uqo.ca\/index.php\/wp-json\/wp\/v2\/pages"}],"about":[{"href":"https:\/\/ludica.uqo.ca\/index.php\/wp-json\/wp\/v2\/types\/page"}],"author":[{"embeddable":true,"href":"https:\/\/ludica.uqo.ca\/index.php\/wp-json\/wp\/v2\/users\/1"}],"replies":[{"embeddable":true,"href":"https:\/\/ludica.uqo.ca\/index.php\/wp-json\/wp\/v2\/comments?post=3075"}],"version-history":[{"count":3,"href":"https:\/\/ludica.uqo.ca\/index.php\/wp-json\/wp\/v2\/pages\/3075\/revisions"}],"predecessor-version":[{"id":3100,"href":"https:\/\/ludica.uqo.ca\/index.php\/wp-json\/wp\/v2\/pages\/3075\/revisions\/3100"}],"wp:attachment":[{"href":"https:\/\/ludica.uqo.ca\/index.php\/wp-json\/wp\/v2\/media?parent=3075"}],"curies":[{"name":"wp","href":"https:\/\/api.w.org\/{rel}","templated":true}]}}