{"id":4399,"date":"2022-08-31T14:21:17","date_gmt":"2022-08-31T14:21:17","guid":{"rendered":"https:\/\/ludica.uqo.ca\/?page_id=4399"},"modified":"2025-08-19T02:20:25","modified_gmt":"2025-08-19T02:20:25","slug":"anh-bonenfant-2","status":"publish","type":"page","link":"https:\/\/ludica.uqo.ca\/index.php\/anh-bonenfant-2\/","title":{"rendered":"Anh Bonenfant"},"content":{"rendered":"\n<div class=\"wp-block-media-text alignwide is-stacked-on-mobile\" style=\"grid-template-columns:31% auto\"><figure class=\"wp-block-media-text__media\"><img loading=\"lazy\" width=\"745\" height=\"1024\" src=\"https:\/\/i0.wp.com\/ludica.uqo.ca\/wp-content\/uploads\/2022\/08\/Anh-Bonenfant-e1661960671834-745x1024.jpg?resize=745%2C1024&#038;ssl=1\" alt=\"\" class=\"wp-image-4371 size-full\" srcset=\"https:\/\/i0.wp.com\/ludica.uqo.ca\/wp-content\/uploads\/2022\/08\/Anh-Bonenfant-e1661960671834.jpg?resize=745%2C1024&amp;ssl=1 745w, https:\/\/i0.wp.com\/ludica.uqo.ca\/wp-content\/uploads\/2022\/08\/Anh-Bonenfant-e1661960671834.jpg?resize=218%2C300&amp;ssl=1 218w, https:\/\/i0.wp.com\/ludica.uqo.ca\/wp-content\/uploads\/2022\/08\/Anh-Bonenfant-e1661960671834.jpg?resize=768%2C1056&amp;ssl=1 768w, https:\/\/i0.wp.com\/ludica.uqo.ca\/wp-content\/uploads\/2022\/08\/Anh-Bonenfant-e1661960671834.jpg?resize=1117%2C1536&amp;ssl=1 1117w, https:\/\/i0.wp.com\/ludica.uqo.ca\/wp-content\/uploads\/2022\/08\/Anh-Bonenfant-e1661960671834.jpg?resize=1490%2C2048&amp;ssl=1 1490w, https:\/\/i0.wp.com\/ludica.uqo.ca\/wp-content\/uploads\/2022\/08\/Anh-Bonenfant-e1661960671834.jpg?resize=17%2C24&amp;ssl=1 17w, https:\/\/i0.wp.com\/ludica.uqo.ca\/wp-content\/uploads\/2022\/08\/Anh-Bonenfant-e1661960671834.jpg?resize=26%2C36&amp;ssl=1 26w, https:\/\/i0.wp.com\/ludica.uqo.ca\/wp-content\/uploads\/2022\/08\/Anh-Bonenfant-e1661960671834.jpg?resize=35%2C48&amp;ssl=1 35w, https:\/\/i0.wp.com\/ludica.uqo.ca\/wp-content\/uploads\/2022\/08\/Anh-Bonenfant-e1661960671834.jpg?w=1519&amp;ssl=1 1519w\" sizes=\"(max-width: 745px) 100vw, 745px\" data-recalc-dims=\"1\" \/><\/figure><div class=\"wp-block-media-text__content\">\n<h1 class=\"has-text-align-center has-suki-color-8-color has-text-color\" style=\"font-size:30px\">\u00c9tudiante au doctorat en psychologie <br>(D.Psy.) &#8211; UdeM<\/h1>\n\n\n\n<p class=\"has-text-align-center has-text-color\" style=\"color:#05949e;font-size:28px\">2024-2027<\/p>\n\n\n\n<hr class=\"wp-block-separator has-text-color has-css-opacity has-background is-style-wide\" style=\"background-color:#cfcece;color:#cfcece\"\/>\n\n\n\n<h1 style=\"font-size:19px\">Profil \u00e0 venir<\/h1>\n<\/div><\/div>\n\n\n\n<div class=\"wp-container-6 wp-block-group\"><div class=\"wp-block-group__inner-container\">\n<div class=\"wp-container-5 wp-block-columns\">\n<div class=\"wp-container-2 wp-block-column\" style=\"flex-basis:40%\">\n<div class=\"wp-container-1 wp-block-group\"><div class=\"wp-block-group__inner-container\">\n<h1 class=\"has-text-align-center\" style=\"font-size:18px\"><strong>Projet de recherche<\/strong><br>Cr\u00e9ation d\u2019un catalogue vid\u00e9oscopique des signes qualitatifs de l\u2019autisme prototypique<\/h1>\n<\/div><\/div>\n<\/div>\n\n\n\n<div class=\"wp-container-3 wp-block-column\" style=\"flex-basis:20%\"><\/div>\n\n\n\n<div class=\"wp-container-4 wp-block-column\" style=\"flex-basis:38%\"><\/div>\n<\/div>\n<\/div><\/div>\n\n\n\n<h1 class=\"has-regular-font-size\" id=\"block-c9de36f0-1a50-4326-a955-ca61329f3255\"><div class=\"su-spoiler su-spoiler-style-fancy su-spoiler-icon-chevron\" data-scroll-offset=\"0\" data-anchor-in-url=\"no\"><div class=\"su-spoiler-title\" tabindex=\"0\" role=\"button\"><span class=\"su-spoiler-icon\"><\/span>Bourses et distinctions<\/div><div class=\"su-spoiler-content su-u-clearfix su-u-trim\">Bourse d\u2019\u00e9tudes sup\u00e9rieures du Canada \u00e0 la maitrise (BESC M) <strong>| Institut de Recherche en Sant\u00e9 du Canada (IRSC)<\/strong><br><strong><em>2022-2023<\/em><\/strong><br><br>Bourse d\u2019\u00e9tudes <strong>| Stage 1<sup>er<\/sup> cycle Facult\u00e9 des arts et sciences de l\u2019Universit\u00e9 de Montr\u00e9al <br><em>2020<\/em><\/strong><\/div><\/div><\/h1>\n\n\n\n<h1 class=\"has-regular-font-size\"><div class=\"su-spoiler su-spoiler-style-fancy su-spoiler-icon-chevron su-spoiler-closed\" data-scroll-offset=\"0\" data-anchor-in-url=\"no\"><div class=\"su-spoiler-title\" tabindex=\"0\" role=\"button\"><span class=\"su-spoiler-icon\"><\/span>Int\u00e9r\u00eats de recherche<\/div><div class=\"su-spoiler-content su-u-clearfix su-u-trim\">Anh s\u2019int\u00e9resse particuli\u00e8rement aux signes qualitatifs prototypiques du spectre de l\u2019autisme. En effet, son m\u00e9moire tente de r\u00e9pondre au besoin de cr\u00e9er un mod\u00e8le diagnostic concret du ph\u00e9notype du centre de la cat\u00e9gorie autisme (prototypique). Le diagnostic de l\u2019autisme repose sur la d\u00e9tection de comportements d\u00e9finis par des descriptions relativement abstraites. Son projet propose de se concentrer sur les aspects qualitatifs de l\u2019autisme, plus pr\u00e9cis\u00e9ment dans l\u2019aire des comportements r\u00e9p\u00e9titifs et int\u00e9r\u00eats restreints. L\u2019objectif de cette \u00e9tude est de tester l\u2019hypoth\u00e8se que le jugement clinique appliqu\u00e9 lors du diagnostic du trouble du spectre de l\u2019autisme est similaire chez les cliniciens. Les signes qualitatifs ne seront pas pr\u00e9sent\u00e9s aux cliniciens par des \u00e9nonc\u00e9s verbaux, mais bien des vid\u00e9os ce qui se rapproche beaucoup plus de la r\u00e9alit\u00e9 observ\u00e9e (moins d\u2019abstraction).<\/div><\/div><\/h1>\n\n\n\n<h1 class=\"has-regular-font-size\" id=\"block-8abb3f28-97c8-4fb8-b356-cc72aaac56a9\"><div class=\"su-spoiler su-spoiler-style-fancy su-spoiler-icon-chevron su-spoiler-closed\" data-scroll-offset=\"0\" data-anchor-in-url=\"no\"><div class=\"su-spoiler-title\" tabindex=\"0\" role=\"button\"><span class=\"su-spoiler-icon\"><\/span>Contributions scientifiques choisies<\/div><div class=\"su-spoiler-content su-u-clearfix su-u-trim\"><strong>Pr\u00e9sentations affich\u00e9es (r\u00e9vis\u00e9es par les pairs)<\/strong><br><strong>Bonenfant, A.<\/strong> Boucher, O., Robert, M., et Nguyen, D.K. (20 mai 2022) Les d\u00e9charges \u00e9pileptiformes et la cognition en voiture: une \u00e9tude de cas. 44<sup>e<\/sup> congr\u00e8s annuel de la Soci\u00e9t\u00e9 qu\u00e9b\u00e9coise pour la recherche en psychologie (SQRP). [Pr\u00e9sentation affich\u00e9e]. Saint-Sauveur, Qu\u00e9bec, Canada.<br><br><strong>Bonenfant, A.<\/strong> Boucher, O., Robert, M., et Nguyen, D.K. (18 mai 2022) Impact des d\u00e9charges \u00e9pileptiques sous-cliniques sur la conduite automobile : \u00e9tude de cas aupr\u00e8s d\u2019un patient avec crises de type absence. 15<sup>e<\/sup> Journ\u00e9e scientifique du D\u00e9partement de psychologie de l\u2019Universit\u00e9 de Montr\u00e9al, Qu\u00e9bec, Canada. (En ligne)<br><br><strong>Bonenfant, A.<\/strong> Boucher, O., Robert, M., Nolet, K.I. et Nguyen, D.K. (9 novembre 2021) Impact des d\u00e9charges \u00e9pileptiques sous-cliniques sur la conduite automobile : \u00e9tude de cas aupr\u00e8s d\u2019un patient avec crises de type absence. 4<sup>e<\/sup> Journ\u00e9e scientifique du d\u00e9partement de neurosciences, facult\u00e9 de m\u00e9decine de l\u2019Universit\u00e9 de Montr\u00e9al, Qu\u00e9bec, Canada. (En ligne)<br><br>Desrosiers, J., <strong>Bonenfant, A.<\/strong> et Mottron, L. (5 novembre 2021) \u00c9tude de cas d\u2019un autiste adulte avec des capacit\u00e9s exceptionnelles de calcul de calendrier [Pr\u00e9sentation affich\u00e9e]. Journ\u00e9e de la Recherche du CIUSSS-NIM 2021, Montr\u00e9al, Qu\u00e9bec, Canada. (En ligne)<br><br><strong>Bonenfant, A.<\/strong>, Desrosiers, J., Jacques, C. et Mottron, L.&nbsp; (5 novembre 2021) Devis&nbsp;: Cr\u00e9ation d\u2019un catalogue vid\u00e9oscopique de signes qualitatifs potentiellement pathognomoniques de l\u2019autisme prototypique dans la population d\u2019enfants 2-6 ans r\u00e9f\u00e9r\u00e9e \u00e0 l\u2019H\u00f4pital en sant\u00e9 mentale Rivi\u00e8re-des-Prairies. [Pr\u00e9sentation affich\u00e9e]. Journ\u00e9e de la Recherche du CIUSSS-NIM 2021, Montr\u00e9al, Qu\u00e9bec, Canada. (En ligne)<br><br><strong>Bonenfant, A<\/strong>.*, Jasmin, M.*, El-Housseini, A., Rosinvil, T., Postuma, R., Carrier, J. et Gagnon, J.-F. (12 mai 2021) L\u2019\u00e9tude du d\u00e9clin des fonctions visuoconstructives dans la maladie de Parkinson. 14e Journ\u00e9e scientifique du D\u00e9partement de psychologie de l\u2019Universit\u00e9 de Montr\u00e9al, Qu\u00e9bec, Canada. (En ligne)<br><br>*Contribution \u00e9gale des auteurs<\/div><\/div><\/h1>\n\n\n\n<h1 class=\"has-regular-font-size\"><div class=\"su-spoiler su-spoiler-style-fancy su-spoiler-icon-chevron su-spoiler-closed\" data-scroll-offset=\"0\" data-anchor-in-url=\"no\"><div class=\"su-spoiler-title\" tabindex=\"0\" role=\"button\"><span class=\"su-spoiler-icon\"><\/span>Passions et int\u00e9r\u00eats cliniques<\/div><div class=\"su-spoiler-content su-u-clearfix su-u-trim\">Anh s\u2019int\u00e9resse particuli\u00e8rement aux troubles neurod\u00e9veloppementaux ainsi qu\u2019au d\u00e9veloppement psychomoteur chez l\u2019enfant. Remplie d\u2019ambitions, elle souhaite un jour s\u2019impliquer dans le syst\u00e8me de la sant\u00e9 qu\u00e9b\u00e9cois. Pour le moment, elle se concentre surtout sur ses \u00e9tudes et son implication au sein du groupe de recherche. <br><br>Lorsqu\u2019elle n\u2019a pas le nez plong\u00e9 dans un livre pour ses \u00e9tudes ou pour le loisir, on peut la retrouver avec ses amis \u00e0 l\u2019ext\u00e9rieur. Elle a cependant une pr\u00e9f\u00e9rence pour un petit \u00eatre en particulier dans sa vie; son support et acolyte de tous les jours; Moka, son chat. \u00c0 part son amour pour les petits f\u00e9lins, elle aime voyager. Elle a eu la chance de voyager en France, aux Cara\u00efbes, bref un peu partout dans le monde.<\/div><\/div><\/h1>\n","protected":false},"excerpt":{"rendered":"<p>Projet de rechercheCr\u00e9ation d\u2019un catalogue vid\u00e9oscopique des signes qualitatifs de l\u2019autisme prototypique<\/p>\n","protected":false},"author":1,"featured_media":0,"parent":0,"menu_order":0,"comment_status":"closed","ping_status":"closed","template":"","meta":[],"yoast_head":"<!-- This site is optimized with the Yoast SEO plugin v19.6 - https:\/\/yoast.com\/wordpress\/plugins\/seo\/ -->\n<title>Anh Bonenfant - LUDICA<\/title>\n<meta name=\"robots\" content=\"index, follow, max-snippet:-1, max-image-preview:large, max-video-preview:-1\" \/>\n<link rel=\"canonical\" href=\"https:\/\/ludica.uqo.ca\/index.php\/anh-bonenfant-2\/\" \/>\n<meta property=\"og:locale\" content=\"fr_FR\" \/>\n<meta property=\"og:type\" content=\"article\" \/>\n<meta property=\"og:title\" content=\"Anh Bonenfant - LUDICA\" \/>\n<meta property=\"og:description\" content=\"Projet de rechercheCr\u00e9ation d\u2019un catalogue vid\u00e9oscopique des signes qualitatifs de l\u2019autisme prototypique\" \/>\n<meta property=\"og:url\" content=\"https:\/\/ludica.uqo.ca\/index.php\/anh-bonenfant-2\/\" \/>\n<meta property=\"og:site_name\" content=\"LUDICA\" \/>\n<meta property=\"article:publisher\" content=\"https:\/\/www.facebook.com\/LABOLUDICA\" \/>\n<meta property=\"article:modified_time\" content=\"2025-08-19T02:20:25+00:00\" \/>\n<meta property=\"og:image\" content=\"https:\/\/ludica.uqo.ca\/wp-content\/uploads\/2022\/08\/Anh-Bonenfant-e1661960671834-745x1024.jpg\" \/>\n<meta name=\"twitter:card\" content=\"summary_large_image\" \/>\n<meta name=\"twitter:label1\" content=\"Dur\u00e9e de lecture estim\u00e9e\" \/>\n\t<meta name=\"twitter:data1\" content=\"4 minutes\" \/>\n<script type=\"application\/ld+json\" class=\"yoast-schema-graph\">{\"@context\":\"https:\/\/schema.org\",\"@graph\":[{\"@type\":\"WebPage\",\"@id\":\"https:\/\/ludica.uqo.ca\/index.php\/anh-bonenfant-2\/\",\"url\":\"https:\/\/ludica.uqo.ca\/index.php\/anh-bonenfant-2\/\",\"name\":\"Anh Bonenfant - LUDICA\",\"isPartOf\":{\"@id\":\"https:\/\/ludica.uqo.ca\/#website\"},\"datePublished\":\"2022-08-31T14:21:17+00:00\",\"dateModified\":\"2025-08-19T02:20:25+00:00\",\"breadcrumb\":{\"@id\":\"https:\/\/ludica.uqo.ca\/index.php\/anh-bonenfant-2\/#breadcrumb\"},\"inLanguage\":\"fr-FR\",\"potentialAction\":[{\"@type\":\"ReadAction\",\"target\":[\"https:\/\/ludica.uqo.ca\/index.php\/anh-bonenfant-2\/\"]}]},{\"@type\":\"BreadcrumbList\",\"@id\":\"https:\/\/ludica.uqo.ca\/index.php\/anh-bonenfant-2\/#breadcrumb\",\"itemListElement\":[{\"@type\":\"ListItem\",\"position\":1,\"name\":\"Accueil\",\"item\":\"https:\/\/ludica.uqo.ca\/\"},{\"@type\":\"ListItem\",\"position\":2,\"name\":\"Anh Bonenfant\"}]},{\"@type\":\"WebSite\",\"@id\":\"https:\/\/ludica.uqo.ca\/#website\",\"url\":\"https:\/\/ludica.uqo.ca\/\",\"name\":\"LUDICA\",\"description\":\"Laboratoire sur l&#039;Unicit\u00e9 et la Diversit\u00e9 des Int\u00e9r\u00eats et des Comportements en Autisme\",\"publisher\":{\"@id\":\"https:\/\/ludica.uqo.ca\/#organization\"},\"potentialAction\":[{\"@type\":\"SearchAction\",\"target\":{\"@type\":\"EntryPoint\",\"urlTemplate\":\"https:\/\/ludica.uqo.ca\/?s={search_term_string}\"},\"query-input\":\"required name=search_term_string\"}],\"inLanguage\":\"fr-FR\"},{\"@type\":\"Organization\",\"@id\":\"https:\/\/ludica.uqo.ca\/#organization\",\"name\":\"LUDICA\",\"url\":\"https:\/\/ludica.uqo.ca\/\",\"sameAs\":[\"https:\/\/www.facebook.com\/LABOLUDICA\"],\"logo\":{\"@type\":\"ImageObject\",\"inLanguage\":\"fr-FR\",\"@id\":\"https:\/\/ludica.uqo.ca\/#\/schema\/logo\/image\/\",\"url\":\"https:\/\/i0.wp.com\/ludica.uqo.ca\/wp-content\/uploads\/2021\/07\/Logo-LUDICA-abrege-e1659980461216.jpg?fit=1585%2C1125&ssl=1\",\"contentUrl\":\"https:\/\/i0.wp.com\/ludica.uqo.ca\/wp-content\/uploads\/2021\/07\/Logo-LUDICA-abrege-e1659980461216.jpg?fit=1585%2C1125&ssl=1\",\"width\":1585,\"height\":1125,\"caption\":\"LUDICA\"},\"image\":{\"@id\":\"https:\/\/ludica.uqo.ca\/#\/schema\/logo\/image\/\"}}]}<\/script>\n<!-- \/ Yoast SEO plugin. -->","yoast_head_json":{"title":"Anh Bonenfant - LUDICA","robots":{"index":"index","follow":"follow","max-snippet":"max-snippet:-1","max-image-preview":"max-image-preview:large","max-video-preview":"max-video-preview:-1"},"canonical":"https:\/\/ludica.uqo.ca\/index.php\/anh-bonenfant-2\/","og_locale":"fr_FR","og_type":"article","og_title":"Anh Bonenfant - LUDICA","og_description":"Projet de rechercheCr\u00e9ation d\u2019un catalogue vid\u00e9oscopique des signes qualitatifs de l\u2019autisme prototypique","og_url":"https:\/\/ludica.uqo.ca\/index.php\/anh-bonenfant-2\/","og_site_name":"LUDICA","article_publisher":"https:\/\/www.facebook.com\/LABOLUDICA","article_modified_time":"2025-08-19T02:20:25+00:00","og_image":[{"url":"https:\/\/ludica.uqo.ca\/wp-content\/uploads\/2022\/08\/Anh-Bonenfant-e1661960671834-745x1024.jpg"}],"twitter_card":"summary_large_image","twitter_misc":{"Dur\u00e9e de lecture estim\u00e9e":"4 minutes"},"schema":{"@context":"https:\/\/schema.org","@graph":[{"@type":"WebPage","@id":"https:\/\/ludica.uqo.ca\/index.php\/anh-bonenfant-2\/","url":"https:\/\/ludica.uqo.ca\/index.php\/anh-bonenfant-2\/","name":"Anh Bonenfant - LUDICA","isPartOf":{"@id":"https:\/\/ludica.uqo.ca\/#website"},"datePublished":"2022-08-31T14:21:17+00:00","dateModified":"2025-08-19T02:20:25+00:00","breadcrumb":{"@id":"https:\/\/ludica.uqo.ca\/index.php\/anh-bonenfant-2\/#breadcrumb"},"inLanguage":"fr-FR","potentialAction":[{"@type":"ReadAction","target":["https:\/\/ludica.uqo.ca\/index.php\/anh-bonenfant-2\/"]}]},{"@type":"BreadcrumbList","@id":"https:\/\/ludica.uqo.ca\/index.php\/anh-bonenfant-2\/#breadcrumb","itemListElement":[{"@type":"ListItem","position":1,"name":"Accueil","item":"https:\/\/ludica.uqo.ca\/"},{"@type":"ListItem","position":2,"name":"Anh Bonenfant"}]},{"@type":"WebSite","@id":"https:\/\/ludica.uqo.ca\/#website","url":"https:\/\/ludica.uqo.ca\/","name":"LUDICA","description":"Laboratoire sur l&#039;Unicit\u00e9 et la Diversit\u00e9 des Int\u00e9r\u00eats et des Comportements en Autisme","publisher":{"@id":"https:\/\/ludica.uqo.ca\/#organization"},"potentialAction":[{"@type":"SearchAction","target":{"@type":"EntryPoint","urlTemplate":"https:\/\/ludica.uqo.ca\/?s={search_term_string}"},"query-input":"required name=search_term_string"}],"inLanguage":"fr-FR"},{"@type":"Organization","@id":"https:\/\/ludica.uqo.ca\/#organization","name":"LUDICA","url":"https:\/\/ludica.uqo.ca\/","sameAs":["https:\/\/www.facebook.com\/LABOLUDICA"],"logo":{"@type":"ImageObject","inLanguage":"fr-FR","@id":"https:\/\/ludica.uqo.ca\/#\/schema\/logo\/image\/","url":"https:\/\/i0.wp.com\/ludica.uqo.ca\/wp-content\/uploads\/2021\/07\/Logo-LUDICA-abrege-e1659980461216.jpg?fit=1585%2C1125&ssl=1","contentUrl":"https:\/\/i0.wp.com\/ludica.uqo.ca\/wp-content\/uploads\/2021\/07\/Logo-LUDICA-abrege-e1659980461216.jpg?fit=1585%2C1125&ssl=1","width":1585,"height":1125,"caption":"LUDICA"},"image":{"@id":"https:\/\/ludica.uqo.ca\/#\/schema\/logo\/image\/"}}]}},"_links":{"self":[{"href":"https:\/\/ludica.uqo.ca\/index.php\/wp-json\/wp\/v2\/pages\/4399"}],"collection":[{"href":"https:\/\/ludica.uqo.ca\/index.php\/wp-json\/wp\/v2\/pages"}],"about":[{"href":"https:\/\/ludica.uqo.ca\/index.php\/wp-json\/wp\/v2\/types\/page"}],"author":[{"embeddable":true,"href":"https:\/\/ludica.uqo.ca\/index.php\/wp-json\/wp\/v2\/users\/1"}],"replies":[{"embeddable":true,"href":"https:\/\/ludica.uqo.ca\/index.php\/wp-json\/wp\/v2\/comments?post=4399"}],"version-history":[{"count":20,"href":"https:\/\/ludica.uqo.ca\/index.php\/wp-json\/wp\/v2\/pages\/4399\/revisions"}],"predecessor-version":[{"id":5998,"href":"https:\/\/ludica.uqo.ca\/index.php\/wp-json\/wp\/v2\/pages\/4399\/revisions\/5998"}],"wp:attachment":[{"href":"https:\/\/ludica.uqo.ca\/index.php\/wp-json\/wp\/v2\/media?parent=4399"}],"curies":[{"name":"wp","href":"https:\/\/api.w.org\/{rel}","templated":true}]}}