{"id":5253,"date":"2024-08-27T20:11:47","date_gmt":"2024-08-27T20:11:47","guid":{"rendered":"https:\/\/ludica.uqo.ca\/?page_id=5253"},"modified":"2026-05-13T20:49:08","modified_gmt":"2026-05-13T20:49:08","slug":"etudiantes-graduees","status":"publish","type":"page","link":"https:\/\/ludica.uqo.ca\/index.php\/etudiantes-graduees\/","title":{"rendered":"\u00c9tudiantes gradu\u00e9es"},"content":{"rendered":"\n<h1 class=\"has-text-align-center has-white-color has-text-color has-background\" style=\"background-color:#33a3ae;font-size:30px;line-height:0.5\"><strong>\u00c9tudiantes gradu\u00e9es<\/strong><\/h1>\n\n\n<style id=\"kb-spacer_47d9b0-2e\">.wp-block-kadence-spacer.kt-block-spacer-_47d9b0-2e .kt-block-spacer{height:20px;}.wp-block-kadence-spacer.kt-block-spacer-_47d9b0-2e .kt-divider{width:80%;}<\/style>\n<div class=\"wp-block-kadence-spacer aligncenter kt-block-spacer-_47d9b0-2e\"><div class=\"kt-block-spacer kt-block-spacer-halign-center\"><hr class=\"kt-divider\"\/><\/div><\/div>\n\n\n\n<div class=\"wp-container-4 wp-block-columns is-not-stacked-on-mobile\">\n<div class=\"wp-container-1 wp-block-column\"><div class=\"wp-block-image\">\n<figure class=\"aligncenter size-large is-resized\"><img loading=\"lazy\" src=\"https:\/\/i0.wp.com\/ludica.uqo.ca\/wp-content\/uploads\/2021\/07\/223209699_228345305827757_6138257244778395903_n.jpg?resize=240%2C320&#038;ssl=1\" alt=\"\" class=\"wp-image-1446\" width=\"240\" height=\"320\" data-recalc-dims=\"1\" \/><\/figure><\/div>\n\n\n<p class=\"has-text-align-center\"><a href=\"https:\/\/ludica.uqo.ca\/index.php\/katarina-sotelo\/\" target=\"_blank\" rel=\"noreferrer noopener\"><strong>Dre Katerina Soleto<\/strong>, <strong>Psy. D.<\/strong><\/a><br>\u00c9tudiante gradu\u00e9e du doctorat en neuropsychologie clinique (D. Psy.) \u00e0 l&rsquo;Universit\u00e9 du Qu\u00e9bec en Outaouais. <\/p>\n<\/div>\n\n\n\n<div class=\"wp-container-2 wp-block-column\"><div class=\"wp-block-image\">\n<figure class=\"aligncenter size-large is-resized\"><img loading=\"lazy\" src=\"https:\/\/i0.wp.com\/ludica.uqo.ca\/wp-content\/uploads\/slider2\/photolabo.jpeg?resize=240%2C320&#038;ssl=1\" alt=\"\" class=\"wp-image-5020\" width=\"240\" height=\"320\" srcset=\"https:\/\/i0.wp.com\/ludica.uqo.ca\/wp-content\/uploads\/slider2\/photolabo-scaled.jpeg?resize=17%2C24&amp;ssl=1 17w, https:\/\/i0.wp.com\/ludica.uqo.ca\/wp-content\/uploads\/slider2\/photolabo-scaled.jpeg?zoom=2&amp;resize=240%2C320&amp;ssl=1 480w, https:\/\/i0.wp.com\/ludica.uqo.ca\/wp-content\/uploads\/slider2\/photolabo-scaled.jpeg?zoom=3&amp;resize=240%2C320&amp;ssl=1 720w\" sizes=\"(max-width: 240px) 100vw, 240px\" data-recalc-dims=\"1\" \/><\/figure><\/div>\n\n\n<p class=\"has-text-align-center\"><strong><a href=\"https:\/\/ludica.uqo.ca\/index.php\/agnes-ethier-2\/\">Dre Agn\u00e8s Ethier, Psy. D.<\/a><\/strong><br>\u00c9tudiante gradu\u00e9e du doctorat en neuropsychologie clinique (D. Psy.) \u00e0 l&rsquo;Universit\u00e9 du Qu\u00e9bec en Outaouais.<\/p>\n<\/div>\n\n\n\n<div class=\"wp-container-3 wp-block-column\"><div class=\"wp-block-image\">\n<figure class=\"aligncenter size-large is-resized\"><img loading=\"lazy\" src=\"https:\/\/i0.wp.com\/ludica.uqo.ca\/wp-content\/uploads\/2021\/07\/photo-catherine-2.jpg?resize=240%2C320&#038;ssl=1\" alt=\"\" class=\"wp-image-655\" width=\"240\" height=\"320\" data-recalc-dims=\"1\" \/><\/figure><\/div>\n\n\n<p class=\"has-text-align-center\"><a href=\"https:\/\/ludica.uqo.ca\/index.php\/catherine-brisebois\/\" target=\"_blank\" rel=\"noreferrer noopener\"><strong><strong>Dre Catherine Brisebois<\/strong><\/strong>, <strong>Psy. D.<\/strong><\/a><br>\u00c9tudiante gradu\u00e9e \u00e0 la ma\u00eetrise en psycho\u00e9ducation \u00e0 l&rsquo;Universit\u00e9 du Qu\u00e9bec en Outaouais<\/p>\n<\/div>\n<\/div>\n\n\n\n<div style=\"height:20px\" aria-hidden=\"true\" class=\"wp-block-spacer\"><\/div>\n\n\n\n<div class=\"wp-container-8 wp-block-columns is-not-stacked-on-mobile\">\n<div class=\"wp-container-5 wp-block-column\"><div class=\"wp-block-image\">\n<figure class=\"aligncenter size-large is-resized\"><img loading=\"lazy\" src=\"https:\/\/i0.wp.com\/ludica.uqo.ca\/wp-content\/uploads\/2021\/07\/Photo-chloee-2.jpg?resize=240%2C320&#038;ssl=1\" alt=\"\" class=\"wp-image-650\" width=\"240\" height=\"320\" data-recalc-dims=\"1\" \/><\/figure><\/div>\n\n\n<p class=\"has-text-align-center\"><a href=\"https:\/\/ludica.uqo.ca\/index.php\/chloee-belley\/\" target=\"_blank\" rel=\"noreferrer noopener\"><strong>Clo\u00e9 Belley, psycho\u00e9ducatrice<\/strong><\/a><br>\u00c9tudiante gradu\u00e9e \u00e0 la maitrise en psycho\u00e9ducation profil m\u00e9moire (M.Sc) \u00e0 l&rsquo;Universit\u00e9 du Qu\u00e9bec en Outaouais<em>. <\/em><\/p>\n<\/div>\n\n\n\n<div class=\"wp-container-6 wp-block-column\"><div class=\"wp-block-image\">\n<figure class=\"aligncenter size-large is-resized\"><img loading=\"lazy\" src=\"https:\/\/i0.wp.com\/ludica.uqo.ca\/wp-content\/uploads\/2021\/07\/ariane-2.jpg?resize=240%2C320&#038;ssl=1\" alt=\"\" class=\"wp-image-666\" width=\"240\" height=\"320\" data-recalc-dims=\"1\" \/><\/figure><\/div>\n\n\n<p class=\"has-text-align-center\"><strong><a href=\"https:\/\/ludica.uqo.ca\/index.php\/ariane-charbonneau\/\" target=\"_blank\" rel=\"noreferrer noopener\">Arianne Chabonneau, psycho\u00e9ducatice<\/a><\/strong><br>\u00c9tudiante gradu\u00e9e \u00e0 la maitrise en psycho\u00e9ducation profil m\u00e9moire (M.Sc) \u00e0 l&rsquo;Universit\u00e9 du Qu\u00e9bec en Outaouais.<\/p>\n<\/div>\n\n\n\n<div class=\"wp-container-7 wp-block-column\"><div class=\"wp-block-image\">\n<figure class=\"aligncenter size-large is-resized\"><img loading=\"lazy\" src=\"https:\/\/i0.wp.com\/ludica.uqo.ca\/wp-content\/uploads\/2021\/11\/259541289_4958446070832667_733320175455792372_n.jpg?resize=240%2C320&#038;ssl=1\" alt=\"\" class=\"wp-image-3138\" width=\"240\" height=\"320\" srcset=\"https:\/\/i0.wp.com\/ludica.uqo.ca\/wp-content\/uploads\/2021\/11\/259541289_4958446070832667_733320175455792372_n-scaled.jpg?resize=769%2C1024&amp;ssl=1 769w, https:\/\/i0.wp.com\/ludica.uqo.ca\/wp-content\/uploads\/2021\/11\/259541289_4958446070832667_733320175455792372_n-scaled.jpg?resize=225%2C300&amp;ssl=1 225w, https:\/\/i0.wp.com\/ludica.uqo.ca\/wp-content\/uploads\/2021\/11\/259541289_4958446070832667_733320175455792372_n-scaled.jpg?resize=768%2C1022&amp;ssl=1 768w, https:\/\/i0.wp.com\/ludica.uqo.ca\/wp-content\/uploads\/2021\/11\/259541289_4958446070832667_733320175455792372_n-scaled.jpg?resize=1154%2C1536&amp;ssl=1 1154w, https:\/\/i0.wp.com\/ludica.uqo.ca\/wp-content\/uploads\/2021\/11\/259541289_4958446070832667_733320175455792372_n-scaled.jpg?resize=1539%2C2048&amp;ssl=1 1539w, https:\/\/i0.wp.com\/ludica.uqo.ca\/wp-content\/uploads\/2021\/11\/259541289_4958446070832667_733320175455792372_n-scaled.jpg?resize=18%2C24&amp;ssl=1 18w, https:\/\/i0.wp.com\/ludica.uqo.ca\/wp-content\/uploads\/2021\/11\/259541289_4958446070832667_733320175455792372_n-scaled.jpg?resize=27%2C36&amp;ssl=1 27w, https:\/\/i0.wp.com\/ludica.uqo.ca\/wp-content\/uploads\/2021\/11\/259541289_4958446070832667_733320175455792372_n-scaled.jpg?resize=36%2C48&amp;ssl=1 36w, https:\/\/i0.wp.com\/ludica.uqo.ca\/wp-content\/uploads\/2021\/11\/259541289_4958446070832667_733320175455792372_n-scaled.jpg?w=1923&amp;ssl=1 1923w, https:\/\/i0.wp.com\/ludica.uqo.ca\/wp-content\/uploads\/2021\/11\/259541289_4958446070832667_733320175455792372_n-scaled.jpg?w=1602&amp;ssl=1 1602w\" sizes=\"(max-width: 240px) 100vw, 240px\" data-recalc-dims=\"1\" \/><\/figure><\/div>\n\n\n<p class=\"has-text-align-center\"><strong><a href=\"https:\/\/ludica.uqo.ca\/index.php\/camille-letendre-2\/\" target=\"_blank\" rel=\"noreferrer noopener\"><strong>Dre Camille Letendre, <\/strong>Psy. D.<\/a><\/strong><br>\u00c9tudiante gradu\u00e9e au doctorat en psychologie, profil scientifique et professionnel Ph. D.\/D. Psy., orientation neuropsychologie \u00e0 l\u2019Universit\u00e9 du Qu\u00e9bec \u00e0 Montr\u00e9al.<\/p>\n<\/div>\n<\/div>\n\n\n<style id=\"kb-spacer_067435-ef\">.wp-block-kadence-spacer.kt-block-spacer-_067435-ef .kt-block-spacer{height:20px;}.wp-block-kadence-spacer.kt-block-spacer-_067435-ef .kt-divider{border-top-color:#fffcfc;width:80%;}<\/style>\n<div class=\"wp-block-kadence-spacer aligncenter kt-block-spacer-_067435-ef\"><div class=\"kt-block-spacer kt-block-spacer-halign-center\"><hr class=\"kt-divider\"\/><\/div><\/div>\n\n\n<style id=\"kb-spacer_04239a-34\">.wp-block-kadence-spacer.kt-block-spacer-_04239a-34 .kt-block-spacer{height:20px;}.wp-block-kadence-spacer.kt-block-spacer-_04239a-34 .kt-divider{width:80%;}<\/style>\n<div class=\"wp-block-kadence-spacer aligncenter kt-block-spacer-_04239a-34\"><div class=\"kt-block-spacer kt-block-spacer-halign-center\"><hr class=\"kt-divider\"\/><\/div><\/div>\n\n\n<div class=\"wp-block-image\">\n<figure class=\"aligncenter size-large\"><img loading=\"lazy\" width=\"801\" height=\"313\" src=\"https:\/\/i0.wp.com\/ludica.uqo.ca\/wp-content\/uploads\/2024\/12\/Equipe_1-noir-et-blanc-2.jpeg?resize=801%2C313&#038;ssl=1\" alt=\"\" class=\"wp-image-5512\" srcset=\"https:\/\/i0.wp.com\/ludica.uqo.ca\/wp-content\/uploads\/2024\/12\/Equipe_1-noir-et-blanc-2-scaled.jpeg?resize=1024%2C400&amp;ssl=1 1024w, https:\/\/i0.wp.com\/ludica.uqo.ca\/wp-content\/uploads\/2024\/12\/Equipe_1-noir-et-blanc-2-scaled.jpeg?resize=300%2C117&amp;ssl=1 300w, https:\/\/i0.wp.com\/ludica.uqo.ca\/wp-content\/uploads\/2024\/12\/Equipe_1-noir-et-blanc-2-scaled.jpeg?resize=768%2C300&amp;ssl=1 768w, https:\/\/i0.wp.com\/ludica.uqo.ca\/wp-content\/uploads\/2024\/12\/Equipe_1-noir-et-blanc-2-scaled.jpeg?resize=1536%2C600&amp;ssl=1 1536w, https:\/\/i0.wp.com\/ludica.uqo.ca\/wp-content\/uploads\/2024\/12\/Equipe_1-noir-et-blanc-2-scaled.jpeg?resize=2048%2C800&amp;ssl=1 2048w, https:\/\/i0.wp.com\/ludica.uqo.ca\/wp-content\/uploads\/2024\/12\/Equipe_1-noir-et-blanc-2-scaled.jpeg?resize=24%2C9&amp;ssl=1 24w, https:\/\/i0.wp.com\/ludica.uqo.ca\/wp-content\/uploads\/2024\/12\/Equipe_1-noir-et-blanc-2-scaled.jpeg?resize=36%2C14&amp;ssl=1 36w, https:\/\/i0.wp.com\/ludica.uqo.ca\/wp-content\/uploads\/2024\/12\/Equipe_1-noir-et-blanc-2-scaled.jpeg?resize=48%2C19&amp;ssl=1 48w, https:\/\/i0.wp.com\/ludica.uqo.ca\/wp-content\/uploads\/2024\/12\/Equipe_1-noir-et-blanc-2-scaled.jpeg?w=1602&amp;ssl=1 1602w, https:\/\/i0.wp.com\/ludica.uqo.ca\/wp-content\/uploads\/2024\/12\/Equipe_1-noir-et-blanc-2-scaled.jpeg?w=2403&amp;ssl=1 2403w\" sizes=\"(max-width: 801px) 100vw, 801px\" data-recalc-dims=\"1\" \/><\/figure><\/div>\n\n\n<div class=\"wp-container-9 is-content-justification-center is-nowrap wp-block-group\">\n<figure class=\"wp-block-pullquote has-text-align-center is-style-large has-border-color\" style=\"border-color:#ffffff52;border-radius:0px;border-style:solid\"><blockquote><p><em>\u00ab Tout seul on va plus vite, ensemble on va plus loin \u00bb<\/em><\/p><cite>\u2014 Proverbe africain<\/cite><\/blockquote><\/figure>\n<\/div>\n","protected":false},"excerpt":{"rendered":"<p>\u00c9tudiantes gradu\u00e9es Dre Katerina Soleto, Psy. D.\u00c9tudiante gradu\u00e9e du doctorat en neuropsychologie clinique (D. Psy.) \u00e0 l&rsquo;Universit\u00e9 du Qu\u00e9bec en Outaouais. Dre Agn\u00e8s Ethier, Psy. D.\u00c9tudiante gradu\u00e9e du doctorat en neuropsychologie clinique (D. Psy.) \u00e0 l&rsquo;Universit\u00e9 du Qu\u00e9bec en Outaouais. Dre Catherine Brisebois, Psy. D.\u00c9tudiante gradu\u00e9e \u00e0 la ma\u00eetrise en psycho\u00e9ducation \u00e0 l&rsquo;Universit\u00e9 du Qu\u00e9bec &hellip;<\/p>\n","protected":false},"author":7,"featured_media":0,"parent":0,"menu_order":0,"comment_status":"closed","ping_status":"closed","template":"","meta":[],"yoast_head":"<!-- This site is optimized with the Yoast SEO plugin v19.6 - https:\/\/yoast.com\/wordpress\/plugins\/seo\/ -->\n<title>\u00c9tudiantes gradu\u00e9es - LUDICA<\/title>\n<meta name=\"robots\" content=\"index, follow, max-snippet:-1, max-image-preview:large, max-video-preview:-1\" \/>\n<link rel=\"canonical\" href=\"https:\/\/ludica.uqo.ca\/index.php\/etudiantes-graduees\/\" \/>\n<meta property=\"og:locale\" content=\"fr_FR\" \/>\n<meta property=\"og:type\" content=\"article\" \/>\n<meta property=\"og:title\" content=\"\u00c9tudiantes gradu\u00e9es - LUDICA\" \/>\n<meta property=\"og:description\" content=\"\u00c9tudiantes gradu\u00e9es Dre Katerina Soleto, Psy. D.\u00c9tudiante gradu\u00e9e du doctorat en neuropsychologie clinique (D. Psy.) \u00e0 l&rsquo;Universit\u00e9 du Qu\u00e9bec en Outaouais. Dre Agn\u00e8s Ethier, Psy. D.\u00c9tudiante gradu\u00e9e du doctorat en neuropsychologie clinique (D. Psy.) \u00e0 l&rsquo;Universit\u00e9 du Qu\u00e9bec en Outaouais. Dre Catherine Brisebois, Psy. D.\u00c9tudiante gradu\u00e9e \u00e0 la ma\u00eetrise en psycho\u00e9ducation \u00e0 l&rsquo;Universit\u00e9 du Qu\u00e9bec &hellip;\" \/>\n<meta property=\"og:url\" content=\"https:\/\/ludica.uqo.ca\/index.php\/etudiantes-graduees\/\" \/>\n<meta property=\"og:site_name\" content=\"LUDICA\" \/>\n<meta property=\"article:publisher\" content=\"https:\/\/www.facebook.com\/LABOLUDICA\" \/>\n<meta property=\"article:modified_time\" content=\"2026-05-13T20:49:08+00:00\" \/>\n<meta property=\"og:image\" content=\"https:\/\/ludica.uqo.ca\/wp-content\/uploads\/2021\/07\/223209699_228345305827757_6138257244778395903_n-824x1024.jpg\" \/>\n<meta name=\"twitter:card\" content=\"summary_large_image\" \/>\n<meta name=\"twitter:label1\" content=\"Dur\u00e9e de lecture estim\u00e9e\" \/>\n\t<meta name=\"twitter:data1\" content=\"2 minutes\" \/>\n<script type=\"application\/ld+json\" class=\"yoast-schema-graph\">{\"@context\":\"https:\/\/schema.org\",\"@graph\":[{\"@type\":\"WebPage\",\"@id\":\"https:\/\/ludica.uqo.ca\/index.php\/etudiantes-graduees\/\",\"url\":\"https:\/\/ludica.uqo.ca\/index.php\/etudiantes-graduees\/\",\"name\":\"\u00c9tudiantes gradu\u00e9es - LUDICA\",\"isPartOf\":{\"@id\":\"https:\/\/ludica.uqo.ca\/#website\"},\"datePublished\":\"2024-08-27T20:11:47+00:00\",\"dateModified\":\"2026-05-13T20:49:08+00:00\",\"breadcrumb\":{\"@id\":\"https:\/\/ludica.uqo.ca\/index.php\/etudiantes-graduees\/#breadcrumb\"},\"inLanguage\":\"fr-FR\",\"potentialAction\":[{\"@type\":\"ReadAction\",\"target\":[\"https:\/\/ludica.uqo.ca\/index.php\/etudiantes-graduees\/\"]}]},{\"@type\":\"BreadcrumbList\",\"@id\":\"https:\/\/ludica.uqo.ca\/index.php\/etudiantes-graduees\/#breadcrumb\",\"itemListElement\":[{\"@type\":\"ListItem\",\"position\":1,\"name\":\"Accueil\",\"item\":\"https:\/\/ludica.uqo.ca\/\"},{\"@type\":\"ListItem\",\"position\":2,\"name\":\"\u00c9tudiantes gradu\u00e9es\"}]},{\"@type\":\"WebSite\",\"@id\":\"https:\/\/ludica.uqo.ca\/#website\",\"url\":\"https:\/\/ludica.uqo.ca\/\",\"name\":\"LUDICA\",\"description\":\"Laboratoire sur l&#039;Unicit\u00e9 et la Diversit\u00e9 des Int\u00e9r\u00eats et des Comportements en Autisme\",\"publisher\":{\"@id\":\"https:\/\/ludica.uqo.ca\/#organization\"},\"potentialAction\":[{\"@type\":\"SearchAction\",\"target\":{\"@type\":\"EntryPoint\",\"urlTemplate\":\"https:\/\/ludica.uqo.ca\/?s={search_term_string}\"},\"query-input\":\"required name=search_term_string\"}],\"inLanguage\":\"fr-FR\"},{\"@type\":\"Organization\",\"@id\":\"https:\/\/ludica.uqo.ca\/#organization\",\"name\":\"LUDICA\",\"url\":\"https:\/\/ludica.uqo.ca\/\",\"sameAs\":[\"https:\/\/www.facebook.com\/LABOLUDICA\"],\"logo\":{\"@type\":\"ImageObject\",\"inLanguage\":\"fr-FR\",\"@id\":\"https:\/\/ludica.uqo.ca\/#\/schema\/logo\/image\/\",\"url\":\"https:\/\/i0.wp.com\/ludica.uqo.ca\/wp-content\/uploads\/2021\/07\/Logo-LUDICA-abrege-e1659980461216.jpg?fit=1585%2C1125&ssl=1\",\"contentUrl\":\"https:\/\/i0.wp.com\/ludica.uqo.ca\/wp-content\/uploads\/2021\/07\/Logo-LUDICA-abrege-e1659980461216.jpg?fit=1585%2C1125&ssl=1\",\"width\":1585,\"height\":1125,\"caption\":\"LUDICA\"},\"image\":{\"@id\":\"https:\/\/ludica.uqo.ca\/#\/schema\/logo\/image\/\"}}]}<\/script>\n<!-- \/ Yoast SEO plugin. -->","yoast_head_json":{"title":"\u00c9tudiantes gradu\u00e9es - LUDICA","robots":{"index":"index","follow":"follow","max-snippet":"max-snippet:-1","max-image-preview":"max-image-preview:large","max-video-preview":"max-video-preview:-1"},"canonical":"https:\/\/ludica.uqo.ca\/index.php\/etudiantes-graduees\/","og_locale":"fr_FR","og_type":"article","og_title":"\u00c9tudiantes gradu\u00e9es - LUDICA","og_description":"\u00c9tudiantes gradu\u00e9es Dre Katerina Soleto, Psy. D.\u00c9tudiante gradu\u00e9e du doctorat en neuropsychologie clinique (D. Psy.) \u00e0 l&rsquo;Universit\u00e9 du Qu\u00e9bec en Outaouais. Dre Agn\u00e8s Ethier, Psy. D.\u00c9tudiante gradu\u00e9e du doctorat en neuropsychologie clinique (D. Psy.) \u00e0 l&rsquo;Universit\u00e9 du Qu\u00e9bec en Outaouais. Dre Catherine Brisebois, Psy. D.\u00c9tudiante gradu\u00e9e \u00e0 la ma\u00eetrise en psycho\u00e9ducation \u00e0 l&rsquo;Universit\u00e9 du Qu\u00e9bec &hellip;","og_url":"https:\/\/ludica.uqo.ca\/index.php\/etudiantes-graduees\/","og_site_name":"LUDICA","article_publisher":"https:\/\/www.facebook.com\/LABOLUDICA","article_modified_time":"2026-05-13T20:49:08+00:00","og_image":[{"url":"https:\/\/ludica.uqo.ca\/wp-content\/uploads\/2021\/07\/223209699_228345305827757_6138257244778395903_n-824x1024.jpg"}],"twitter_card":"summary_large_image","twitter_misc":{"Dur\u00e9e de lecture estim\u00e9e":"2 minutes"},"schema":{"@context":"https:\/\/schema.org","@graph":[{"@type":"WebPage","@id":"https:\/\/ludica.uqo.ca\/index.php\/etudiantes-graduees\/","url":"https:\/\/ludica.uqo.ca\/index.php\/etudiantes-graduees\/","name":"\u00c9tudiantes gradu\u00e9es - LUDICA","isPartOf":{"@id":"https:\/\/ludica.uqo.ca\/#website"},"datePublished":"2024-08-27T20:11:47+00:00","dateModified":"2026-05-13T20:49:08+00:00","breadcrumb":{"@id":"https:\/\/ludica.uqo.ca\/index.php\/etudiantes-graduees\/#breadcrumb"},"inLanguage":"fr-FR","potentialAction":[{"@type":"ReadAction","target":["https:\/\/ludica.uqo.ca\/index.php\/etudiantes-graduees\/"]}]},{"@type":"BreadcrumbList","@id":"https:\/\/ludica.uqo.ca\/index.php\/etudiantes-graduees\/#breadcrumb","itemListElement":[{"@type":"ListItem","position":1,"name":"Accueil","item":"https:\/\/ludica.uqo.ca\/"},{"@type":"ListItem","position":2,"name":"\u00c9tudiantes gradu\u00e9es"}]},{"@type":"WebSite","@id":"https:\/\/ludica.uqo.ca\/#website","url":"https:\/\/ludica.uqo.ca\/","name":"LUDICA","description":"Laboratoire sur l&#039;Unicit\u00e9 et la Diversit\u00e9 des Int\u00e9r\u00eats et des Comportements en Autisme","publisher":{"@id":"https:\/\/ludica.uqo.ca\/#organization"},"potentialAction":[{"@type":"SearchAction","target":{"@type":"EntryPoint","urlTemplate":"https:\/\/ludica.uqo.ca\/?s={search_term_string}"},"query-input":"required name=search_term_string"}],"inLanguage":"fr-FR"},{"@type":"Organization","@id":"https:\/\/ludica.uqo.ca\/#organization","name":"LUDICA","url":"https:\/\/ludica.uqo.ca\/","sameAs":["https:\/\/www.facebook.com\/LABOLUDICA"],"logo":{"@type":"ImageObject","inLanguage":"fr-FR","@id":"https:\/\/ludica.uqo.ca\/#\/schema\/logo\/image\/","url":"https:\/\/i0.wp.com\/ludica.uqo.ca\/wp-content\/uploads\/2021\/07\/Logo-LUDICA-abrege-e1659980461216.jpg?fit=1585%2C1125&ssl=1","contentUrl":"https:\/\/i0.wp.com\/ludica.uqo.ca\/wp-content\/uploads\/2021\/07\/Logo-LUDICA-abrege-e1659980461216.jpg?fit=1585%2C1125&ssl=1","width":1585,"height":1125,"caption":"LUDICA"},"image":{"@id":"https:\/\/ludica.uqo.ca\/#\/schema\/logo\/image\/"}}]}},"_links":{"self":[{"href":"https:\/\/ludica.uqo.ca\/index.php\/wp-json\/wp\/v2\/pages\/5253"}],"collection":[{"href":"https:\/\/ludica.uqo.ca\/index.php\/wp-json\/wp\/v2\/pages"}],"about":[{"href":"https:\/\/ludica.uqo.ca\/index.php\/wp-json\/wp\/v2\/types\/page"}],"author":[{"embeddable":true,"href":"https:\/\/ludica.uqo.ca\/index.php\/wp-json\/wp\/v2\/users\/7"}],"replies":[{"embeddable":true,"href":"https:\/\/ludica.uqo.ca\/index.php\/wp-json\/wp\/v2\/comments?post=5253"}],"version-history":[{"count":23,"href":"https:\/\/ludica.uqo.ca\/index.php\/wp-json\/wp\/v2\/pages\/5253\/revisions"}],"predecessor-version":[{"id":6182,"href":"https:\/\/ludica.uqo.ca\/index.php\/wp-json\/wp\/v2\/pages\/5253\/revisions\/6182"}],"wp:attachment":[{"href":"https:\/\/ludica.uqo.ca\/index.php\/wp-json\/wp\/v2\/media?parent=5253"}],"curies":[{"name":"wp","href":"https:\/\/api.w.org\/{rel}","templated":true}]}}