{"id":5259,"date":"2024-08-27T20:11:19","date_gmt":"2024-08-27T20:11:19","guid":{"rendered":"https:\/\/ludica.uqo.ca\/?page_id=5259"},"modified":"2026-05-13T20:53:44","modified_gmt":"2026-05-13T20:53:44","slug":"etudiantes-au-doctorat","status":"publish","type":"page","link":"https:\/\/ludica.uqo.ca\/index.php\/etudiantes-au-doctorat\/","title":{"rendered":"\u00c9tudiantes au doctorat"},"content":{"rendered":"\n<h1 class=\"alignfull has-text-align-center has-white-color has-text-color has-background\" style=\"background-color:#33a3ae;font-size:30px;line-height:0.5\"><strong>\u00c9tudiantes au doctorat<\/strong><\/h1>\n\n\n<style id=\"kb-spacer_8cadf0-0d\">.wp-block-kadence-spacer.kt-block-spacer-_8cadf0-0d .kt-block-spacer{height:20px;}.wp-block-kadence-spacer.kt-block-spacer-_8cadf0-0d .kt-divider{width:80%;}<\/style>\n<div class=\"wp-block-kadence-spacer aligncenter kt-block-spacer-_8cadf0-0d\"><div class=\"kt-block-spacer kt-block-spacer-halign-center\"><hr class=\"kt-divider\"\/><\/div><\/div>\n\n\n\n<div class=\"wp-container-4 wp-block-columns is-not-stacked-on-mobile\">\n<div class=\"wp-container-1 wp-block-column\"><div class=\"wp-block-image\">\n<figure class=\"aligncenter size-large is-resized\"><img loading=\"lazy\" src=\"https:\/\/i0.wp.com\/ludica.uqo.ca\/wp-content\/uploads\/2024\/12\/Catherina_3.jpg?resize=240%2C320&#038;ssl=1\" alt=\"\" class=\"wp-image-5427\" width=\"240\" height=\"320\" data-recalc-dims=\"1\" \/><\/figure><\/div>\n\n\n<div style=\"height:1px\" aria-hidden=\"true\" class=\"wp-block-spacer\"><\/div>\n\n\n\n<p class=\"has-text-align-center\" style=\"line-height:1.5\"><a href=\"https:\/\/ludica.uqo.ca\/index.php\/catherina-lacelle-2\/\" target=\"_blank\" rel=\"noreferrer noopener\"><strong>Catherina Lacelle<\/strong><\/a><br>\u00c9tudiante au doctorat en psychologie (D. Psy.), profil jeunes et familles \u00e0 l&rsquo;Universit\u00e9 du Qu\u00e9bec en Outaouais, sous la supervision de Dre Claudine Jacques<em>.<\/em><\/p>\n<\/div>\n\n\n\n<div class=\"wp-container-2 wp-block-column\"><div class=\"wp-block-image\">\n<figure class=\"aligncenter size-large is-resized\"><img loading=\"lazy\" src=\"https:\/\/i0.wp.com\/ludica.uqo.ca\/wp-content\/uploads\/2025\/05\/495376391_722608097005979_8726856411997204188_n.jpg?resize=240%2C320&#038;ssl=1\" alt=\"\" class=\"wp-image-5707\" width=\"240\" height=\"320\" data-recalc-dims=\"1\" \/><\/figure><\/div>\n\n\n<div style=\"height:1px\" aria-hidden=\"true\" class=\"wp-block-spacer\"><\/div>\n\n\n\n<p class=\"has-text-align-center\" style=\"line-height:1.5\"><strong><a href=\"https:\/\/ludica.uqo.ca\/index.php\/allyson-bastien\/\" target=\"_blank\" rel=\"noreferrer noopener\">Allyson Bastien<\/a><\/strong><br>\u00c9tudiante au doctorat en psychologie (Ph. D.), sous la direction de Dre Claudine Jacques et la codirection de Dr Daniel Fiset.<\/p>\n<\/div>\n\n\n\n<div class=\"wp-container-3 wp-block-column\"><div class=\"wp-block-image\">\n<figure class=\"aligncenter size-large is-resized\"><img loading=\"lazy\" src=\"https:\/\/i0.wp.com\/ludica.uqo.ca\/wp-content\/uploads\/2025\/08\/JadeEK_1.jpg?resize=240%2C320&#038;ssl=1\" alt=\"\" class=\"wp-image-5878\" width=\"240\" height=\"320\" data-recalc-dims=\"1\" \/><\/figure><\/div>\n\n\n<div style=\"height:1px\" aria-hidden=\"true\" class=\"wp-block-spacer\"><\/div>\n\n\n\n<p class=\"has-text-align-center\"><strong><a href=\"https:\/\/ludica.uqo.ca\/index.php\/jade-eliane-klemme\/\" target=\"_blank\" rel=\"noreferrer noopener\">Jade \u00c9liane Klemme<\/a><\/strong><br>\u00c9tudiante au doctorat en neuropsychologie (D. Psy.) \u00e0 l&rsquo;Universit\u00e9 du Qu\u00e9bec en Outaouais, sous la supervision de Dre Claudine Jacques.<\/p>\n<\/div>\n<\/div>\n\n\n\n<div style=\"height:20px\" aria-hidden=\"true\" class=\"wp-block-spacer\"><\/div>\n\n\n\n<div class=\"wp-container-8 wp-block-columns is-not-stacked-on-mobile\">\n<div class=\"wp-container-5 wp-block-column\"><div class=\"wp-block-image\">\n<figure class=\"aligncenter size-large is-resized\"><img loading=\"lazy\" src=\"https:\/\/i0.wp.com\/ludica.uqo.ca\/wp-content\/uploads\/2022\/10\/Amira-couleur.jpg?resize=240%2C320&#038;ssl=1\" alt=\"\" class=\"wp-image-4655\" width=\"240\" height=\"320\" data-recalc-dims=\"1\" \/><\/figure><\/div>\n\n\n<p class=\"has-text-align-center\"><strong><strong><a href=\"https:\/\/ludica.uqo.ca\/index.php\/amira-merabtine\/\" target=\"_blank\" rel=\"noreferrer noopener\">Amira Merabtine<\/a><\/strong><\/strong><br>\u00c9tudiante au doctorat en psychologie, profil neuropsychologie clinique (D. Psy.) \u00e0 l&rsquo;Universit\u00e9 du Qu\u00e9bec en Outaouais, sous la supervision de Dre Claudine Jacques.<\/p>\n<\/div>\n\n\n\n<div class=\"wp-container-6 wp-block-column\"><div class=\"wp-block-image\">\n<figure class=\"aligncenter size-large is-resized\"><img loading=\"lazy\" src=\"https:\/\/i0.wp.com\/ludica.uqo.ca\/wp-content\/uploads\/2022\/08\/Anh-Bonenfant-e1661960671834-745x1024.jpg?resize=240%2C320&#038;ssl=1\" alt=\"\" class=\"wp-image-4371\" width=\"240\" height=\"320\" srcset=\"https:\/\/i0.wp.com\/ludica.uqo.ca\/wp-content\/uploads\/2022\/08\/Anh-Bonenfant-e1661960671834.jpg?resize=17%2C24&amp;ssl=1 17w, https:\/\/i0.wp.com\/ludica.uqo.ca\/wp-content\/uploads\/2022\/08\/Anh-Bonenfant-e1661960671834.jpg?resize=26%2C36&amp;ssl=1 26w, https:\/\/i0.wp.com\/ludica.uqo.ca\/wp-content\/uploads\/2022\/08\/Anh-Bonenfant-e1661960671834.jpg?resize=35%2C48&amp;ssl=1 35w, https:\/\/i0.wp.com\/ludica.uqo.ca\/wp-content\/uploads\/2022\/08\/Anh-Bonenfant-e1661960671834.jpg?zoom=2&amp;resize=240%2C320&amp;ssl=1 480w, https:\/\/i0.wp.com\/ludica.uqo.ca\/wp-content\/uploads\/2022\/08\/Anh-Bonenfant-e1661960671834.jpg?zoom=3&amp;resize=240%2C320&amp;ssl=1 720w\" sizes=\"(max-width: 240px) 100vw, 240px\" data-recalc-dims=\"1\" \/><\/figure><\/div>\n\n\n<p class=\"has-text-align-center\"><a href=\"https:\/\/ludica.uqo.ca\/index.php\/anh-bonenfant-2\/\"><strong>Anh Bonenfant<\/strong><\/a><br>\u00c9tudiante au doctorat en psychologie (D. Psy.) \u00e0 l\u2019Universit\u00e9 de Montr\u00e9al, sous la supervision de Dr Laurent Mottron et Dre Claudine Jacques.<\/p>\n<\/div>\n\n\n\n<div class=\"wp-container-7 wp-block-column\">\n<p class=\"has-text-align-center\"><strong>La\u00efka Hotte&nbsp;<\/strong><br>Profil \u00e0 venir.<\/p>\n<\/div>\n<\/div>\n\n\n<style id=\"kb-spacer_81f497-9e\">.wp-block-kadence-spacer.kt-block-spacer-_81f497-9e .kt-block-spacer{height:20px;}.wp-block-kadence-spacer.kt-block-spacer-_81f497-9e .kt-divider{width:80%;}<\/style>\n<div class=\"wp-block-kadence-spacer aligncenter kt-block-spacer-_81f497-9e\"><div class=\"kt-block-spacer kt-block-spacer-halign-center\"><hr class=\"kt-divider\"\/><\/div><\/div>\n\n\n<div class=\"wp-block-image is-style-default\">\n<figure class=\"aligncenter size-large is-resized\"><img loading=\"lazy\" src=\"https:\/\/i0.wp.com\/ludica.uqo.ca\/wp-content\/uploads\/2024\/12\/Equipe_1-noir-et-blanc.jpeg?resize=768%2C300&#038;ssl=1\" alt=\"\" class=\"wp-image-5458\" width=\"768\" height=\"300\" srcset=\"https:\/\/i0.wp.com\/ludica.uqo.ca\/wp-content\/uploads\/2024\/12\/Equipe_1-noir-et-blanc-scaled.jpeg?resize=1024%2C400&amp;ssl=1 1024w, https:\/\/i0.wp.com\/ludica.uqo.ca\/wp-content\/uploads\/2024\/12\/Equipe_1-noir-et-blanc-scaled.jpeg?resize=300%2C117&amp;ssl=1 300w, https:\/\/i0.wp.com\/ludica.uqo.ca\/wp-content\/uploads\/2024\/12\/Equipe_1-noir-et-blanc-scaled.jpeg?resize=768%2C300&amp;ssl=1 768w, https:\/\/i0.wp.com\/ludica.uqo.ca\/wp-content\/uploads\/2024\/12\/Equipe_1-noir-et-blanc-scaled.jpeg?resize=1536%2C600&amp;ssl=1 1536w, https:\/\/i0.wp.com\/ludica.uqo.ca\/wp-content\/uploads\/2024\/12\/Equipe_1-noir-et-blanc-scaled.jpeg?resize=2048%2C800&amp;ssl=1 2048w, https:\/\/i0.wp.com\/ludica.uqo.ca\/wp-content\/uploads\/2024\/12\/Equipe_1-noir-et-blanc-scaled.jpeg?resize=24%2C9&amp;ssl=1 24w, https:\/\/i0.wp.com\/ludica.uqo.ca\/wp-content\/uploads\/2024\/12\/Equipe_1-noir-et-blanc-scaled.jpeg?resize=36%2C14&amp;ssl=1 36w, https:\/\/i0.wp.com\/ludica.uqo.ca\/wp-content\/uploads\/2024\/12\/Equipe_1-noir-et-blanc-scaled.jpeg?resize=48%2C19&amp;ssl=1 48w, https:\/\/i0.wp.com\/ludica.uqo.ca\/wp-content\/uploads\/2024\/12\/Equipe_1-noir-et-blanc-scaled.jpeg?w=1602&amp;ssl=1 1602w, https:\/\/i0.wp.com\/ludica.uqo.ca\/wp-content\/uploads\/2024\/12\/Equipe_1-noir-et-blanc-scaled.jpeg?w=2403&amp;ssl=1 2403w\" sizes=\"(max-width: 768px) 100vw, 768px\" data-recalc-dims=\"1\" \/><\/figure><\/div>\n\n\n<div class=\"wp-container-9 is-content-justification-center is-nowrap wp-block-group\">\n<figure class=\"wp-block-pullquote has-text-align-center is-style-large has-border-color\" style=\"border-color:#ffffff52;border-radius:0px;border-style:solid\"><blockquote><p><em>\u00ab Tout seul on va plus vite, ensemble on va plus loin \u00bb<\/em><\/p><cite>\u2014 Proverbe africain<\/cite><\/blockquote><\/figure>\n<\/div>\n\n\n","protected":false},"excerpt":{"rendered":"<p>\u00c9tudiantes au doctorat Catherina Lacelle\u00c9tudiante au doctorat en psychologie (D. Psy.), profil jeunes et familles \u00e0 l&rsquo;Universit\u00e9 du Qu\u00e9bec en Outaouais, sous la supervision de Dre Claudine Jacques. Allyson Bastien\u00c9tudiante au doctorat en psychologie (Ph. D.), sous la direction de Dre Claudine Jacques et la codirection de Dr Daniel Fiset. Jade \u00c9liane Klemme\u00c9tudiante au doctorat &hellip;<\/p>\n","protected":false},"author":7,"featured_media":0,"parent":0,"menu_order":0,"comment_status":"closed","ping_status":"closed","template":"","meta":[],"yoast_head":"<!-- This site is optimized with the Yoast SEO plugin v19.6 - https:\/\/yoast.com\/wordpress\/plugins\/seo\/ -->\n<title>\u00c9tudiantes au doctorat - LUDICA<\/title>\n<meta name=\"robots\" content=\"index, follow, max-snippet:-1, max-image-preview:large, max-video-preview:-1\" \/>\n<link rel=\"canonical\" href=\"https:\/\/ludica.uqo.ca\/index.php\/etudiantes-au-doctorat\/\" \/>\n<meta property=\"og:locale\" content=\"fr_FR\" \/>\n<meta property=\"og:type\" content=\"article\" \/>\n<meta property=\"og:title\" content=\"\u00c9tudiantes au doctorat - LUDICA\" \/>\n<meta property=\"og:description\" content=\"\u00c9tudiantes au doctorat Catherina Lacelle\u00c9tudiante au doctorat en psychologie (D. Psy.), profil jeunes et familles \u00e0 l&rsquo;Universit\u00e9 du Qu\u00e9bec en Outaouais, sous la supervision de Dre Claudine Jacques. Allyson Bastien\u00c9tudiante au doctorat en psychologie (Ph. D.), sous la direction de Dre Claudine Jacques et la codirection de Dr Daniel Fiset. Jade \u00c9liane Klemme\u00c9tudiante au doctorat &hellip;\" \/>\n<meta property=\"og:url\" content=\"https:\/\/ludica.uqo.ca\/index.php\/etudiantes-au-doctorat\/\" \/>\n<meta property=\"og:site_name\" content=\"LUDICA\" \/>\n<meta property=\"article:publisher\" content=\"https:\/\/www.facebook.com\/LABOLUDICA\" \/>\n<meta property=\"article:modified_time\" content=\"2026-05-13T20:53:44+00:00\" \/>\n<meta property=\"og:image\" content=\"https:\/\/ludica.uqo.ca\/wp-content\/uploads\/2024\/12\/Catherina_3-683x1024.jpg\" \/>\n<meta name=\"twitter:card\" content=\"summary_large_image\" \/>\n<meta name=\"twitter:label1\" content=\"Dur\u00e9e de lecture estim\u00e9e\" \/>\n\t<meta name=\"twitter:data1\" content=\"2 minutes\" \/>\n<script type=\"application\/ld+json\" class=\"yoast-schema-graph\">{\"@context\":\"https:\/\/schema.org\",\"@graph\":[{\"@type\":\"WebPage\",\"@id\":\"https:\/\/ludica.uqo.ca\/index.php\/etudiantes-au-doctorat\/\",\"url\":\"https:\/\/ludica.uqo.ca\/index.php\/etudiantes-au-doctorat\/\",\"name\":\"\u00c9tudiantes au doctorat - LUDICA\",\"isPartOf\":{\"@id\":\"https:\/\/ludica.uqo.ca\/#website\"},\"datePublished\":\"2024-08-27T20:11:19+00:00\",\"dateModified\":\"2026-05-13T20:53:44+00:00\",\"breadcrumb\":{\"@id\":\"https:\/\/ludica.uqo.ca\/index.php\/etudiantes-au-doctorat\/#breadcrumb\"},\"inLanguage\":\"fr-FR\",\"potentialAction\":[{\"@type\":\"ReadAction\",\"target\":[\"https:\/\/ludica.uqo.ca\/index.php\/etudiantes-au-doctorat\/\"]}]},{\"@type\":\"BreadcrumbList\",\"@id\":\"https:\/\/ludica.uqo.ca\/index.php\/etudiantes-au-doctorat\/#breadcrumb\",\"itemListElement\":[{\"@type\":\"ListItem\",\"position\":1,\"name\":\"Accueil\",\"item\":\"https:\/\/ludica.uqo.ca\/\"},{\"@type\":\"ListItem\",\"position\":2,\"name\":\"\u00c9tudiantes au doctorat\"}]},{\"@type\":\"WebSite\",\"@id\":\"https:\/\/ludica.uqo.ca\/#website\",\"url\":\"https:\/\/ludica.uqo.ca\/\",\"name\":\"LUDICA\",\"description\":\"Laboratoire sur l&#039;Unicit\u00e9 et la Diversit\u00e9 des Int\u00e9r\u00eats et des Comportements en Autisme\",\"publisher\":{\"@id\":\"https:\/\/ludica.uqo.ca\/#organization\"},\"potentialAction\":[{\"@type\":\"SearchAction\",\"target\":{\"@type\":\"EntryPoint\",\"urlTemplate\":\"https:\/\/ludica.uqo.ca\/?s={search_term_string}\"},\"query-input\":\"required name=search_term_string\"}],\"inLanguage\":\"fr-FR\"},{\"@type\":\"Organization\",\"@id\":\"https:\/\/ludica.uqo.ca\/#organization\",\"name\":\"LUDICA\",\"url\":\"https:\/\/ludica.uqo.ca\/\",\"sameAs\":[\"https:\/\/www.facebook.com\/LABOLUDICA\"],\"logo\":{\"@type\":\"ImageObject\",\"inLanguage\":\"fr-FR\",\"@id\":\"https:\/\/ludica.uqo.ca\/#\/schema\/logo\/image\/\",\"url\":\"https:\/\/i0.wp.com\/ludica.uqo.ca\/wp-content\/uploads\/2021\/07\/Logo-LUDICA-abrege-e1659980461216.jpg?fit=1585%2C1125&ssl=1\",\"contentUrl\":\"https:\/\/i0.wp.com\/ludica.uqo.ca\/wp-content\/uploads\/2021\/07\/Logo-LUDICA-abrege-e1659980461216.jpg?fit=1585%2C1125&ssl=1\",\"width\":1585,\"height\":1125,\"caption\":\"LUDICA\"},\"image\":{\"@id\":\"https:\/\/ludica.uqo.ca\/#\/schema\/logo\/image\/\"}}]}<\/script>\n<!-- \/ Yoast SEO plugin. -->","yoast_head_json":{"title":"\u00c9tudiantes au doctorat - LUDICA","robots":{"index":"index","follow":"follow","max-snippet":"max-snippet:-1","max-image-preview":"max-image-preview:large","max-video-preview":"max-video-preview:-1"},"canonical":"https:\/\/ludica.uqo.ca\/index.php\/etudiantes-au-doctorat\/","og_locale":"fr_FR","og_type":"article","og_title":"\u00c9tudiantes au doctorat - LUDICA","og_description":"\u00c9tudiantes au doctorat Catherina Lacelle\u00c9tudiante au doctorat en psychologie (D. Psy.), profil jeunes et familles \u00e0 l&rsquo;Universit\u00e9 du Qu\u00e9bec en Outaouais, sous la supervision de Dre Claudine Jacques. Allyson Bastien\u00c9tudiante au doctorat en psychologie (Ph. D.), sous la direction de Dre Claudine Jacques et la codirection de Dr Daniel Fiset. Jade \u00c9liane Klemme\u00c9tudiante au doctorat &hellip;","og_url":"https:\/\/ludica.uqo.ca\/index.php\/etudiantes-au-doctorat\/","og_site_name":"LUDICA","article_publisher":"https:\/\/www.facebook.com\/LABOLUDICA","article_modified_time":"2026-05-13T20:53:44+00:00","og_image":[{"url":"https:\/\/ludica.uqo.ca\/wp-content\/uploads\/2024\/12\/Catherina_3-683x1024.jpg"}],"twitter_card":"summary_large_image","twitter_misc":{"Dur\u00e9e de lecture estim\u00e9e":"2 minutes"},"schema":{"@context":"https:\/\/schema.org","@graph":[{"@type":"WebPage","@id":"https:\/\/ludica.uqo.ca\/index.php\/etudiantes-au-doctorat\/","url":"https:\/\/ludica.uqo.ca\/index.php\/etudiantes-au-doctorat\/","name":"\u00c9tudiantes au doctorat - LUDICA","isPartOf":{"@id":"https:\/\/ludica.uqo.ca\/#website"},"datePublished":"2024-08-27T20:11:19+00:00","dateModified":"2026-05-13T20:53:44+00:00","breadcrumb":{"@id":"https:\/\/ludica.uqo.ca\/index.php\/etudiantes-au-doctorat\/#breadcrumb"},"inLanguage":"fr-FR","potentialAction":[{"@type":"ReadAction","target":["https:\/\/ludica.uqo.ca\/index.php\/etudiantes-au-doctorat\/"]}]},{"@type":"BreadcrumbList","@id":"https:\/\/ludica.uqo.ca\/index.php\/etudiantes-au-doctorat\/#breadcrumb","itemListElement":[{"@type":"ListItem","position":1,"name":"Accueil","item":"https:\/\/ludica.uqo.ca\/"},{"@type":"ListItem","position":2,"name":"\u00c9tudiantes au doctorat"}]},{"@type":"WebSite","@id":"https:\/\/ludica.uqo.ca\/#website","url":"https:\/\/ludica.uqo.ca\/","name":"LUDICA","description":"Laboratoire sur l&#039;Unicit\u00e9 et la Diversit\u00e9 des Int\u00e9r\u00eats et des Comportements en Autisme","publisher":{"@id":"https:\/\/ludica.uqo.ca\/#organization"},"potentialAction":[{"@type":"SearchAction","target":{"@type":"EntryPoint","urlTemplate":"https:\/\/ludica.uqo.ca\/?s={search_term_string}"},"query-input":"required name=search_term_string"}],"inLanguage":"fr-FR"},{"@type":"Organization","@id":"https:\/\/ludica.uqo.ca\/#organization","name":"LUDICA","url":"https:\/\/ludica.uqo.ca\/","sameAs":["https:\/\/www.facebook.com\/LABOLUDICA"],"logo":{"@type":"ImageObject","inLanguage":"fr-FR","@id":"https:\/\/ludica.uqo.ca\/#\/schema\/logo\/image\/","url":"https:\/\/i0.wp.com\/ludica.uqo.ca\/wp-content\/uploads\/2021\/07\/Logo-LUDICA-abrege-e1659980461216.jpg?fit=1585%2C1125&ssl=1","contentUrl":"https:\/\/i0.wp.com\/ludica.uqo.ca\/wp-content\/uploads\/2021\/07\/Logo-LUDICA-abrege-e1659980461216.jpg?fit=1585%2C1125&ssl=1","width":1585,"height":1125,"caption":"LUDICA"},"image":{"@id":"https:\/\/ludica.uqo.ca\/#\/schema\/logo\/image\/"}}]}},"_links":{"self":[{"href":"https:\/\/ludica.uqo.ca\/index.php\/wp-json\/wp\/v2\/pages\/5259"}],"collection":[{"href":"https:\/\/ludica.uqo.ca\/index.php\/wp-json\/wp\/v2\/pages"}],"about":[{"href":"https:\/\/ludica.uqo.ca\/index.php\/wp-json\/wp\/v2\/types\/page"}],"author":[{"embeddable":true,"href":"https:\/\/ludica.uqo.ca\/index.php\/wp-json\/wp\/v2\/users\/7"}],"replies":[{"embeddable":true,"href":"https:\/\/ludica.uqo.ca\/index.php\/wp-json\/wp\/v2\/comments?post=5259"}],"version-history":[{"count":42,"href":"https:\/\/ludica.uqo.ca\/index.php\/wp-json\/wp\/v2\/pages\/5259\/revisions"}],"predecessor-version":[{"id":6186,"href":"https:\/\/ludica.uqo.ca\/index.php\/wp-json\/wp\/v2\/pages\/5259\/revisions\/6186"}],"wp:attachment":[{"href":"https:\/\/ludica.uqo.ca\/index.php\/wp-json\/wp\/v2\/media?parent=5259"}],"curies":[{"name":"wp","href":"https:\/\/api.w.org\/{rel}","templated":true}]}}