{"id":5262,"date":"2024-08-27T20:10:52","date_gmt":"2024-08-27T20:10:52","guid":{"rendered":"https:\/\/ludica.uqo.ca\/?page_id=5262"},"modified":"2025-08-19T01:51:24","modified_gmt":"2025-08-19T01:51:24","slug":"etudiantes-a-la-maitrise","status":"publish","type":"page","link":"https:\/\/ludica.uqo.ca\/index.php\/etudiantes-a-la-maitrise\/","title":{"rendered":"\u00c9tudiantes \u00e0 la ma\u00eetrise"},"content":{"rendered":"\n<div class=\"wp-container-1 wp-block-group\"><div class=\"wp-block-group__inner-container\">\n<h1 class=\"has-text-align-center has-text-color has-background\" style=\"background-color:#33a3ae;color:#fbfbfb;font-size:30px;line-height:0.5\"><strong>\u00c9tudiantes \u00e0 la ma\u00eetrise<\/strong><\/h1>\n<\/div><\/div>\n\n\n<style id=\"kb-spacer_36fce5-23\">.wp-block-kadence-spacer.kt-block-spacer-_36fce5-23 .kt-block-spacer{height:20px;}.wp-block-kadence-spacer.kt-block-spacer-_36fce5-23 .kt-divider{width:80%;}<\/style>\n<div class=\"wp-block-kadence-spacer aligncenter kt-block-spacer-_36fce5-23\"><div class=\"kt-block-spacer kt-block-spacer-halign-center\"><hr class=\"kt-divider\"\/><\/div><\/div>\n\n\n\n<div class=\"wp-container-5 wp-block-columns is-not-stacked-on-mobile\">\n<div class=\"wp-container-2 wp-block-column\">\n<p class=\"has-text-align-center\"><em>.<\/em><\/p>\n<\/div>\n\n\n\n<div class=\"wp-container-3 wp-block-column\"><div class=\"wp-block-image\">\n<figure class=\"aligncenter size-large is-resized\"><img loading=\"lazy\" src=\"https:\/\/i0.wp.com\/ludica.uqo.ca\/wp-content\/uploads\/2025\/08\/Tanya_3.jpg?resize=240%2C320&#038;ssl=1\" alt=\"\" class=\"wp-image-5844\" width=\"240\" height=\"320\" data-recalc-dims=\"1\" \/><figcaption>\u00a9 Cr\u00e9dit photo Marc-Antoine L\u00e9veill\u00e9<\/figcaption><\/figure><\/div>\n\n\n<p class=\"has-text-align-center\"><strong><strong><a href=\"https:\/\/ludica.uqo.ca\/index.php\/tanya-dykstra-legare\/(opens in a new tab)\" target=\"_blank\" rel=\"noreferrer noopener\">Tanya Dykstra-L\u00e9gar\u00e9<\/a><\/strong><\/strong><br><em>\u00c9tudiante \u00e0 la ma\u00eetrise en psycho\u00e9ducation \u00e0 l&rsquo;Universit\u00e9 du Qu\u00e9bec en Outaouais sous la supervision de Dre Claudine Jacques.<\/em><\/p>\n<\/div>\n\n\n\n<div class=\"wp-container-4 wp-block-column\">\n<p class=\"has-text-align-center\"><\/p>\n<\/div>\n<\/div>\n\n\n\n<div class=\"wp-container-6 wp-block-group\"><div class=\"wp-block-group__inner-container\"><\/div><\/div>\n\n\n<style id=\"kb-spacer_24a234-00\">.wp-block-kadence-spacer.kt-block-spacer-_24a234-00 .kt-block-spacer{height:20px;}.wp-block-kadence-spacer.kt-block-spacer-_24a234-00 .kt-divider{width:80%;}<\/style>\n<div class=\"wp-block-kadence-spacer aligncenter kt-block-spacer-_24a234-00\"><div class=\"kt-block-spacer kt-block-spacer-halign-center\"><hr class=\"kt-divider\"\/><\/div><\/div>\n\n\n<div class=\"wp-block-image\">\n<figure class=\"aligncenter size-large\"><img loading=\"lazy\" width=\"801\" height=\"313\" src=\"https:\/\/i0.wp.com\/ludica.uqo.ca\/wp-content\/uploads\/2024\/12\/Equipe_1-noir-et-blanc-2.jpeg?resize=801%2C313&#038;ssl=1\" alt=\"\" class=\"wp-image-5512\" srcset=\"https:\/\/i0.wp.com\/ludica.uqo.ca\/wp-content\/uploads\/2024\/12\/Equipe_1-noir-et-blanc-2-scaled.jpeg?resize=1024%2C400&amp;ssl=1 1024w, https:\/\/i0.wp.com\/ludica.uqo.ca\/wp-content\/uploads\/2024\/12\/Equipe_1-noir-et-blanc-2-scaled.jpeg?resize=300%2C117&amp;ssl=1 300w, https:\/\/i0.wp.com\/ludica.uqo.ca\/wp-content\/uploads\/2024\/12\/Equipe_1-noir-et-blanc-2-scaled.jpeg?resize=768%2C300&amp;ssl=1 768w, https:\/\/i0.wp.com\/ludica.uqo.ca\/wp-content\/uploads\/2024\/12\/Equipe_1-noir-et-blanc-2-scaled.jpeg?resize=1536%2C600&amp;ssl=1 1536w, https:\/\/i0.wp.com\/ludica.uqo.ca\/wp-content\/uploads\/2024\/12\/Equipe_1-noir-et-blanc-2-scaled.jpeg?resize=2048%2C800&amp;ssl=1 2048w, https:\/\/i0.wp.com\/ludica.uqo.ca\/wp-content\/uploads\/2024\/12\/Equipe_1-noir-et-blanc-2-scaled.jpeg?resize=24%2C9&amp;ssl=1 24w, https:\/\/i0.wp.com\/ludica.uqo.ca\/wp-content\/uploads\/2024\/12\/Equipe_1-noir-et-blanc-2-scaled.jpeg?resize=36%2C14&amp;ssl=1 36w, https:\/\/i0.wp.com\/ludica.uqo.ca\/wp-content\/uploads\/2024\/12\/Equipe_1-noir-et-blanc-2-scaled.jpeg?resize=48%2C19&amp;ssl=1 48w, https:\/\/i0.wp.com\/ludica.uqo.ca\/wp-content\/uploads\/2024\/12\/Equipe_1-noir-et-blanc-2-scaled.jpeg?w=1602&amp;ssl=1 1602w, https:\/\/i0.wp.com\/ludica.uqo.ca\/wp-content\/uploads\/2024\/12\/Equipe_1-noir-et-blanc-2-scaled.jpeg?w=2403&amp;ssl=1 2403w\" sizes=\"(max-width: 801px) 100vw, 801px\" data-recalc-dims=\"1\" \/><figcaption><em><sup>\u00a9<\/sup><\/em>Cr\u00e9dit photo Marc-Antoine L\u00e9veill\u00e9<\/figcaption><\/figure><\/div>\n\n\n<div class=\"wp-container-7 is-content-justification-center is-nowrap wp-block-group\">\n<figure class=\"wp-block-pullquote has-text-align-center is-style-large has-border-color\" style=\"border-color:#ffffff52;border-radius:0px;border-style:solid\"><blockquote><p><em>\u00ab Tout seul on va plus vite, ensemble on va plus loin \u00bb<\/em><\/p><cite>&#8211; Proverbe africain<\/cite><\/blockquote><\/figure>\n<\/div>\n","protected":false},"excerpt":{"rendered":"<p>\u00c9tudiantes \u00e0 la ma\u00eetrise . Tanya Dykstra-L\u00e9gar\u00e9\u00c9tudiante \u00e0 la ma\u00eetrise en psycho\u00e9ducation \u00e0 l&rsquo;Universit\u00e9 du Qu\u00e9bec en Outaouais sous la supervision de Dre Claudine Jacques. \u00ab Tout seul on va plus vite, ensemble on va plus loin \u00bb &#8211; Proverbe africain<\/p>\n","protected":false},"author":7,"featured_media":0,"parent":0,"menu_order":0,"comment_status":"closed","ping_status":"closed","template":"","meta":[],"yoast_head":"<!-- This site is optimized with the Yoast SEO plugin v19.6 - https:\/\/yoast.com\/wordpress\/plugins\/seo\/ -->\n<title>\u00c9tudiantes \u00e0 la ma\u00eetrise - LUDICA<\/title>\n<meta name=\"robots\" content=\"index, follow, max-snippet:-1, max-image-preview:large, max-video-preview:-1\" \/>\n<link rel=\"canonical\" href=\"https:\/\/ludica.uqo.ca\/index.php\/etudiantes-a-la-maitrise\/\" \/>\n<meta property=\"og:locale\" content=\"fr_FR\" \/>\n<meta property=\"og:type\" content=\"article\" \/>\n<meta property=\"og:title\" content=\"\u00c9tudiantes \u00e0 la ma\u00eetrise - LUDICA\" \/>\n<meta property=\"og:description\" content=\"\u00c9tudiantes \u00e0 la ma\u00eetrise . Tanya Dykstra-L\u00e9gar\u00e9\u00c9tudiante \u00e0 la ma\u00eetrise en psycho\u00e9ducation \u00e0 l&rsquo;Universit\u00e9 du Qu\u00e9bec en Outaouais sous la supervision de Dre Claudine Jacques. \u00ab Tout seul on va plus vite, ensemble on va plus loin \u00bb &#8211; Proverbe africain\" \/>\n<meta property=\"og:url\" content=\"https:\/\/ludica.uqo.ca\/index.php\/etudiantes-a-la-maitrise\/\" \/>\n<meta property=\"og:site_name\" content=\"LUDICA\" \/>\n<meta property=\"article:publisher\" content=\"https:\/\/www.facebook.com\/LABOLUDICA\" \/>\n<meta property=\"article:modified_time\" content=\"2025-08-19T01:51:24+00:00\" \/>\n<meta property=\"og:image\" content=\"https:\/\/ludica.uqo.ca\/wp-content\/uploads\/2025\/08\/Tanya_3-683x1024.jpg\" \/>\n<meta name=\"twitter:card\" content=\"summary_large_image\" \/>\n<meta name=\"twitter:label1\" content=\"Dur\u00e9e de lecture estim\u00e9e\" \/>\n\t<meta name=\"twitter:data1\" content=\"1 minute\" \/>\n<script type=\"application\/ld+json\" class=\"yoast-schema-graph\">{\"@context\":\"https:\/\/schema.org\",\"@graph\":[{\"@type\":\"WebPage\",\"@id\":\"https:\/\/ludica.uqo.ca\/index.php\/etudiantes-a-la-maitrise\/\",\"url\":\"https:\/\/ludica.uqo.ca\/index.php\/etudiantes-a-la-maitrise\/\",\"name\":\"\u00c9tudiantes \u00e0 la ma\u00eetrise - LUDICA\",\"isPartOf\":{\"@id\":\"https:\/\/ludica.uqo.ca\/#website\"},\"datePublished\":\"2024-08-27T20:10:52+00:00\",\"dateModified\":\"2025-08-19T01:51:24+00:00\",\"breadcrumb\":{\"@id\":\"https:\/\/ludica.uqo.ca\/index.php\/etudiantes-a-la-maitrise\/#breadcrumb\"},\"inLanguage\":\"fr-FR\",\"potentialAction\":[{\"@type\":\"ReadAction\",\"target\":[\"https:\/\/ludica.uqo.ca\/index.php\/etudiantes-a-la-maitrise\/\"]}]},{\"@type\":\"BreadcrumbList\",\"@id\":\"https:\/\/ludica.uqo.ca\/index.php\/etudiantes-a-la-maitrise\/#breadcrumb\",\"itemListElement\":[{\"@type\":\"ListItem\",\"position\":1,\"name\":\"Accueil\",\"item\":\"https:\/\/ludica.uqo.ca\/\"},{\"@type\":\"ListItem\",\"position\":2,\"name\":\"\u00c9tudiantes \u00e0 la ma\u00eetrise\"}]},{\"@type\":\"WebSite\",\"@id\":\"https:\/\/ludica.uqo.ca\/#website\",\"url\":\"https:\/\/ludica.uqo.ca\/\",\"name\":\"LUDICA\",\"description\":\"Laboratoire sur l&#039;Unicit\u00e9 et la Diversit\u00e9 des Int\u00e9r\u00eats et des Comportements en Autisme\",\"publisher\":{\"@id\":\"https:\/\/ludica.uqo.ca\/#organization\"},\"potentialAction\":[{\"@type\":\"SearchAction\",\"target\":{\"@type\":\"EntryPoint\",\"urlTemplate\":\"https:\/\/ludica.uqo.ca\/?s={search_term_string}\"},\"query-input\":\"required name=search_term_string\"}],\"inLanguage\":\"fr-FR\"},{\"@type\":\"Organization\",\"@id\":\"https:\/\/ludica.uqo.ca\/#organization\",\"name\":\"LUDICA\",\"url\":\"https:\/\/ludica.uqo.ca\/\",\"sameAs\":[\"https:\/\/www.facebook.com\/LABOLUDICA\"],\"logo\":{\"@type\":\"ImageObject\",\"inLanguage\":\"fr-FR\",\"@id\":\"https:\/\/ludica.uqo.ca\/#\/schema\/logo\/image\/\",\"url\":\"https:\/\/i0.wp.com\/ludica.uqo.ca\/wp-content\/uploads\/2021\/07\/Logo-LUDICA-abrege-e1659980461216.jpg?fit=1585%2C1125&ssl=1\",\"contentUrl\":\"https:\/\/i0.wp.com\/ludica.uqo.ca\/wp-content\/uploads\/2021\/07\/Logo-LUDICA-abrege-e1659980461216.jpg?fit=1585%2C1125&ssl=1\",\"width\":1585,\"height\":1125,\"caption\":\"LUDICA\"},\"image\":{\"@id\":\"https:\/\/ludica.uqo.ca\/#\/schema\/logo\/image\/\"}}]}<\/script>\n<!-- \/ Yoast SEO plugin. -->","yoast_head_json":{"title":"\u00c9tudiantes \u00e0 la ma\u00eetrise - LUDICA","robots":{"index":"index","follow":"follow","max-snippet":"max-snippet:-1","max-image-preview":"max-image-preview:large","max-video-preview":"max-video-preview:-1"},"canonical":"https:\/\/ludica.uqo.ca\/index.php\/etudiantes-a-la-maitrise\/","og_locale":"fr_FR","og_type":"article","og_title":"\u00c9tudiantes \u00e0 la ma\u00eetrise - LUDICA","og_description":"\u00c9tudiantes \u00e0 la ma\u00eetrise . Tanya Dykstra-L\u00e9gar\u00e9\u00c9tudiante \u00e0 la ma\u00eetrise en psycho\u00e9ducation \u00e0 l&rsquo;Universit\u00e9 du Qu\u00e9bec en Outaouais sous la supervision de Dre Claudine Jacques. \u00ab Tout seul on va plus vite, ensemble on va plus loin \u00bb &#8211; Proverbe africain","og_url":"https:\/\/ludica.uqo.ca\/index.php\/etudiantes-a-la-maitrise\/","og_site_name":"LUDICA","article_publisher":"https:\/\/www.facebook.com\/LABOLUDICA","article_modified_time":"2025-08-19T01:51:24+00:00","og_image":[{"url":"https:\/\/ludica.uqo.ca\/wp-content\/uploads\/2025\/08\/Tanya_3-683x1024.jpg"}],"twitter_card":"summary_large_image","twitter_misc":{"Dur\u00e9e de lecture estim\u00e9e":"1 minute"},"schema":{"@context":"https:\/\/schema.org","@graph":[{"@type":"WebPage","@id":"https:\/\/ludica.uqo.ca\/index.php\/etudiantes-a-la-maitrise\/","url":"https:\/\/ludica.uqo.ca\/index.php\/etudiantes-a-la-maitrise\/","name":"\u00c9tudiantes \u00e0 la ma\u00eetrise - LUDICA","isPartOf":{"@id":"https:\/\/ludica.uqo.ca\/#website"},"datePublished":"2024-08-27T20:10:52+00:00","dateModified":"2025-08-19T01:51:24+00:00","breadcrumb":{"@id":"https:\/\/ludica.uqo.ca\/index.php\/etudiantes-a-la-maitrise\/#breadcrumb"},"inLanguage":"fr-FR","potentialAction":[{"@type":"ReadAction","target":["https:\/\/ludica.uqo.ca\/index.php\/etudiantes-a-la-maitrise\/"]}]},{"@type":"BreadcrumbList","@id":"https:\/\/ludica.uqo.ca\/index.php\/etudiantes-a-la-maitrise\/#breadcrumb","itemListElement":[{"@type":"ListItem","position":1,"name":"Accueil","item":"https:\/\/ludica.uqo.ca\/"},{"@type":"ListItem","position":2,"name":"\u00c9tudiantes \u00e0 la ma\u00eetrise"}]},{"@type":"WebSite","@id":"https:\/\/ludica.uqo.ca\/#website","url":"https:\/\/ludica.uqo.ca\/","name":"LUDICA","description":"Laboratoire sur l&#039;Unicit\u00e9 et la Diversit\u00e9 des Int\u00e9r\u00eats et des Comportements en Autisme","publisher":{"@id":"https:\/\/ludica.uqo.ca\/#organization"},"potentialAction":[{"@type":"SearchAction","target":{"@type":"EntryPoint","urlTemplate":"https:\/\/ludica.uqo.ca\/?s={search_term_string}"},"query-input":"required name=search_term_string"}],"inLanguage":"fr-FR"},{"@type":"Organization","@id":"https:\/\/ludica.uqo.ca\/#organization","name":"LUDICA","url":"https:\/\/ludica.uqo.ca\/","sameAs":["https:\/\/www.facebook.com\/LABOLUDICA"],"logo":{"@type":"ImageObject","inLanguage":"fr-FR","@id":"https:\/\/ludica.uqo.ca\/#\/schema\/logo\/image\/","url":"https:\/\/i0.wp.com\/ludica.uqo.ca\/wp-content\/uploads\/2021\/07\/Logo-LUDICA-abrege-e1659980461216.jpg?fit=1585%2C1125&ssl=1","contentUrl":"https:\/\/i0.wp.com\/ludica.uqo.ca\/wp-content\/uploads\/2021\/07\/Logo-LUDICA-abrege-e1659980461216.jpg?fit=1585%2C1125&ssl=1","width":1585,"height":1125,"caption":"LUDICA"},"image":{"@id":"https:\/\/ludica.uqo.ca\/#\/schema\/logo\/image\/"}}]}},"_links":{"self":[{"href":"https:\/\/ludica.uqo.ca\/index.php\/wp-json\/wp\/v2\/pages\/5262"}],"collection":[{"href":"https:\/\/ludica.uqo.ca\/index.php\/wp-json\/wp\/v2\/pages"}],"about":[{"href":"https:\/\/ludica.uqo.ca\/index.php\/wp-json\/wp\/v2\/types\/page"}],"author":[{"embeddable":true,"href":"https:\/\/ludica.uqo.ca\/index.php\/wp-json\/wp\/v2\/users\/7"}],"replies":[{"embeddable":true,"href":"https:\/\/ludica.uqo.ca\/index.php\/wp-json\/wp\/v2\/comments?post=5262"}],"version-history":[{"count":31,"href":"https:\/\/ludica.uqo.ca\/index.php\/wp-json\/wp\/v2\/pages\/5262\/revisions"}],"predecessor-version":[{"id":5963,"href":"https:\/\/ludica.uqo.ca\/index.php\/wp-json\/wp\/v2\/pages\/5262\/revisions\/5963"}],"wp:attachment":[{"href":"https:\/\/ludica.uqo.ca\/index.php\/wp-json\/wp\/v2\/media?parent=5262"}],"curies":[{"name":"wp","href":"https:\/\/api.w.org\/{rel}","templated":true}]}}