{"id":5281,"date":"2024-08-27T20:12:50","date_gmt":"2024-08-27T20:12:50","guid":{"rendered":"https:\/\/ludica.uqo.ca\/?page_id=5281"},"modified":"2026-04-05T20:42:05","modified_gmt":"2026-04-05T20:42:05","slug":"notre-equipe","status":"publish","type":"page","link":"https:\/\/ludica.uqo.ca\/index.php\/notre-equipe\/","title":{"rendered":"Nos \u00e9tudiant(es)"},"content":{"rendered":"\n<div class=\"wp-container-1 wp-block-group\"><div class=\"wp-block-group__inner-container\">\n<h1 class=\"has-text-align-center has-background\" style=\"background-color:#33a3ae\"><strong>Nos \u00e9tudiant(es)<\/strong><\/h1>\n<\/div><\/div>\n\n\n<style id=\"kb-spacer_95febf-05\">.wp-block-kadence-spacer.kt-block-spacer-_95febf-05 .kt-block-spacer{height:21px;}.wp-block-kadence-spacer.kt-block-spacer-_95febf-05 .kt-divider{width:80%;}<\/style>\n<div class=\"wp-block-kadence-spacer aligncenter kt-block-spacer-_95febf-05\"><div class=\"kt-block-spacer kt-block-spacer-halign-center\"><hr class=\"kt-divider\"\/><\/div><\/div>\n\n\n\n<div class=\"wp-container-2 is-content-justification-center wp-block-buttons\">\n<div class=\"wp-block-button has-custom-font-size is-style-fill has-medium-font-size\"><a class=\"wp-block-button__link has-suki-color-2-color has-text-color\" href=\"https:\/\/ludica.uqo.ca\/index.php\/etudiantes-au-doctorat\/\"><strong>\u00c9tudiantes au doctorat<\/strong><\/a><\/div>\n\n\n\n<div class=\"wp-block-button has-custom-font-size has-medium-font-size\"><a class=\"wp-block-button__link has-suki-color-2-color has-text-color\" href=\"https:\/\/ludica.uqo.ca\/index.php\/etudiantes-a-la-maitrise\/\"><strong>\u00c9tudiantes \u00e0 la ma\u00eetrise<\/strong><\/a><\/div>\n\n\n\n<div class=\"wp-block-button has-custom-font-size has-medium-font-size\"><a class=\"wp-block-button__link has-suki-color-2-color has-text-color\" href=\"https:\/\/ludica.uqo.ca\/index.php\/etudiantes-au-baccalaureat\/\"><strong>\u00c9tudiantes au baccalaur\u00e9at<\/strong><\/a><\/div>\n\n\n\n<div class=\"wp-block-button has-custom-font-size has-medium-font-size\"><a class=\"wp-block-button__link has-suki-color-2-color has-text-color\" href=\"https:\/\/ludica.uqo.ca\/index.php\/assistantes-de-recherche\/\"><strong>Assistantes de recherche<\/strong><\/a><\/div>\n\n\n\n<div class=\"wp-block-button has-custom-font-size has-medium-font-size\"><a class=\"wp-block-button__link has-suki-color-2-color has-text-color\" href=\"https:\/\/ludica.uqo.ca\/index.php\/etudiantes-graduees\/\"><strong>\u00c9tudiantes gradu\u00e9es<\/strong><\/a><\/div>\n<\/div>\n\n\n<style id=\"kb-spacer_36fce5-23\">.wp-block-kadence-spacer.kt-block-spacer-_36fce5-23 .kt-block-spacer{height:20px;}.wp-block-kadence-spacer.kt-block-spacer-_36fce5-23 .kt-divider{width:80%;}<\/style>\n<div class=\"wp-block-kadence-spacer aligncenter kt-block-spacer-_36fce5-23\"><div class=\"kt-block-spacer kt-block-spacer-halign-center\"><hr class=\"kt-divider\"\/><\/div><\/div>\n\n\n<div class=\"wp-block-image\">\n<figure class=\"aligncenter size-large\"><img loading=\"lazy\" width=\"801\" height=\"313\" src=\"https:\/\/i0.wp.com\/ludica.uqo.ca\/wp-content\/uploads\/2024\/12\/Equipe_1-noir-et-blanc-2.jpeg?resize=801%2C313&#038;ssl=1\" alt=\"\" class=\"wp-image-5512\" srcset=\"https:\/\/i0.wp.com\/ludica.uqo.ca\/wp-content\/uploads\/2024\/12\/Equipe_1-noir-et-blanc-2-scaled.jpeg?resize=1024%2C400&amp;ssl=1 1024w, https:\/\/i0.wp.com\/ludica.uqo.ca\/wp-content\/uploads\/2024\/12\/Equipe_1-noir-et-blanc-2-scaled.jpeg?resize=300%2C117&amp;ssl=1 300w, https:\/\/i0.wp.com\/ludica.uqo.ca\/wp-content\/uploads\/2024\/12\/Equipe_1-noir-et-blanc-2-scaled.jpeg?resize=768%2C300&amp;ssl=1 768w, https:\/\/i0.wp.com\/ludica.uqo.ca\/wp-content\/uploads\/2024\/12\/Equipe_1-noir-et-blanc-2-scaled.jpeg?resize=1536%2C600&amp;ssl=1 1536w, https:\/\/i0.wp.com\/ludica.uqo.ca\/wp-content\/uploads\/2024\/12\/Equipe_1-noir-et-blanc-2-scaled.jpeg?resize=2048%2C800&amp;ssl=1 2048w, https:\/\/i0.wp.com\/ludica.uqo.ca\/wp-content\/uploads\/2024\/12\/Equipe_1-noir-et-blanc-2-scaled.jpeg?resize=24%2C9&amp;ssl=1 24w, https:\/\/i0.wp.com\/ludica.uqo.ca\/wp-content\/uploads\/2024\/12\/Equipe_1-noir-et-blanc-2-scaled.jpeg?resize=36%2C14&amp;ssl=1 36w, https:\/\/i0.wp.com\/ludica.uqo.ca\/wp-content\/uploads\/2024\/12\/Equipe_1-noir-et-blanc-2-scaled.jpeg?resize=48%2C19&amp;ssl=1 48w, https:\/\/i0.wp.com\/ludica.uqo.ca\/wp-content\/uploads\/2024\/12\/Equipe_1-noir-et-blanc-2-scaled.jpeg?w=1602&amp;ssl=1 1602w, https:\/\/i0.wp.com\/ludica.uqo.ca\/wp-content\/uploads\/2024\/12\/Equipe_1-noir-et-blanc-2-scaled.jpeg?w=2403&amp;ssl=1 2403w\" sizes=\"(max-width: 801px) 100vw, 801px\" data-recalc-dims=\"1\" \/><figcaption><em><sup>\u00a9<\/sup><\/em>Cr\u00e9dit photo Marc-Antoine L\u00e9veill\u00e9<\/figcaption><\/figure><\/div>\n\n\n<div class=\"wp-container-3 is-content-justification-center is-nowrap wp-block-group has-small-font-size\">\n<figure class=\"wp-block-pullquote has-text-align-center is-style-large has-border-color has-small-font-size\" style=\"border-color:#ffffff52;border-radius:0px;border-style:solid\"><blockquote><p><em>\u00ab Tout seul on va plus vite, ensemble on va plus loin \u00bb<\/em><\/p><cite>\u2014 Proverbe africain<\/cite><\/blockquote><\/figure>\n<\/div>\n\n\n\n<p><\/p>\n","protected":false},"excerpt":{"rendered":"<p>Nos \u00e9tudiant(es) \u00ab Tout seul on va plus vite, ensemble on va plus loin \u00bb \u2014 Proverbe africain<\/p>\n","protected":false},"author":7,"featured_media":0,"parent":0,"menu_order":0,"comment_status":"closed","ping_status":"closed","template":"","meta":[],"yoast_head":"<!-- This site is optimized with the Yoast SEO plugin v19.6 - https:\/\/yoast.com\/wordpress\/plugins\/seo\/ -->\n<title>Nos \u00e9tudiant(es) - LUDICA<\/title>\n<meta name=\"robots\" content=\"index, follow, max-snippet:-1, max-image-preview:large, max-video-preview:-1\" \/>\n<link rel=\"canonical\" href=\"https:\/\/ludica.uqo.ca\/index.php\/notre-equipe\/\" \/>\n<meta property=\"og:locale\" content=\"fr_FR\" \/>\n<meta property=\"og:type\" content=\"article\" \/>\n<meta property=\"og:title\" content=\"Nos \u00e9tudiant(es) - LUDICA\" \/>\n<meta property=\"og:description\" content=\"Nos \u00e9tudiant(es) \u00ab Tout seul on va plus vite, ensemble on va plus loin \u00bb \u2014 Proverbe africain\" \/>\n<meta property=\"og:url\" content=\"https:\/\/ludica.uqo.ca\/index.php\/notre-equipe\/\" \/>\n<meta property=\"og:site_name\" content=\"LUDICA\" \/>\n<meta property=\"article:publisher\" content=\"https:\/\/www.facebook.com\/LABOLUDICA\" \/>\n<meta property=\"article:modified_time\" content=\"2026-04-05T20:42:05+00:00\" \/>\n<meta name=\"twitter:card\" content=\"summary_large_image\" \/>\n<meta name=\"twitter:label1\" content=\"Dur\u00e9e de lecture estim\u00e9e\" \/>\n\t<meta name=\"twitter:data1\" content=\"1 minute\" \/>\n<script type=\"application\/ld+json\" class=\"yoast-schema-graph\">{\"@context\":\"https:\/\/schema.org\",\"@graph\":[{\"@type\":\"WebPage\",\"@id\":\"https:\/\/ludica.uqo.ca\/index.php\/notre-equipe\/\",\"url\":\"https:\/\/ludica.uqo.ca\/index.php\/notre-equipe\/\",\"name\":\"Nos \u00e9tudiant(es) - LUDICA\",\"isPartOf\":{\"@id\":\"https:\/\/ludica.uqo.ca\/#website\"},\"datePublished\":\"2024-08-27T20:12:50+00:00\",\"dateModified\":\"2026-04-05T20:42:05+00:00\",\"breadcrumb\":{\"@id\":\"https:\/\/ludica.uqo.ca\/index.php\/notre-equipe\/#breadcrumb\"},\"inLanguage\":\"fr-FR\",\"potentialAction\":[{\"@type\":\"ReadAction\",\"target\":[\"https:\/\/ludica.uqo.ca\/index.php\/notre-equipe\/\"]}]},{\"@type\":\"BreadcrumbList\",\"@id\":\"https:\/\/ludica.uqo.ca\/index.php\/notre-equipe\/#breadcrumb\",\"itemListElement\":[{\"@type\":\"ListItem\",\"position\":1,\"name\":\"Accueil\",\"item\":\"https:\/\/ludica.uqo.ca\/\"},{\"@type\":\"ListItem\",\"position\":2,\"name\":\"Nos \u00e9tudiant(es)\"}]},{\"@type\":\"WebSite\",\"@id\":\"https:\/\/ludica.uqo.ca\/#website\",\"url\":\"https:\/\/ludica.uqo.ca\/\",\"name\":\"LUDICA\",\"description\":\"Laboratoire sur l&#039;Unicit\u00e9 et la Diversit\u00e9 des Int\u00e9r\u00eats et des Comportements en Autisme\",\"publisher\":{\"@id\":\"https:\/\/ludica.uqo.ca\/#organization\"},\"potentialAction\":[{\"@type\":\"SearchAction\",\"target\":{\"@type\":\"EntryPoint\",\"urlTemplate\":\"https:\/\/ludica.uqo.ca\/?s={search_term_string}\"},\"query-input\":\"required name=search_term_string\"}],\"inLanguage\":\"fr-FR\"},{\"@type\":\"Organization\",\"@id\":\"https:\/\/ludica.uqo.ca\/#organization\",\"name\":\"LUDICA\",\"url\":\"https:\/\/ludica.uqo.ca\/\",\"sameAs\":[\"https:\/\/www.facebook.com\/LABOLUDICA\"],\"logo\":{\"@type\":\"ImageObject\",\"inLanguage\":\"fr-FR\",\"@id\":\"https:\/\/ludica.uqo.ca\/#\/schema\/logo\/image\/\",\"url\":\"https:\/\/i0.wp.com\/ludica.uqo.ca\/wp-content\/uploads\/2021\/07\/Logo-LUDICA-abrege-e1659980461216.jpg?fit=1585%2C1125&ssl=1\",\"contentUrl\":\"https:\/\/i0.wp.com\/ludica.uqo.ca\/wp-content\/uploads\/2021\/07\/Logo-LUDICA-abrege-e1659980461216.jpg?fit=1585%2C1125&ssl=1\",\"width\":1585,\"height\":1125,\"caption\":\"LUDICA\"},\"image\":{\"@id\":\"https:\/\/ludica.uqo.ca\/#\/schema\/logo\/image\/\"}}]}<\/script>\n<!-- \/ Yoast SEO plugin. -->","yoast_head_json":{"title":"Nos \u00e9tudiant(es) - LUDICA","robots":{"index":"index","follow":"follow","max-snippet":"max-snippet:-1","max-image-preview":"max-image-preview:large","max-video-preview":"max-video-preview:-1"},"canonical":"https:\/\/ludica.uqo.ca\/index.php\/notre-equipe\/","og_locale":"fr_FR","og_type":"article","og_title":"Nos \u00e9tudiant(es) - LUDICA","og_description":"Nos \u00e9tudiant(es) \u00ab Tout seul on va plus vite, ensemble on va plus loin \u00bb \u2014 Proverbe africain","og_url":"https:\/\/ludica.uqo.ca\/index.php\/notre-equipe\/","og_site_name":"LUDICA","article_publisher":"https:\/\/www.facebook.com\/LABOLUDICA","article_modified_time":"2026-04-05T20:42:05+00:00","twitter_card":"summary_large_image","twitter_misc":{"Dur\u00e9e de lecture estim\u00e9e":"1 minute"},"schema":{"@context":"https:\/\/schema.org","@graph":[{"@type":"WebPage","@id":"https:\/\/ludica.uqo.ca\/index.php\/notre-equipe\/","url":"https:\/\/ludica.uqo.ca\/index.php\/notre-equipe\/","name":"Nos \u00e9tudiant(es) - LUDICA","isPartOf":{"@id":"https:\/\/ludica.uqo.ca\/#website"},"datePublished":"2024-08-27T20:12:50+00:00","dateModified":"2026-04-05T20:42:05+00:00","breadcrumb":{"@id":"https:\/\/ludica.uqo.ca\/index.php\/notre-equipe\/#breadcrumb"},"inLanguage":"fr-FR","potentialAction":[{"@type":"ReadAction","target":["https:\/\/ludica.uqo.ca\/index.php\/notre-equipe\/"]}]},{"@type":"BreadcrumbList","@id":"https:\/\/ludica.uqo.ca\/index.php\/notre-equipe\/#breadcrumb","itemListElement":[{"@type":"ListItem","position":1,"name":"Accueil","item":"https:\/\/ludica.uqo.ca\/"},{"@type":"ListItem","position":2,"name":"Nos \u00e9tudiant(es)"}]},{"@type":"WebSite","@id":"https:\/\/ludica.uqo.ca\/#website","url":"https:\/\/ludica.uqo.ca\/","name":"LUDICA","description":"Laboratoire sur l&#039;Unicit\u00e9 et la Diversit\u00e9 des Int\u00e9r\u00eats et des Comportements en Autisme","publisher":{"@id":"https:\/\/ludica.uqo.ca\/#organization"},"potentialAction":[{"@type":"SearchAction","target":{"@type":"EntryPoint","urlTemplate":"https:\/\/ludica.uqo.ca\/?s={search_term_string}"},"query-input":"required name=search_term_string"}],"inLanguage":"fr-FR"},{"@type":"Organization","@id":"https:\/\/ludica.uqo.ca\/#organization","name":"LUDICA","url":"https:\/\/ludica.uqo.ca\/","sameAs":["https:\/\/www.facebook.com\/LABOLUDICA"],"logo":{"@type":"ImageObject","inLanguage":"fr-FR","@id":"https:\/\/ludica.uqo.ca\/#\/schema\/logo\/image\/","url":"https:\/\/i0.wp.com\/ludica.uqo.ca\/wp-content\/uploads\/2021\/07\/Logo-LUDICA-abrege-e1659980461216.jpg?fit=1585%2C1125&ssl=1","contentUrl":"https:\/\/i0.wp.com\/ludica.uqo.ca\/wp-content\/uploads\/2021\/07\/Logo-LUDICA-abrege-e1659980461216.jpg?fit=1585%2C1125&ssl=1","width":1585,"height":1125,"caption":"LUDICA"},"image":{"@id":"https:\/\/ludica.uqo.ca\/#\/schema\/logo\/image\/"}}]}},"_links":{"self":[{"href":"https:\/\/ludica.uqo.ca\/index.php\/wp-json\/wp\/v2\/pages\/5281"}],"collection":[{"href":"https:\/\/ludica.uqo.ca\/index.php\/wp-json\/wp\/v2\/pages"}],"about":[{"href":"https:\/\/ludica.uqo.ca\/index.php\/wp-json\/wp\/v2\/types\/page"}],"author":[{"embeddable":true,"href":"https:\/\/ludica.uqo.ca\/index.php\/wp-json\/wp\/v2\/users\/7"}],"replies":[{"embeddable":true,"href":"https:\/\/ludica.uqo.ca\/index.php\/wp-json\/wp\/v2\/comments?post=5281"}],"version-history":[{"count":16,"href":"https:\/\/ludica.uqo.ca\/index.php\/wp-json\/wp\/v2\/pages\/5281\/revisions"}],"predecessor-version":[{"id":6085,"href":"https:\/\/ludica.uqo.ca\/index.php\/wp-json\/wp\/v2\/pages\/5281\/revisions\/6085"}],"wp:attachment":[{"href":"https:\/\/ludica.uqo.ca\/index.php\/wp-json\/wp\/v2\/media?parent=5281"}],"curies":[{"name":"wp","href":"https:\/\/api.w.org\/{rel}","templated":true}]}}