{"id":5301,"date":"2024-08-27T21:04:15","date_gmt":"2024-08-27T21:04:15","guid":{"rendered":"https:\/\/ludica.uqo.ca\/?page_id=5301"},"modified":"2024-08-27T21:04:17","modified_gmt":"2024-08-27T21:04:17","slug":"publications-scientifiques","status":"publish","type":"page","link":"https:\/\/ludica.uqo.ca\/index.php\/publications-scientifiques\/","title":{"rendered":"Publications scientifiques"},"content":{"rendered":"\n<figure class=\"wp-block-pullquote is-style-default has-border-color\" style=\"border-color:#05949e00\"><blockquote><p>La professeure Claudine Jacques contribue \u00e0 une d\u00e9couverte importante!<\/p><cite>Madame Jacques, en collaboration avec l\u2019\u00e9quipe du projet&nbsp;<em>Une autre intelligence<\/em>,&nbsp;ont men\u00e9 une \u00e9tude aupr\u00e8s de jeunes enfants autistes dont les r\u00e9sultats ont une grande importance. Cette \u00e9tude a en effet d\u00e9montr\u00e9 que les comportements r\u00e9p\u00e9titifs des enfants autistes ne nuisent pas \u00e0 l\u2019exploration d\u2019objets. <br><br><strong><a href=\"https:\/\/uqo.ca\/docs\/32058\" target=\"_blank\" rel=\"noreferrer noopener\">Lire l&rsquo;article dans la revue PLoS One!<\/a><\/strong><\/cite><\/blockquote><\/figure>\n\n\n<style id=\"kb-spacer_8b6dbe-84\">.wp-block-kadence-spacer.kt-block-spacer-_8b6dbe-84 .kt-block-spacer{height:20px;}.wp-block-kadence-spacer.kt-block-spacer-_8b6dbe-84 .kt-divider{width:80%;}<\/style>\n<div class=\"wp-block-kadence-spacer aligncenter kt-block-spacer-_8b6dbe-84\"><div class=\"kt-block-spacer kt-block-spacer-halign-center\"><hr class=\"kt-divider\"\/><\/div><\/div>\n\n\n\n<h5 class=\"has-suki-color-6-background-color has-background has-small-font-size\" style=\"font-style:normal;font-weight:300\">Tardif, G., Paquette, N., Jacques, C., Coutu, S., Dubeau, D., B\u00e9rub\u00e9, A. et Lemay, L. (2022).\u202fSynth\u00e8se des connaissances portant sur l&rsquo;identification d&rsquo;outils permettant la mesure populationnelle du d\u00e9veloppement des enfants de 2 ans.\u202fPsychologie canadienne.<\/h5>\n\n\n\n<h5 class=\"has-suki-color-6-background-color has-background has-small-font-size\" style=\"font-style:normal;font-weight:300\">Jacques, C., Courchesne, V., Mineau, S., Dawson, M., &amp; Mottron, L. (2022). Positive, negative, and other emotions in young autistic children: the importance of interpretation and context. Autism. DOI: 10.1177\/13623613211068221<\/h5>\n\n\n\n<h5 class=\"has-suki-color-6-background-color has-background has-small-font-size\" style=\"font-style:normal;font-weight:300\">Girard, D., Courchesne, V., Cimon-Paquet, C., Jacques, C., &amp; Souli\u00e8res, I. (2021). Trajectories and perceptual precursors of intelligence in minimally verbal autistic children from preschool to school age. https:\/\/doi.org\/10.21203\/rs.3.rs-1075028\/v1<\/h5>\n\n\n\n<h5 class=\"has-suki-color-6-background-color has-background has-small-font-size\" style=\"font-style:normal;font-weight:300\">Jacques, C., Saulnier, G., Ethier, A., &amp; Souli\u00e8res, I. (2021). Experience of autistic children and their families during the pandemic: from distress to coping strategies. Journal of Autism and Developmental Disorder. https:\/\/doi.org\/10.1371\/journal.pone.0209251.<\/h5>\n\n\n\n<h5 class=\"has-suki-color-6-background-color has-background has-small-font-size\" style=\"font-style:normal;font-weight:300\">Larose, V., Sotelo, K., Mottron, L., &amp; Jacques, C. (2021). Initial Development of a Questionnaire About Parents\u2019 Perspectives on the Strengths and Interests of Autistic Preschoolers. Canadian Journal of Behavioural Science\/ Revue Canadienne des sciences du comportement, http:\/\/dx.doi.org\/10.1037\/cbs0000268.<\/h5>\n\n\n\n<h5 class=\"has-suki-color-6-background-color has-background has-small-font-size\" style=\"font-style:normal;font-weight:300\">Couture, M., C. Normand, C. Jacques, F. Beauregard, S. Fecteau, J. Berbari. (2020). Perspectives on the Social Participation of Adults With Autism Spectrum Disorders (ASD): Descriptive Data From a Provincial Survey. American Journal of 1 Occupational Therapy, 74 (4), doi:10.5014\/ajot.2020.74S1-RP103D.<\/h5>\n\n\n\n<h5 class=\"has-suki-color-6-background-color has-background has-small-font-size\" style=\"font-style:normal;font-weight:300\">Jacques, C., Courchesne, V., Simard Meilleur, A-A., Mineau, S., Ferguson, S., Cousineau, D., Labbe, A., Dawson, M., &amp; Mottron, L. (2018). What interests young autistic children? An exploratory study of object exploration and repetitive behavior. PloS one, https:\/\/doi.org\/10.1371\/journal.pone.0209251.<\/h5>\n\n\n\n<h5 class=\"has-suki-color-6-background-color has-background has-small-font-size\" style=\"font-style:normal;font-weight:300\">Courchesne, V., Girard, D., Jacques, C., &amp; Souli\u00e8res, I. (2018). Assessing intelligence at autism diagnosis: mission impossible? Testability and cognitive profile of autistic preschoolers. Journal of Autism and Developmental Disorders, 49, 845-856.<\/h5>\n\n\n\n<h5 class=\"has-suki-color-6-background-color has-background has-small-font-size\" style=\"font-style:normal;font-weight:300\">Jacques, C., Cloutier, V., &amp; Bouchard, S. (2018). The \u00ab Decoding of social interactions in Virtual Reality\u201d Taks for autism spectrum people: Development of an intervention protocol and pilot testing. Annual Review of cybertherapy and telemedicine, 148-152<\/h5>\n","protected":false},"excerpt":{"rendered":"<p>La professeure Claudine Jacques contribue \u00e0 une d\u00e9couverte importante! Madame Jacques, en collaboration avec l\u2019\u00e9quipe du projet&nbsp;Une autre intelligence,&nbsp;ont men\u00e9 une \u00e9tude aupr\u00e8s de jeunes enfants autistes dont les r\u00e9sultats ont une grande importance. Cette \u00e9tude a en effet d\u00e9montr\u00e9 que les comportements r\u00e9p\u00e9titifs des enfants autistes ne nuisent pas \u00e0 l\u2019exploration d\u2019objets. Lire l&rsquo;article &hellip;<\/p>\n","protected":false},"author":7,"featured_media":0,"parent":0,"menu_order":0,"comment_status":"closed","ping_status":"closed","template":"","meta":[],"yoast_head":"<!-- This site is optimized with the Yoast SEO plugin v19.6 - https:\/\/yoast.com\/wordpress\/plugins\/seo\/ -->\n<title>Publications scientifiques - LUDICA<\/title>\n<meta name=\"robots\" content=\"index, follow, max-snippet:-1, max-image-preview:large, max-video-preview:-1\" \/>\n<link rel=\"canonical\" href=\"https:\/\/ludica.uqo.ca\/index.php\/publications-scientifiques\/\" \/>\n<meta property=\"og:locale\" content=\"fr_FR\" \/>\n<meta property=\"og:type\" content=\"article\" \/>\n<meta property=\"og:title\" content=\"Publications scientifiques - LUDICA\" \/>\n<meta property=\"og:description\" content=\"La professeure Claudine Jacques contribue \u00e0 une d\u00e9couverte importante! Madame Jacques, en collaboration avec l\u2019\u00e9quipe du projet&nbsp;Une autre intelligence,&nbsp;ont men\u00e9 une \u00e9tude aupr\u00e8s de jeunes enfants autistes dont les r\u00e9sultats ont une grande importance. Cette \u00e9tude a en effet d\u00e9montr\u00e9 que les comportements r\u00e9p\u00e9titifs des enfants autistes ne nuisent pas \u00e0 l\u2019exploration d\u2019objets. Lire l&rsquo;article &hellip;\" \/>\n<meta property=\"og:url\" content=\"https:\/\/ludica.uqo.ca\/index.php\/publications-scientifiques\/\" \/>\n<meta property=\"og:site_name\" content=\"LUDICA\" \/>\n<meta property=\"article:publisher\" content=\"https:\/\/www.facebook.com\/LABOLUDICA\" \/>\n<meta property=\"article:modified_time\" content=\"2024-08-27T21:04:17+00:00\" \/>\n<meta name=\"twitter:card\" content=\"summary_large_image\" \/>\n<meta name=\"twitter:label1\" content=\"Dur\u00e9e de lecture estim\u00e9e\" \/>\n\t<meta name=\"twitter:data1\" content=\"2 minutes\" \/>\n<script type=\"application\/ld+json\" class=\"yoast-schema-graph\">{\"@context\":\"https:\/\/schema.org\",\"@graph\":[{\"@type\":\"WebPage\",\"@id\":\"https:\/\/ludica.uqo.ca\/index.php\/publications-scientifiques\/\",\"url\":\"https:\/\/ludica.uqo.ca\/index.php\/publications-scientifiques\/\",\"name\":\"Publications scientifiques - LUDICA\",\"isPartOf\":{\"@id\":\"https:\/\/ludica.uqo.ca\/#website\"},\"datePublished\":\"2024-08-27T21:04:15+00:00\",\"dateModified\":\"2024-08-27T21:04:17+00:00\",\"breadcrumb\":{\"@id\":\"https:\/\/ludica.uqo.ca\/index.php\/publications-scientifiques\/#breadcrumb\"},\"inLanguage\":\"fr-FR\",\"potentialAction\":[{\"@type\":\"ReadAction\",\"target\":[\"https:\/\/ludica.uqo.ca\/index.php\/publications-scientifiques\/\"]}]},{\"@type\":\"BreadcrumbList\",\"@id\":\"https:\/\/ludica.uqo.ca\/index.php\/publications-scientifiques\/#breadcrumb\",\"itemListElement\":[{\"@type\":\"ListItem\",\"position\":1,\"name\":\"Accueil\",\"item\":\"https:\/\/ludica.uqo.ca\/\"},{\"@type\":\"ListItem\",\"position\":2,\"name\":\"Publications scientifiques\"}]},{\"@type\":\"WebSite\",\"@id\":\"https:\/\/ludica.uqo.ca\/#website\",\"url\":\"https:\/\/ludica.uqo.ca\/\",\"name\":\"LUDICA\",\"description\":\"Laboratoire sur l&#039;Unicit\u00e9 et la Diversit\u00e9 des Int\u00e9r\u00eats et des Comportements en Autisme\",\"publisher\":{\"@id\":\"https:\/\/ludica.uqo.ca\/#organization\"},\"potentialAction\":[{\"@type\":\"SearchAction\",\"target\":{\"@type\":\"EntryPoint\",\"urlTemplate\":\"https:\/\/ludica.uqo.ca\/?s={search_term_string}\"},\"query-input\":\"required name=search_term_string\"}],\"inLanguage\":\"fr-FR\"},{\"@type\":\"Organization\",\"@id\":\"https:\/\/ludica.uqo.ca\/#organization\",\"name\":\"LUDICA\",\"url\":\"https:\/\/ludica.uqo.ca\/\",\"sameAs\":[\"https:\/\/www.facebook.com\/LABOLUDICA\"],\"logo\":{\"@type\":\"ImageObject\",\"inLanguage\":\"fr-FR\",\"@id\":\"https:\/\/ludica.uqo.ca\/#\/schema\/logo\/image\/\",\"url\":\"https:\/\/i0.wp.com\/ludica.uqo.ca\/wp-content\/uploads\/2021\/07\/Logo-LUDICA-abrege-e1659980461216.jpg?fit=1585%2C1125&ssl=1\",\"contentUrl\":\"https:\/\/i0.wp.com\/ludica.uqo.ca\/wp-content\/uploads\/2021\/07\/Logo-LUDICA-abrege-e1659980461216.jpg?fit=1585%2C1125&ssl=1\",\"width\":1585,\"height\":1125,\"caption\":\"LUDICA\"},\"image\":{\"@id\":\"https:\/\/ludica.uqo.ca\/#\/schema\/logo\/image\/\"}}]}<\/script>\n<!-- \/ Yoast SEO plugin. -->","yoast_head_json":{"title":"Publications scientifiques - LUDICA","robots":{"index":"index","follow":"follow","max-snippet":"max-snippet:-1","max-image-preview":"max-image-preview:large","max-video-preview":"max-video-preview:-1"},"canonical":"https:\/\/ludica.uqo.ca\/index.php\/publications-scientifiques\/","og_locale":"fr_FR","og_type":"article","og_title":"Publications scientifiques - LUDICA","og_description":"La professeure Claudine Jacques contribue \u00e0 une d\u00e9couverte importante! Madame Jacques, en collaboration avec l\u2019\u00e9quipe du projet&nbsp;Une autre intelligence,&nbsp;ont men\u00e9 une \u00e9tude aupr\u00e8s de jeunes enfants autistes dont les r\u00e9sultats ont une grande importance. Cette \u00e9tude a en effet d\u00e9montr\u00e9 que les comportements r\u00e9p\u00e9titifs des enfants autistes ne nuisent pas \u00e0 l\u2019exploration d\u2019objets. Lire l&rsquo;article &hellip;","og_url":"https:\/\/ludica.uqo.ca\/index.php\/publications-scientifiques\/","og_site_name":"LUDICA","article_publisher":"https:\/\/www.facebook.com\/LABOLUDICA","article_modified_time":"2024-08-27T21:04:17+00:00","twitter_card":"summary_large_image","twitter_misc":{"Dur\u00e9e de lecture estim\u00e9e":"2 minutes"},"schema":{"@context":"https:\/\/schema.org","@graph":[{"@type":"WebPage","@id":"https:\/\/ludica.uqo.ca\/index.php\/publications-scientifiques\/","url":"https:\/\/ludica.uqo.ca\/index.php\/publications-scientifiques\/","name":"Publications scientifiques - LUDICA","isPartOf":{"@id":"https:\/\/ludica.uqo.ca\/#website"},"datePublished":"2024-08-27T21:04:15+00:00","dateModified":"2024-08-27T21:04:17+00:00","breadcrumb":{"@id":"https:\/\/ludica.uqo.ca\/index.php\/publications-scientifiques\/#breadcrumb"},"inLanguage":"fr-FR","potentialAction":[{"@type":"ReadAction","target":["https:\/\/ludica.uqo.ca\/index.php\/publications-scientifiques\/"]}]},{"@type":"BreadcrumbList","@id":"https:\/\/ludica.uqo.ca\/index.php\/publications-scientifiques\/#breadcrumb","itemListElement":[{"@type":"ListItem","position":1,"name":"Accueil","item":"https:\/\/ludica.uqo.ca\/"},{"@type":"ListItem","position":2,"name":"Publications scientifiques"}]},{"@type":"WebSite","@id":"https:\/\/ludica.uqo.ca\/#website","url":"https:\/\/ludica.uqo.ca\/","name":"LUDICA","description":"Laboratoire sur l&#039;Unicit\u00e9 et la Diversit\u00e9 des Int\u00e9r\u00eats et des Comportements en Autisme","publisher":{"@id":"https:\/\/ludica.uqo.ca\/#organization"},"potentialAction":[{"@type":"SearchAction","target":{"@type":"EntryPoint","urlTemplate":"https:\/\/ludica.uqo.ca\/?s={search_term_string}"},"query-input":"required name=search_term_string"}],"inLanguage":"fr-FR"},{"@type":"Organization","@id":"https:\/\/ludica.uqo.ca\/#organization","name":"LUDICA","url":"https:\/\/ludica.uqo.ca\/","sameAs":["https:\/\/www.facebook.com\/LABOLUDICA"],"logo":{"@type":"ImageObject","inLanguage":"fr-FR","@id":"https:\/\/ludica.uqo.ca\/#\/schema\/logo\/image\/","url":"https:\/\/i0.wp.com\/ludica.uqo.ca\/wp-content\/uploads\/2021\/07\/Logo-LUDICA-abrege-e1659980461216.jpg?fit=1585%2C1125&ssl=1","contentUrl":"https:\/\/i0.wp.com\/ludica.uqo.ca\/wp-content\/uploads\/2021\/07\/Logo-LUDICA-abrege-e1659980461216.jpg?fit=1585%2C1125&ssl=1","width":1585,"height":1125,"caption":"LUDICA"},"image":{"@id":"https:\/\/ludica.uqo.ca\/#\/schema\/logo\/image\/"}}]}},"_links":{"self":[{"href":"https:\/\/ludica.uqo.ca\/index.php\/wp-json\/wp\/v2\/pages\/5301"}],"collection":[{"href":"https:\/\/ludica.uqo.ca\/index.php\/wp-json\/wp\/v2\/pages"}],"about":[{"href":"https:\/\/ludica.uqo.ca\/index.php\/wp-json\/wp\/v2\/types\/page"}],"author":[{"embeddable":true,"href":"https:\/\/ludica.uqo.ca\/index.php\/wp-json\/wp\/v2\/users\/7"}],"replies":[{"embeddable":true,"href":"https:\/\/ludica.uqo.ca\/index.php\/wp-json\/wp\/v2\/comments?post=5301"}],"version-history":[{"count":4,"href":"https:\/\/ludica.uqo.ca\/index.php\/wp-json\/wp\/v2\/pages\/5301\/revisions"}],"predecessor-version":[{"id":5308,"href":"https:\/\/ludica.uqo.ca\/index.php\/wp-json\/wp\/v2\/pages\/5301\/revisions\/5308"}],"wp:attachment":[{"href":"https:\/\/ludica.uqo.ca\/index.php\/wp-json\/wp\/v2\/media?parent=5301"}],"curies":[{"name":"wp","href":"https:\/\/api.w.org\/{rel}","templated":true}]}}