{"id":5362,"date":"2024-09-08T16:13:36","date_gmt":"2024-09-08T16:13:36","guid":{"rendered":"https:\/\/ludica.uqo.ca\/?page_id=5362"},"modified":"2025-08-19T01:50:54","modified_gmt":"2025-08-19T01:50:54","slug":"etudiantes-au-baccalaureat","status":"publish","type":"page","link":"https:\/\/ludica.uqo.ca\/index.php\/etudiantes-au-baccalaureat\/","title":{"rendered":"\u00c9tudiantes au baccalaur\u00e9at"},"content":{"rendered":"\n<h1 class=\"alignfull has-text-align-center has-white-color has-text-color has-background\" style=\"background-color:#33a3ae;font-size:30px;line-height:0.5\"><strong>Nos \u00e9tudiantes au baccalaur\u00e9at<\/strong><\/h1>\n\n\n<style id=\"kb-spacer_1c93f5-2c\">.wp-block-kadence-spacer.kt-block-spacer-_1c93f5-2c .kt-block-spacer{height:20px;}.wp-block-kadence-spacer.kt-block-spacer-_1c93f5-2c .kt-divider{border-top-color:#ffffff;width:80%;}<\/style>\n<div class=\"wp-block-kadence-spacer aligncenter kt-block-spacer-_1c93f5-2c\"><div class=\"kt-block-spacer kt-block-spacer-halign-center\"><hr class=\"kt-divider\"\/><\/div><\/div>\n\n\n\n<div class=\"wp-container-2 wp-block-columns is-not-stacked-on-mobile\">\n<div class=\"wp-container-1 wp-block-column\">\n<p class=\"has-text-align-center has-large-font-size\"><strong>Profils \u00e0 venir <\/strong><\/p>\n<\/div>\n<\/div>\n\n\n<style id=\"kb-spacer_241b2a-ec\">.wp-block-kadence-spacer.kt-block-spacer-_241b2a-ec .kt-block-spacer{height:20px;}.wp-block-kadence-spacer.kt-block-spacer-_241b2a-ec .kt-divider{border-top-color:#ffffff;width:80%;}<\/style>\n<div class=\"wp-block-kadence-spacer aligncenter kt-block-spacer-_241b2a-ec\"><div class=\"kt-block-spacer kt-block-spacer-halign-center\"><hr class=\"kt-divider\"\/><\/div><\/div>\n\n\n\n\n\n<div class=\"wp-container-3 is-content-justification-center is-nowrap wp-block-group\">\n<figure class=\"wp-block-pullquote has-text-align-center is-style-large has-border-color\" style=\"border-color:#ffffff52;border-radius:0px;border-style:solid\"><blockquote><p><em>\u00ab Tout seul on va plus vite, ensemble on va plus loin \u00bb<\/em><\/p><cite>&#8211; Proverbe africain<\/cite><\/blockquote><\/figure>\n<\/div>\n\n\n\n<div style=\"height:25px\" aria-hidden=\"true\" class=\"wp-block-spacer\"><\/div>\n","protected":false},"excerpt":{"rendered":"<p>Nos \u00e9tudiantes au baccalaur\u00e9at Profils \u00e0 venir \u00ab Tout seul on va plus vite, ensemble on va plus loin \u00bb &#8211; Proverbe africain<\/p>\n","protected":false},"author":7,"featured_media":0,"parent":0,"menu_order":0,"comment_status":"closed","ping_status":"closed","template":"","meta":[],"yoast_head":"<!-- This site is optimized with the Yoast SEO plugin v19.6 - https:\/\/yoast.com\/wordpress\/plugins\/seo\/ -->\n<title>\u00c9tudiantes au baccalaur\u00e9at - LUDICA<\/title>\n<meta name=\"robots\" content=\"index, follow, max-snippet:-1, max-image-preview:large, max-video-preview:-1\" \/>\n<link rel=\"canonical\" href=\"https:\/\/ludica.uqo.ca\/index.php\/etudiantes-au-baccalaureat\/\" \/>\n<meta property=\"og:locale\" content=\"fr_FR\" \/>\n<meta property=\"og:type\" content=\"article\" \/>\n<meta property=\"og:title\" content=\"\u00c9tudiantes au baccalaur\u00e9at - LUDICA\" \/>\n<meta property=\"og:description\" content=\"Nos \u00e9tudiantes au baccalaur\u00e9at Profils \u00e0 venir \u00ab Tout seul on va plus vite, ensemble on va plus loin \u00bb &#8211; Proverbe africain\" \/>\n<meta property=\"og:url\" content=\"https:\/\/ludica.uqo.ca\/index.php\/etudiantes-au-baccalaureat\/\" \/>\n<meta property=\"og:site_name\" content=\"LUDICA\" \/>\n<meta property=\"article:publisher\" content=\"https:\/\/www.facebook.com\/LABOLUDICA\" \/>\n<meta property=\"article:modified_time\" content=\"2025-08-19T01:50:54+00:00\" \/>\n<meta name=\"twitter:card\" content=\"summary_large_image\" \/>\n<meta name=\"twitter:label1\" content=\"Dur\u00e9e de lecture estim\u00e9e\" \/>\n\t<meta name=\"twitter:data1\" content=\"1 minute\" \/>\n<script type=\"application\/ld+json\" class=\"yoast-schema-graph\">{\"@context\":\"https:\/\/schema.org\",\"@graph\":[{\"@type\":\"WebPage\",\"@id\":\"https:\/\/ludica.uqo.ca\/index.php\/etudiantes-au-baccalaureat\/\",\"url\":\"https:\/\/ludica.uqo.ca\/index.php\/etudiantes-au-baccalaureat\/\",\"name\":\"\u00c9tudiantes au baccalaur\u00e9at - LUDICA\",\"isPartOf\":{\"@id\":\"https:\/\/ludica.uqo.ca\/#website\"},\"datePublished\":\"2024-09-08T16:13:36+00:00\",\"dateModified\":\"2025-08-19T01:50:54+00:00\",\"breadcrumb\":{\"@id\":\"https:\/\/ludica.uqo.ca\/index.php\/etudiantes-au-baccalaureat\/#breadcrumb\"},\"inLanguage\":\"fr-FR\",\"potentialAction\":[{\"@type\":\"ReadAction\",\"target\":[\"https:\/\/ludica.uqo.ca\/index.php\/etudiantes-au-baccalaureat\/\"]}]},{\"@type\":\"BreadcrumbList\",\"@id\":\"https:\/\/ludica.uqo.ca\/index.php\/etudiantes-au-baccalaureat\/#breadcrumb\",\"itemListElement\":[{\"@type\":\"ListItem\",\"position\":1,\"name\":\"Accueil\",\"item\":\"https:\/\/ludica.uqo.ca\/\"},{\"@type\":\"ListItem\",\"position\":2,\"name\":\"\u00c9tudiantes au baccalaur\u00e9at\"}]},{\"@type\":\"WebSite\",\"@id\":\"https:\/\/ludica.uqo.ca\/#website\",\"url\":\"https:\/\/ludica.uqo.ca\/\",\"name\":\"LUDICA\",\"description\":\"Laboratoire sur l&#039;Unicit\u00e9 et la Diversit\u00e9 des Int\u00e9r\u00eats et des Comportements en Autisme\",\"publisher\":{\"@id\":\"https:\/\/ludica.uqo.ca\/#organization\"},\"potentialAction\":[{\"@type\":\"SearchAction\",\"target\":{\"@type\":\"EntryPoint\",\"urlTemplate\":\"https:\/\/ludica.uqo.ca\/?s={search_term_string}\"},\"query-input\":\"required name=search_term_string\"}],\"inLanguage\":\"fr-FR\"},{\"@type\":\"Organization\",\"@id\":\"https:\/\/ludica.uqo.ca\/#organization\",\"name\":\"LUDICA\",\"url\":\"https:\/\/ludica.uqo.ca\/\",\"sameAs\":[\"https:\/\/www.facebook.com\/LABOLUDICA\"],\"logo\":{\"@type\":\"ImageObject\",\"inLanguage\":\"fr-FR\",\"@id\":\"https:\/\/ludica.uqo.ca\/#\/schema\/logo\/image\/\",\"url\":\"https:\/\/i0.wp.com\/ludica.uqo.ca\/wp-content\/uploads\/2021\/07\/Logo-LUDICA-abrege-e1659980461216.jpg?fit=1585%2C1125&ssl=1\",\"contentUrl\":\"https:\/\/i0.wp.com\/ludica.uqo.ca\/wp-content\/uploads\/2021\/07\/Logo-LUDICA-abrege-e1659980461216.jpg?fit=1585%2C1125&ssl=1\",\"width\":1585,\"height\":1125,\"caption\":\"LUDICA\"},\"image\":{\"@id\":\"https:\/\/ludica.uqo.ca\/#\/schema\/logo\/image\/\"}}]}<\/script>\n<!-- \/ Yoast SEO plugin. -->","yoast_head_json":{"title":"\u00c9tudiantes au baccalaur\u00e9at - LUDICA","robots":{"index":"index","follow":"follow","max-snippet":"max-snippet:-1","max-image-preview":"max-image-preview:large","max-video-preview":"max-video-preview:-1"},"canonical":"https:\/\/ludica.uqo.ca\/index.php\/etudiantes-au-baccalaureat\/","og_locale":"fr_FR","og_type":"article","og_title":"\u00c9tudiantes au baccalaur\u00e9at - LUDICA","og_description":"Nos \u00e9tudiantes au baccalaur\u00e9at Profils \u00e0 venir \u00ab Tout seul on va plus vite, ensemble on va plus loin \u00bb &#8211; Proverbe africain","og_url":"https:\/\/ludica.uqo.ca\/index.php\/etudiantes-au-baccalaureat\/","og_site_name":"LUDICA","article_publisher":"https:\/\/www.facebook.com\/LABOLUDICA","article_modified_time":"2025-08-19T01:50:54+00:00","twitter_card":"summary_large_image","twitter_misc":{"Dur\u00e9e de lecture estim\u00e9e":"1 minute"},"schema":{"@context":"https:\/\/schema.org","@graph":[{"@type":"WebPage","@id":"https:\/\/ludica.uqo.ca\/index.php\/etudiantes-au-baccalaureat\/","url":"https:\/\/ludica.uqo.ca\/index.php\/etudiantes-au-baccalaureat\/","name":"\u00c9tudiantes au baccalaur\u00e9at - LUDICA","isPartOf":{"@id":"https:\/\/ludica.uqo.ca\/#website"},"datePublished":"2024-09-08T16:13:36+00:00","dateModified":"2025-08-19T01:50:54+00:00","breadcrumb":{"@id":"https:\/\/ludica.uqo.ca\/index.php\/etudiantes-au-baccalaureat\/#breadcrumb"},"inLanguage":"fr-FR","potentialAction":[{"@type":"ReadAction","target":["https:\/\/ludica.uqo.ca\/index.php\/etudiantes-au-baccalaureat\/"]}]},{"@type":"BreadcrumbList","@id":"https:\/\/ludica.uqo.ca\/index.php\/etudiantes-au-baccalaureat\/#breadcrumb","itemListElement":[{"@type":"ListItem","position":1,"name":"Accueil","item":"https:\/\/ludica.uqo.ca\/"},{"@type":"ListItem","position":2,"name":"\u00c9tudiantes au baccalaur\u00e9at"}]},{"@type":"WebSite","@id":"https:\/\/ludica.uqo.ca\/#website","url":"https:\/\/ludica.uqo.ca\/","name":"LUDICA","description":"Laboratoire sur l&#039;Unicit\u00e9 et la Diversit\u00e9 des Int\u00e9r\u00eats et des Comportements en Autisme","publisher":{"@id":"https:\/\/ludica.uqo.ca\/#organization"},"potentialAction":[{"@type":"SearchAction","target":{"@type":"EntryPoint","urlTemplate":"https:\/\/ludica.uqo.ca\/?s={search_term_string}"},"query-input":"required name=search_term_string"}],"inLanguage":"fr-FR"},{"@type":"Organization","@id":"https:\/\/ludica.uqo.ca\/#organization","name":"LUDICA","url":"https:\/\/ludica.uqo.ca\/","sameAs":["https:\/\/www.facebook.com\/LABOLUDICA"],"logo":{"@type":"ImageObject","inLanguage":"fr-FR","@id":"https:\/\/ludica.uqo.ca\/#\/schema\/logo\/image\/","url":"https:\/\/i0.wp.com\/ludica.uqo.ca\/wp-content\/uploads\/2021\/07\/Logo-LUDICA-abrege-e1659980461216.jpg?fit=1585%2C1125&ssl=1","contentUrl":"https:\/\/i0.wp.com\/ludica.uqo.ca\/wp-content\/uploads\/2021\/07\/Logo-LUDICA-abrege-e1659980461216.jpg?fit=1585%2C1125&ssl=1","width":1585,"height":1125,"caption":"LUDICA"},"image":{"@id":"https:\/\/ludica.uqo.ca\/#\/schema\/logo\/image\/"}}]}},"_links":{"self":[{"href":"https:\/\/ludica.uqo.ca\/index.php\/wp-json\/wp\/v2\/pages\/5362"}],"collection":[{"href":"https:\/\/ludica.uqo.ca\/index.php\/wp-json\/wp\/v2\/pages"}],"about":[{"href":"https:\/\/ludica.uqo.ca\/index.php\/wp-json\/wp\/v2\/types\/page"}],"author":[{"embeddable":true,"href":"https:\/\/ludica.uqo.ca\/index.php\/wp-json\/wp\/v2\/users\/7"}],"replies":[{"embeddable":true,"href":"https:\/\/ludica.uqo.ca\/index.php\/wp-json\/wp\/v2\/comments?post=5362"}],"version-history":[{"count":11,"href":"https:\/\/ludica.uqo.ca\/index.php\/wp-json\/wp\/v2\/pages\/5362\/revisions"}],"predecessor-version":[{"id":5962,"href":"https:\/\/ludica.uqo.ca\/index.php\/wp-json\/wp\/v2\/pages\/5362\/revisions\/5962"}],"wp:attachment":[{"href":"https:\/\/ludica.uqo.ca\/index.php\/wp-json\/wp\/v2\/media?parent=5362"}],"curies":[{"name":"wp","href":"https:\/\/api.w.org\/{rel}","templated":true}]}}