{"id":5758,"date":"2025-08-17T23:20:54","date_gmt":"2025-08-17T23:20:54","guid":{"rendered":"https:\/\/ludica.uqo.ca\/?page_id=5758"},"modified":"2026-05-13T19:04:14","modified_gmt":"2026-05-13T19:04:14","slug":"allyson-bastien","status":"publish","type":"page","link":"https:\/\/ludica.uqo.ca\/index.php\/allyson-bastien\/","title":{"rendered":"Allyson Bastien"},"content":{"rendered":"\n<div class=\"wp-block-media-text alignwide is-stacked-on-mobile\" style=\"grid-template-columns:35% auto\"><figure class=\"wp-block-media-text__media\"><img loading=\"lazy\" width=\"683\" height=\"1024\" src=\"https:\/\/i0.wp.com\/ludica.uqo.ca\/wp-content\/uploads\/2025\/05\/495376391_722608097005979_8726856411997204188_n.jpg?resize=683%2C1024&#038;ssl=1\" alt=\"\" class=\"wp-image-5707 size-full\" srcset=\"https:\/\/i0.wp.com\/ludica.uqo.ca\/wp-content\/uploads\/2025\/05\/495376391_722608097005979_8726856411997204188_n.jpg?resize=683%2C1024&amp;ssl=1 683w, https:\/\/i0.wp.com\/ludica.uqo.ca\/wp-content\/uploads\/2025\/05\/495376391_722608097005979_8726856411997204188_n.jpg?resize=200%2C300&amp;ssl=1 200w, https:\/\/i0.wp.com\/ludica.uqo.ca\/wp-content\/uploads\/2025\/05\/495376391_722608097005979_8726856411997204188_n.jpg?resize=768%2C1151&amp;ssl=1 768w, https:\/\/i0.wp.com\/ludica.uqo.ca\/wp-content\/uploads\/2025\/05\/495376391_722608097005979_8726856411997204188_n.jpg?resize=1025%2C1536&amp;ssl=1 1025w, https:\/\/i0.wp.com\/ludica.uqo.ca\/wp-content\/uploads\/2025\/05\/495376391_722608097005979_8726856411997204188_n.jpg?resize=16%2C24&amp;ssl=1 16w, https:\/\/i0.wp.com\/ludica.uqo.ca\/wp-content\/uploads\/2025\/05\/495376391_722608097005979_8726856411997204188_n.jpg?resize=24%2C36&amp;ssl=1 24w, https:\/\/i0.wp.com\/ludica.uqo.ca\/wp-content\/uploads\/2025\/05\/495376391_722608097005979_8726856411997204188_n.jpg?resize=32%2C48&amp;ssl=1 32w, https:\/\/i0.wp.com\/ludica.uqo.ca\/wp-content\/uploads\/2025\/05\/495376391_722608097005979_8726856411997204188_n.jpg?w=1366&amp;ssl=1 1366w\" sizes=\"(max-width: 683px) 100vw, 683px\" data-recalc-dims=\"1\" \/><\/figure><div class=\"wp-block-media-text__content\">\n<h1 class=\"has-text-align-center has-suki-color-8-color has-text-color\" style=\"font-size:30px\"><strong>\u00c9tudiante au doctorat en psychologie <\/strong><br><strong>(Ph. D.) &#8211; UQO<\/strong> <\/h1>\n\n\n\n<p class=\"has-text-align-center has-text-color\" style=\"color:#05949e;font-size:28px\">2025-2030<\/p>\n\n\n\n<hr class=\"wp-block-separator has-text-color has-css-opacity has-background is-style-wide\" style=\"background-color:#cfcece;color:#cfcece\"\/>\n\n\n\n<h1 style=\"font-size:19px\">Allyson est doctorante au Ph. D. en psychologie sous la direction de Claudine Jacques et la co-direction de Daniel Fiset. Elle s\u2019int\u00e9resse \u00e0 la socio-communication chez les enfants autistes et leurs parents ainsi qu\u2019\u00e0 la mani\u00e8re dont ceux-ci traitent les visages.&nbsp;<br><br>Allyson&nbsp;a obtenu un DEC en sciences, lettres et arts, ce qui lui a permis de joindre ses int\u00e9r\u00eats pour les sciences naturelles et les sciences humaines. Consciente de la forte pr\u00e9valence des conditions neurod\u00e9veloppementales au sein de son entourage, son int\u00e9r\u00eat pour ce sujet a grandit. Allyson a donc d\u00e9but\u00e9 au sein d\u2019un organisme communautaire en faisant de la stimulation aupr\u00e8s de la client\u00e8le 0-5 ans pr\u00e9sentant des atypies d\u00e9veloppementales. Elle a d\u00e9velopp\u00e9 un coup de c\u0153ur pour cette client\u00e8le, ce qui a suscit\u00e9 en elle un d\u00e9sir d\u2019approfondir ses connaissances gr\u00e2ce aux projets du LUDICA. Apr\u00e8s quelques ann\u00e9es d\u2019assistanat de recherche, Allyson a d\u00e9couvert une v\u00e9ritable passion envers ce domaine, ce qui l&rsquo;a pouss\u00e9e \u00e0 poursuivre son parcours au doctorat en psychologie (cheminement recherche).<\/h1>\n<\/div><\/div>\n\n\n\n<div class=\"wp-container-6 wp-block-group\"><div class=\"wp-block-group__inner-container\">\n<div class=\"wp-container-5 wp-block-columns\">\n<div class=\"wp-container-2 wp-block-column\" style=\"flex-basis:40%\">\n<div class=\"wp-container-1 wp-block-group\"><div class=\"wp-block-group__inner-container\">\n<h1 class=\"has-text-align-center\" style=\"font-size:18px\"><strong>Int\u00e9r\u00eat de recherche :<\/strong> <\/h1>\n\n\n\n<h1 class=\"has-text-align-center\" style=\"font-size:18px\">la socio-communication chez les dyades parent-enfant ainsi que le traitement des visages \u00e0 travers le spectre de l&rsquo;autisme<\/h1>\n<\/div><\/div>\n<\/div>\n\n\n\n<div class=\"wp-container-3 wp-block-column\" style=\"flex-basis:20%\"><\/div>\n\n\n\n<div class=\"wp-container-4 wp-block-column\" style=\"flex-basis:38%\"><\/div>\n<\/div>\n<\/div><\/div>\n\n\n\n<div class=\"su-spoiler su-spoiler-style-fancy su-spoiler-icon-chevron su-spoiler-closed\" data-scroll-offset=\"0\" data-anchor-in-url=\"no\"><div class=\"su-spoiler-title\" tabindex=\"0\" role=\"button\"><span class=\"su-spoiler-icon\"><\/span><strong>Passions et int\u00e9r\u00eats cliniques&nbsp;<\/strong><\/div><div class=\"su-spoiler-content su-u-clearfix su-u-trim\">Allyson&nbsp;s\u2019int\u00e9resse particuli\u00e8rement aux activit\u00e9s ext\u00e9rieures telles que le ski et la randonn\u00e9. Elle profite aussi de ses temps libres pour voyager \u00e0 travers le monde. Elle aspire \u00e0 enseigner, mener de grands projets de recherche et entreprendre un second doctorat en psychologie clinique afin de combiner ses passions pour le domaine acad\u00e9mique et la relation d\u2019aide.<\/div><\/div>\n\n\n\n<div class=\"su-spoiler su-spoiler-style-fancy su-spoiler-icon-chevron su-spoiler-closed\" data-scroll-offset=\"0\" data-anchor-in-url=\"no\"><div class=\"su-spoiler-title\" tabindex=\"0\" role=\"button\"><span class=\"su-spoiler-icon\"><\/span><strong>Articles de vulgarisation<\/strong><\/div><div class=\"su-spoiler-content su-u-clearfix su-u-trim\"><strong>Bastien, A.<\/strong>, &amp; Jacques, C. (2025). Documenter les forces et les int\u00e9r\u00eats en autisme : place aux outils!\u00a0<em>La pratique en mouvement<\/em>, (29), 42-49.<\/p>\n\n\n\n<p><strong>Bastien, A<\/strong>., Dykstra-L\u00e9gar\u00e9, T., Phillion, J., &amp; Jacques, C. (2025). Valoriser les int\u00e9r\u00eats des enfants autistes : vers une pratique inclusive et adapt\u00e9e.&nbsp;<em>La pratique en mouvement<\/em>, (29), 12-17.<\/p>\n\n\n\n<p><strong>Bastien, A<\/strong>., &amp; Lacelle, C. (2024). L&rsquo;expression \u00e9motionnelle des jeunes enfants autistes diff\u00e8re-t-elle des enfants neurotypiques? L\u2019importance du contexte : la suite.&nbsp;<em>Sur le Spectre<\/em>, (17), 10-11<\/div><\/div>\n\n\n\n<div class=\"su-spoiler su-spoiler-style-fancy su-spoiler-icon-chevron su-spoiler-closed\" data-scroll-offset=\"0\" data-anchor-in-url=\"no\"><div class=\"su-spoiler-title\" tabindex=\"0\" role=\"button\"><span class=\"su-spoiler-icon\"><\/span><strong><strong>Communications orales<\/strong><\/strong><\/div><div class=\"su-spoiler-content su-u-clearfix su-u-trim\"><strong>Bastien, A<\/strong>., Courchesne, V., &amp; Jacques, C. (2025).\u00a0<em>L\u2019exploration d\u2019objets d\u2019int\u00e9r\u00eat chez des enfants autistes compar\u00e9s \u00e0 des enfants allistes : la trajectoire de l\u2019\u00e2ge pr\u00e9scolaire \u00e0 scolaire<\/em>\u00a0[communication orale]. Journ\u00e9e scientifique du Groupe de Neurosciences Sociales, Cognitives et Cliniques, Gatineau, QC, Canada.<\/p>\n\n\n\n<p><strong>Bastien, A<\/strong>., \u00c9thier, A., Courchesne, V., &amp; Jacques, C. (2024).&nbsp;<em>Les comportements r\u00e9p\u00e9titifs et les int\u00e9r\u00eats chez les enfants autistes de l\u2019\u00e2ge pr\u00e9scolaire \u00e0 scolaire<\/em>&nbsp;[communication orale]. Journ\u00e9e de la recherche du Centre de Recherche, \u00c9valuation et Intervention en Autisme de Montr\u00e9al (CR\u00c9IA), Montr\u00e9al, Canada.<\/div><\/div>\n\n\n\n<div class=\"su-spoiler su-spoiler-style-fancy su-spoiler-icon-chevron su-spoiler-closed\" data-scroll-offset=\"0\" data-anchor-in-url=\"no\"><div class=\"su-spoiler-title\" tabindex=\"0\" role=\"button\"><span class=\"su-spoiler-icon\"><\/span><strong><strong><strong>Pr\u00e9sentations affich\u00e9es<\/strong><\/strong><\/strong><\/div><div class=\"su-spoiler-content su-u-clearfix su-u-trim\"><strong>Bastien, A<\/strong>., Courchesne, V., &amp; Jacques, C. (2025).\u00a0<em>L\u2019exploration d\u2019objets d\u2019int\u00e9r\u00eat chez des enfants autistes compar\u00e9s \u00e0 des enfants allistes : la trajectoire de l\u2019\u00e2ge pr\u00e9scolaire \u00e0 scolaire<\/em>\u00a0[communication affich\u00e9e]. Congr\u00e8s de la Soci\u00e9t\u00e9 Qu\u00e9b\u00e9coise pour la Recherche en Psychologie, Saint-Sauveur, QC, Canada.<\/p>\n\n\n\n<p><strong>Bastien, A<\/strong>., Lacelle, C., \u00c9thier, A., Jacques, C., &amp; Courchesne, V. (2025).&nbsp;<em>What is the developmental trajectory of each repetitive behavior and intense interest? A longitudinal account of repetitive behaviors and object exploration during a stimulating and adapted play situation<\/em>&nbsp;[communication affich\u00e9e]. International Society for Autism Research (INSAR), Seattle, USA.<\/p>\n\n\n\n<p><strong>Bastien, A.<\/strong>, Lacelle, C., Souli\u00e8res, I., Courchesne, V., Couture, M., Thermidor, G., Mottron, L., &amp; Jacques, C. (2024).&nbsp;<em>Les enfants autistes s\u2019int\u00e9ressent \u00e0 la tablette \u00e9lectronique. Oui, mais \u00e0 quoi? Une \u00e9tude exploratoire sur la nature des int\u00e9r\u00eats<\/em>&nbsp;[communication affich\u00e9e]. Journ\u00e9e annuelle de la recherche du CIUSSS N\u00ceM, Montr\u00e9al, QC, Canada.<\/p>\n\n\n\n<p><strong>Bastien, A.<\/strong>, Lacelle, C., Souli\u00e8res, I., Courchesne, V., Couture, M., Thermidor, G., Mottron, L., &amp; Jacques, C. (2024).&nbsp;<em>Les enfants autistes s\u2019int\u00e9ressent \u00e0 la tablette \u00e9lectronique. Oui, mais \u00e0 quoi? Une \u00e9tude exploratoire sur la nature des int\u00e9r\u00eats<\/em>&nbsp;[communication affich\u00e9e]. Congr\u00e8s de la Soci\u00e9t\u00e9 Qu\u00e9b\u00e9coise pour la Recherche en Psychologie, Drummondville, QC, Canada.<\/p>\n\n\n\n<p><strong>Bastien, A<\/strong>., Lacelle, C., Saulnier, G., &amp; Jacques, C. (2024).&nbsp;<em>La perception des professionnels : une ressource cl\u00e9 pour am\u00e9liorer les pratiques entourant la Clinique R\u00e9gionale du D\u00e9veloppement de l\u2019Enfant&nbsp;<\/em>[communication affich\u00e9e]. Journ\u00e9e scientifique du Groupe de Neurosciences Sociales, Cognitives et Cliniques, Gatineau, QC, Canada.<\/div><\/div>\n\n\n\n<div class=\"su-spoiler su-spoiler-style-fancy su-spoiler-icon-chevron su-spoiler-closed\" data-scroll-offset=\"0\" data-anchor-in-url=\"no\"><div class=\"su-spoiler-title\" tabindex=\"0\" role=\"button\"><span class=\"su-spoiler-icon\"><\/span><strong><strong><strong>Bourses et distinctions<\/strong><\/strong><\/strong><\/div><div class=\"su-spoiler-content su-u-clearfix su-u-trim\">\n\n\n\n<p>Bourse de ma\u00eetrise en recherche \u2013 Fonds de recherche du Qu\u00e9bec, secteur Soci\u00e9t\u00e9 et culture (FRQSC) (2026-2027)<\/p>\n\n\n\n<p>Bourse d\u2019\u00e9tudes sup\u00e9rieures du Canada au niveau de la ma\u00eetrise (BESC M) \u2013 Conseil de recherches en sciences humaines du Canada (CRSH) (2025-2026)<\/p>\n\n\n\n<p>Bourse de stage au 1<sup>er<\/sup>&nbsp;cycle \u2013 Fonds de recherche Inclusion sociale (FRIS) (2025)<\/p>\n\n\n\n<p>Bourse d\u2019excellence \u2013 Syndicat des professeures et professeurs de l\u2019UQO&nbsp;(2025)<\/p>\n\n\n\n<p>Bourse d&rsquo;initiation \u00e0 la recherche au 1<sup>er<\/sup>&nbsp;cycle \u2013 FRQSC&nbsp;(2024)<\/p>\n\n\n\n<p>Bourse pour stage d\u2019initiation \u00e0 la recherche \u2013 Fondation Sant\u00e9 Gatineau, CISSS de l\u2019Outaouais&nbsp;&nbsp;&nbsp;&nbsp;&nbsp;&nbsp;&nbsp;&nbsp;(2023)&nbsp;&nbsp;&nbsp;&nbsp;&nbsp;&nbsp;&nbsp;&nbsp;&nbsp;&nbsp;&nbsp;&nbsp;&nbsp;&nbsp;&nbsp;&nbsp;&nbsp;&nbsp;&nbsp;&nbsp;&nbsp;&nbsp;&nbsp;&nbsp;&nbsp;&nbsp;&nbsp;&nbsp;&nbsp;&nbsp;&nbsp;&nbsp;&nbsp;&nbsp;&nbsp;&nbsp;&nbsp;&nbsp;&nbsp;&nbsp;&nbsp;&nbsp;&nbsp;&nbsp;&nbsp;&nbsp;&nbsp;&nbsp;&nbsp;&nbsp;&nbsp;<\/p>\n\n\n\n<p>Bourse d\u2019excellence \u00e0 l\u2019admission au baccalaur\u00e9at \u2013 Universit\u00e9 du Qu\u00e9bec en Outaouais&nbsp;(2022-2025)<\/p>\n\n\n\n<p><em>Prix de la meilleure affiche au 1<sup>er<\/sup>&nbsp;cycle \u2013 Axe neuropsychologie clinique<\/em><\/p>\n\n\n\n<p>47<sup>e<\/sup>&nbsp;Congr\u00e8s de la Soci\u00e9t\u00e9 Qu\u00e9b\u00e9coise pour la Recherche en Psychologie (2025)<\/p>\n\n\n\n<p>Pr\u00e9sent\u00e9 par l\u2019Association qu\u00e9b\u00e9coise des neuropsychologues<\/p>\n\n\n\n<p><em>Prix de la meilleure communication orale&nbsp;<\/em><\/p>\n\n\n\n<p>Journ\u00e9e scientifique du Groupe de Neurosciences Sociales, Cognitives et Cliniques (2025)<\/div><\/div>\n","protected":false},"excerpt":{"rendered":"<p>Int\u00e9r\u00eat de recherche : la socio-communication chez les dyades parent-enfant ainsi que le traitement des visages \u00e0 travers le spectre de l&rsquo;autisme<\/p>\n","protected":false},"author":7,"featured_media":0,"parent":0,"menu_order":0,"comment_status":"closed","ping_status":"closed","template":"","meta":[],"yoast_head":"<!-- This site is optimized with the Yoast SEO plugin v19.6 - https:\/\/yoast.com\/wordpress\/plugins\/seo\/ -->\n<title>Allyson Bastien - LUDICA<\/title>\n<meta name=\"robots\" content=\"index, follow, max-snippet:-1, max-image-preview:large, max-video-preview:-1\" \/>\n<link rel=\"canonical\" href=\"https:\/\/ludica.uqo.ca\/index.php\/allyson-bastien\/\" \/>\n<meta property=\"og:locale\" content=\"fr_FR\" \/>\n<meta property=\"og:type\" content=\"article\" \/>\n<meta property=\"og:title\" content=\"Allyson Bastien - LUDICA\" \/>\n<meta property=\"og:description\" content=\"Int\u00e9r\u00eat de recherche : la socio-communication chez les dyades parent-enfant ainsi que le traitement des visages \u00e0 travers le spectre de l&rsquo;autisme\" \/>\n<meta property=\"og:url\" content=\"https:\/\/ludica.uqo.ca\/index.php\/allyson-bastien\/\" \/>\n<meta property=\"og:site_name\" content=\"LUDICA\" \/>\n<meta property=\"article:publisher\" content=\"https:\/\/www.facebook.com\/LABOLUDICA\" \/>\n<meta property=\"article:modified_time\" content=\"2026-05-13T19:04:14+00:00\" \/>\n<meta property=\"og:image\" content=\"https:\/\/ludica.uqo.ca\/wp-content\/uploads\/2025\/05\/495376391_722608097005979_8726856411997204188_n-683x1024.jpg\" \/>\n<meta name=\"twitter:card\" content=\"summary_large_image\" \/>\n<meta name=\"twitter:label1\" content=\"Dur\u00e9e de lecture estim\u00e9e\" \/>\n\t<meta name=\"twitter:data1\" content=\"5 minutes\" \/>\n<script type=\"application\/ld+json\" class=\"yoast-schema-graph\">{\"@context\":\"https:\/\/schema.org\",\"@graph\":[{\"@type\":\"WebPage\",\"@id\":\"https:\/\/ludica.uqo.ca\/index.php\/allyson-bastien\/\",\"url\":\"https:\/\/ludica.uqo.ca\/index.php\/allyson-bastien\/\",\"name\":\"Allyson Bastien - LUDICA\",\"isPartOf\":{\"@id\":\"https:\/\/ludica.uqo.ca\/#website\"},\"datePublished\":\"2025-08-17T23:20:54+00:00\",\"dateModified\":\"2026-05-13T19:04:14+00:00\",\"breadcrumb\":{\"@id\":\"https:\/\/ludica.uqo.ca\/index.php\/allyson-bastien\/#breadcrumb\"},\"inLanguage\":\"fr-FR\",\"potentialAction\":[{\"@type\":\"ReadAction\",\"target\":[\"https:\/\/ludica.uqo.ca\/index.php\/allyson-bastien\/\"]}]},{\"@type\":\"BreadcrumbList\",\"@id\":\"https:\/\/ludica.uqo.ca\/index.php\/allyson-bastien\/#breadcrumb\",\"itemListElement\":[{\"@type\":\"ListItem\",\"position\":1,\"name\":\"Accueil\",\"item\":\"https:\/\/ludica.uqo.ca\/\"},{\"@type\":\"ListItem\",\"position\":2,\"name\":\"Allyson Bastien\"}]},{\"@type\":\"WebSite\",\"@id\":\"https:\/\/ludica.uqo.ca\/#website\",\"url\":\"https:\/\/ludica.uqo.ca\/\",\"name\":\"LUDICA\",\"description\":\"Laboratoire sur l&#039;Unicit\u00e9 et la Diversit\u00e9 des Int\u00e9r\u00eats et des Comportements en Autisme\",\"publisher\":{\"@id\":\"https:\/\/ludica.uqo.ca\/#organization\"},\"potentialAction\":[{\"@type\":\"SearchAction\",\"target\":{\"@type\":\"EntryPoint\",\"urlTemplate\":\"https:\/\/ludica.uqo.ca\/?s={search_term_string}\"},\"query-input\":\"required name=search_term_string\"}],\"inLanguage\":\"fr-FR\"},{\"@type\":\"Organization\",\"@id\":\"https:\/\/ludica.uqo.ca\/#organization\",\"name\":\"LUDICA\",\"url\":\"https:\/\/ludica.uqo.ca\/\",\"sameAs\":[\"https:\/\/www.facebook.com\/LABOLUDICA\"],\"logo\":{\"@type\":\"ImageObject\",\"inLanguage\":\"fr-FR\",\"@id\":\"https:\/\/ludica.uqo.ca\/#\/schema\/logo\/image\/\",\"url\":\"https:\/\/i0.wp.com\/ludica.uqo.ca\/wp-content\/uploads\/2021\/07\/Logo-LUDICA-abrege-e1659980461216.jpg?fit=1585%2C1125&ssl=1\",\"contentUrl\":\"https:\/\/i0.wp.com\/ludica.uqo.ca\/wp-content\/uploads\/2021\/07\/Logo-LUDICA-abrege-e1659980461216.jpg?fit=1585%2C1125&ssl=1\",\"width\":1585,\"height\":1125,\"caption\":\"LUDICA\"},\"image\":{\"@id\":\"https:\/\/ludica.uqo.ca\/#\/schema\/logo\/image\/\"}}]}<\/script>\n<!-- \/ Yoast SEO plugin. -->","yoast_head_json":{"title":"Allyson Bastien - LUDICA","robots":{"index":"index","follow":"follow","max-snippet":"max-snippet:-1","max-image-preview":"max-image-preview:large","max-video-preview":"max-video-preview:-1"},"canonical":"https:\/\/ludica.uqo.ca\/index.php\/allyson-bastien\/","og_locale":"fr_FR","og_type":"article","og_title":"Allyson Bastien - LUDICA","og_description":"Int\u00e9r\u00eat de recherche : la socio-communication chez les dyades parent-enfant ainsi que le traitement des visages \u00e0 travers le spectre de l&rsquo;autisme","og_url":"https:\/\/ludica.uqo.ca\/index.php\/allyson-bastien\/","og_site_name":"LUDICA","article_publisher":"https:\/\/www.facebook.com\/LABOLUDICA","article_modified_time":"2026-05-13T19:04:14+00:00","og_image":[{"url":"https:\/\/ludica.uqo.ca\/wp-content\/uploads\/2025\/05\/495376391_722608097005979_8726856411997204188_n-683x1024.jpg"}],"twitter_card":"summary_large_image","twitter_misc":{"Dur\u00e9e de lecture estim\u00e9e":"5 minutes"},"schema":{"@context":"https:\/\/schema.org","@graph":[{"@type":"WebPage","@id":"https:\/\/ludica.uqo.ca\/index.php\/allyson-bastien\/","url":"https:\/\/ludica.uqo.ca\/index.php\/allyson-bastien\/","name":"Allyson Bastien - LUDICA","isPartOf":{"@id":"https:\/\/ludica.uqo.ca\/#website"},"datePublished":"2025-08-17T23:20:54+00:00","dateModified":"2026-05-13T19:04:14+00:00","breadcrumb":{"@id":"https:\/\/ludica.uqo.ca\/index.php\/allyson-bastien\/#breadcrumb"},"inLanguage":"fr-FR","potentialAction":[{"@type":"ReadAction","target":["https:\/\/ludica.uqo.ca\/index.php\/allyson-bastien\/"]}]},{"@type":"BreadcrumbList","@id":"https:\/\/ludica.uqo.ca\/index.php\/allyson-bastien\/#breadcrumb","itemListElement":[{"@type":"ListItem","position":1,"name":"Accueil","item":"https:\/\/ludica.uqo.ca\/"},{"@type":"ListItem","position":2,"name":"Allyson Bastien"}]},{"@type":"WebSite","@id":"https:\/\/ludica.uqo.ca\/#website","url":"https:\/\/ludica.uqo.ca\/","name":"LUDICA","description":"Laboratoire sur l&#039;Unicit\u00e9 et la Diversit\u00e9 des Int\u00e9r\u00eats et des Comportements en Autisme","publisher":{"@id":"https:\/\/ludica.uqo.ca\/#organization"},"potentialAction":[{"@type":"SearchAction","target":{"@type":"EntryPoint","urlTemplate":"https:\/\/ludica.uqo.ca\/?s={search_term_string}"},"query-input":"required name=search_term_string"}],"inLanguage":"fr-FR"},{"@type":"Organization","@id":"https:\/\/ludica.uqo.ca\/#organization","name":"LUDICA","url":"https:\/\/ludica.uqo.ca\/","sameAs":["https:\/\/www.facebook.com\/LABOLUDICA"],"logo":{"@type":"ImageObject","inLanguage":"fr-FR","@id":"https:\/\/ludica.uqo.ca\/#\/schema\/logo\/image\/","url":"https:\/\/i0.wp.com\/ludica.uqo.ca\/wp-content\/uploads\/2021\/07\/Logo-LUDICA-abrege-e1659980461216.jpg?fit=1585%2C1125&ssl=1","contentUrl":"https:\/\/i0.wp.com\/ludica.uqo.ca\/wp-content\/uploads\/2021\/07\/Logo-LUDICA-abrege-e1659980461216.jpg?fit=1585%2C1125&ssl=1","width":1585,"height":1125,"caption":"LUDICA"},"image":{"@id":"https:\/\/ludica.uqo.ca\/#\/schema\/logo\/image\/"}}]}},"_links":{"self":[{"href":"https:\/\/ludica.uqo.ca\/index.php\/wp-json\/wp\/v2\/pages\/5758"}],"collection":[{"href":"https:\/\/ludica.uqo.ca\/index.php\/wp-json\/wp\/v2\/pages"}],"about":[{"href":"https:\/\/ludica.uqo.ca\/index.php\/wp-json\/wp\/v2\/types\/page"}],"author":[{"embeddable":true,"href":"https:\/\/ludica.uqo.ca\/index.php\/wp-json\/wp\/v2\/users\/7"}],"replies":[{"embeddable":true,"href":"https:\/\/ludica.uqo.ca\/index.php\/wp-json\/wp\/v2\/comments?post=5758"}],"version-history":[{"count":16,"href":"https:\/\/ludica.uqo.ca\/index.php\/wp-json\/wp\/v2\/pages\/5758\/revisions"}],"predecessor-version":[{"id":6148,"href":"https:\/\/ludica.uqo.ca\/index.php\/wp-json\/wp\/v2\/pages\/5758\/revisions\/6148"}],"wp:attachment":[{"href":"https:\/\/ludica.uqo.ca\/index.php\/wp-json\/wp\/v2\/media?parent=5758"}],"curies":[{"name":"wp","href":"https:\/\/api.w.org\/{rel}","templated":true}]}}