{"id":5768,"date":"2025-06-26T02:00:57","date_gmt":"2025-06-26T02:00:57","guid":{"rendered":"https:\/\/ludica.uqo.ca\/?page_id=5768"},"modified":"2025-08-19T02:31:11","modified_gmt":"2025-08-19T02:31:11","slug":"catherine-brisebois","status":"publish","type":"page","link":"https:\/\/ludica.uqo.ca\/index.php\/catherine-brisebois\/","title":{"rendered":"Catherine Brisebois"},"content":{"rendered":"\n<div class=\"wp-block-media-text alignwide is-stacked-on-mobile\" style=\"grid-template-columns:35% auto\"><figure class=\"wp-block-media-text__media\"><img loading=\"lazy\" width=\"682\" height=\"1024\" src=\"https:\/\/i0.wp.com\/ludica.uqo.ca\/wp-content\/uploads\/2021\/07\/photo-catherine-1.jpg?resize=682%2C1024&#038;ssl=1\" alt=\"\" class=\"wp-image-469 size-full\" srcset=\"https:\/\/i0.wp.com\/ludica.uqo.ca\/wp-content\/uploads\/2021\/07\/photo-catherine-1.jpg?resize=682%2C1024&amp;ssl=1 682w, https:\/\/i0.wp.com\/ludica.uqo.ca\/wp-content\/uploads\/2021\/07\/photo-catherine-1.jpg?resize=200%2C300&amp;ssl=1 200w, https:\/\/i0.wp.com\/ludica.uqo.ca\/wp-content\/uploads\/2021\/07\/photo-catherine-1.jpg?resize=768%2C1152&amp;ssl=1 768w, https:\/\/i0.wp.com\/ludica.uqo.ca\/wp-content\/uploads\/2021\/07\/photo-catherine-1.jpg?w=853&amp;ssl=1 853w\" sizes=\"(max-width: 682px) 100vw, 682px\" data-recalc-dims=\"1\" \/><\/figure><div class=\"wp-block-media-text__content\">\n<h1 class=\"has-text-align-center has-suki-color-8-color has-text-color\" style=\"font-size:30px\"><strong>\u00c9tudiante gradu\u00e9e en psychologie <br>(D.Psy.) &#8211; UQO<\/strong><\/h1>\n\n\n\n<p class=\"has-text-align-center has-text-color\" style=\"color:#05949e;font-size:28px\">2022-2023<\/p>\n\n\n\n<hr class=\"wp-block-separator has-text-color has-css-opacity has-background is-style-wide\" style=\"background-color:#cfcece;color:#cfcece\"\/>\n\n\n\n<h1 class=\"has-medium-font-size\">Catherine Brisebois est actuellement \u00e9tudiante au doctorat en psychologie clinique (cheminement professionnel). Elle r\u00e9alise son projet de recherche dans le domaine de l\u2019autisme au f\u00e9minin, sous la direction de la Dre Claudine Jacques, Ph.D. Elle r\u00e9alise \u00e9galement ses stages et internats aupr\u00e8s de populations diverses (adultes, adolescents et enfants), selon l\u2019approche cognitive-comportementale, principalement dans le traitement des troubles anxieux et de l\u2019humeur.<\/h1>\n\n\n\n<h1 class=\"has-medium-font-size\">Catherine a d\u2019abord compl\u00e9t\u00e9 son baccalaur\u00e9at en psychologie, o\u00f9 elle y a r\u00e9alis\u00e9 un projet de th\u00e8se d\u2019honneur portant sur l\u2019utilisation de la r\u00e9alit\u00e9 virtuelle dans le traitement des traumas li\u00e9s aux accidents de voiture. Elle a longtemps travaill\u00e9 comme assistante de recherche et coordonnatrice dans le domaine de la r\u00e9alit\u00e9 virtuelle, tout en ayant un int\u00e9r\u00eat particulier pour l\u2019utilisation de cette technologie dans le domaine de l\u2019autisme.  L\u2019autisme est \u00e9galement un domaine o\u00f9 recherche et clinique semblent travailler de concert, une approche importante, motivante et enrichissante pour Catherine.<\/h1>\n<\/div><\/div>\n\n\n\n<div class=\"wp-container-6 wp-block-group\"><div class=\"wp-block-group__inner-container\">\n<div class=\"wp-container-5 wp-block-columns\">\n<div class=\"wp-container-2 wp-block-column\" style=\"flex-basis:40%\">\n<div class=\"wp-container-1 wp-block-group\"><div class=\"wp-block-group__inner-container\">\n<h1 class=\"has-text-align-center\" style=\"font-size:18px\"><strong>Projet de recherche:<\/strong><br>Traduction francophone et validation du <em>Modified Girls Questionnaire for Autism Spectrum Condition<\/em> chez des femmes adultes<\/h1>\n<\/div><\/div>\n<\/div>\n\n\n\n<div class=\"wp-container-3 wp-block-column\" style=\"flex-basis:20%\"><\/div>\n\n\n\n<div class=\"wp-container-4 wp-block-column\" style=\"flex-basis:38%\"><\/div>\n<\/div>\n<\/div><\/div>\n\n\n\n<h1 style=\"font-size:17px\"><div class=\"su-spoiler su-spoiler-style-fancy su-spoiler-icon-chevron su-spoiler-closed\" data-scroll-offset=\"0\" data-anchor-in-url=\"no\"><div class=\"su-spoiler-title\" tabindex=\"0\" role=\"button\"><span class=\"su-spoiler-icon\"><\/span>Bourses et distinctions<\/div><div class=\"su-spoiler-content su-u-clearfix su-u-trim\"><br><strong>Bourse d\u2019\u00e9tudes sup\u00e9rieures du Canada au niveau de la ma\u00eetrise | <\/strong><br>CRSH (Conseil de recherches en sciences humaines)<br><br><strong>Bourse d\u2019implication \u00e9tudiante AGE-UQO | <\/strong><br>Fondation de l\u2019Universit\u00e9 du Qu\u00e9bec en Outaouais<br><br><strong>Bourse d\u2019excellence de la F\u00e9d\u00e9ration du personnel professionnel des universit\u00e9s et de la recherche et du Syndicat du groupe professionnel de l\u2019UQO | <\/strong><br>Fondation de l\u2019Universit\u00e9 du Qu\u00e9bec en Outaouais<br><br><strong>Bourse d\u2019excellence de l\u2019AGE-UQO Fonds de solidarit\u00e9 \u00e9tudiante |<\/strong> <br>Fondation de l\u2019Universit\u00e9 du Qu\u00e9bec en Outaouais<br><br><strong>Suppl\u00e9ment aux bourses de 1<sup>er<\/sup> cycle du CRSNG | <\/strong><br>FRQNT (Fonds de recherche du Qu\u00e9bec \u2013 Nature et technologies)<br><br><strong>Bourse de recherche de 1<sup>er<\/sup> cycle |<\/strong> <br>CRSNG (Conseil de recherches en sciences naturelles et en g\u00e9nie)<br><br><strong>Bourse d\u2019excellence de Desjardins Outaouais | <\/strong><br>Fondation de l\u2019Universit\u00e9 du Qu\u00e9bec en Outaouais<br><br><strong>Suppl\u00e9ment aux bourses de 1<sup>er<\/sup> cycle du CRSNG | <\/strong><br>FRQNT (Fonds de recherche du Qu\u00e9bec \u2013 Nature et technologies)<br><br><strong>Bourse de recherche de 1<sup>er<\/sup> cycle | <\/strong><br>CRSNG (Conseil de recherches en sciences naturelles et en g\u00e9nie)<br><br><strong>Bourse d\u2019excellence \u00e0 l\u2019admission au baccalaur\u00e9at |<\/strong><br>Universit\u00e9 du Qu\u00e9bec en Outaouais<\/div><\/div><\/h1>\n\n\n\n<h1 style=\"font-size:17px\"><div class=\"su-spoiler su-spoiler-style-fancy su-spoiler-icon-chevron su-spoiler-closed\" data-scroll-offset=\"0\" data-anchor-in-url=\"no\"><div class=\"su-spoiler-title\" tabindex=\"0\" role=\"button\"><span class=\"su-spoiler-icon\"><\/span>Int\u00e9r\u00eats de recherche<\/div><div class=\"su-spoiler-content su-u-clearfix su-u-trim\">Catherine s\u2019int\u00e9resse particuli\u00e8rement \u00e0 la diversit\u00e9 des profils en autisme, mais surtout \u00e0 la diff\u00e9rence importante dans la reconnaissance, la pr\u00e9sentation clinique, le d\u00e9pistage et le diagnostic de l\u2019autisme chez les femmes. Ce sont devenus des sujets de pr\u00e9dilection pour sa recherche, qui vise \u00e0 traduire et valider un questionnaire de d\u00e9pistage de l\u2019autisme auto-rapport\u00e9 qui serait adapt\u00e9 aux caract\u00e9ristiques propres de l\u2019autisme au f\u00e9minin. Ce projet sera r\u00e9alis\u00e9 en collaboration avec des femmes adultes autistes, permettant ainsi une approche participative qui assure une meilleure repr\u00e9sentation et adaptation de la recherche \u00e0 la r\u00e9alit\u00e9 clinique. C\u2019est aussi parce que ces recherches pourraient avoir des impacts concrets sur la pratique des professionnels du domaine de l\u2019autisme que Catherine, qui a toujours souhait\u00e9 travailler en relation d\u2019aide, sur le terrain, a choisi d\u2019effectuer son doctorat clinique sur le sujet.<\/div><\/div><\/h1>\n\n\n\n<h1 style=\"font-size:17px\"><div class=\"su-spoiler su-spoiler-style-fancy su-spoiler-icon-chevron su-spoiler-closed\" data-scroll-offset=\"0\" data-anchor-in-url=\"no\"><div class=\"su-spoiler-title\" tabindex=\"0\" role=\"button\"><span class=\"su-spoiler-icon\"><\/span>Contributions scientifiques choisies<\/div><div class=\"su-spoiler-content su-u-clearfix su-u-trim\"><strong>Pr\u00e9sentations orales et par affiches (en tant que pr\u00e9sentatrice)<\/strong><br><br><strong>Brisebois, C.<\/strong>, Roy, M.-J., Corno, G., Demontigny, F., Banos, R., Botella, C., Bouchard, S., Serrano, B., &amp; Robillard G. (2018, juin). Using EMMA\u2019s virtual world to facilitate support offered to parents who experienced perinatal mortality: A pilot study. Pr\u00e9sentation orale au <em>23rd Annual CyberPsychology, CyberTherapy &amp; Social Networking<\/em>. Gatineau, Canada.<br><br><strong>Brisebois, C.,<\/strong> Bouchard, S. &amp; Jacques, C.&nbsp; (2021, mai).&nbsp;<em>Traduction francophone et validation du Modified Girls Questionnaire for Autism Spectrum Condition chez des femmes adultes.<\/em>&nbsp;Pr\u00e9sentation orale au 2<sup>e<\/sup>&nbsp;Colloque \u00e9tudiants.es du RISUQ. \u00c9v\u00e9nement en ligne.<br><br><strong>Brisebois, C., <\/strong>St-Onge, A. &amp; Bouchard, S. (2020-2021).&nbsp;<em>Impact of a scene depicting a car accident on cybersickness and the feeling of presence in a non-clinical population.<\/em>&nbsp;Pr\u00e9sentation orale au 25th Annual CyberPsychology, CyberTherapy &amp; Social Networking. \u00c9v\u00e9nement annul\u00e9 en raison de la pand\u00e9mie et r\u00e9sum\u00e9 disponible en ligne.<br><br><strong>Pr\u00e9sentations orales et par affiches (en tant que co-auteure)<\/strong><br><br>Loranger, C., <strong>Brisebois, C.,<\/strong> &amp; Ngo-Minh, T. (2018, juin). Practicing mindfulness using virtual reality simulations of potentially stressful daily activities: An innovative approach to the treatment of first episode psychosis. Pr\u00e9sentation par affiche au <em>23rd Annual CyberPsychology, CyberTherapy &amp; Social Networking<\/em>. Gatineau, Canada.<br><br>Berthiaume, M., Bouchard, S., <strong>Brisebois, C.<\/strong>, &amp; Robillard, G. (2018, juin). The Validation of a Telepresence Scale for Psychotherapy Delivered in Videoconference. Pr\u00e9sentation orale au <em>23rd Annual CyberPsychology, CyberTherapy &amp; Social Networking<\/em>. Gatineau, Canada.<br><br><strong>D\u00e9monstrations techniques<\/strong><br><br>Ngo-Minh, T., Bouchard, S., Loranger, C., &amp; <strong>Brisebois, C.<\/strong> (2018, juin). La recherche \u00e0 la Clinique des premiers \u00e9pisodes psychotiques du CISSS de l\u2019Outaouais. D\u00e9monstration scientifique \u00e0 la <em>3e \u00e9dition de la Journ\u00e9e de la Recherche du CISSSO<\/em>. Gatineau, Canada.<\/div><\/div><\/h1>\n\n\n\n<h1 style=\"font-size:17px\"><div class=\"su-spoiler su-spoiler-style-fancy su-spoiler-icon-chevron su-spoiler-closed\" data-scroll-offset=\"0\" data-anchor-in-url=\"no\"><div class=\"su-spoiler-title\" tabindex=\"0\" role=\"button\"><span class=\"su-spoiler-icon\"><\/span>Passions et int\u00e9r\u00eats cliniques<\/div><div class=\"su-spoiler-content su-u-clearfix su-u-trim\">Catherine s\u2019int\u00e9resse particuli\u00e8rement \u00e0 l\u2019approche cognitive-comportementale dans son travail clinique, que ce soit avec les adultes, les adolescents ou les enfants. Elle s\u2019int\u00e9resse bien s\u00fbr \u00e0 l\u2019autisme, mais \u00e9galement aux troubles anxieux et de l\u2019humeur, de m\u00eame qu\u2019aux impacts particuliers que peuvent avoir la combinaison de plusieurs de ces conditions. Catherine souhaiterait \u00e9galement combiner la pratique clinique \u00e0 l\u2019enseignement, puisque ce sont deux domaines qui se compl\u00e8tent et se nourrissent l\u2019un et l\u2019autre. C\u2019est une fa\u00e7on int\u00e9ressante de combiner la recherche \u00e0 la clinique, tout en ayant un souci de former les prochaines cohortes de professionnels en relation d\u2019aide. Catherine n\u2019est toutefois pas toujours aussi s\u00e9rieuse\u2026 elle a une passion pour l\u2019improvisation et s\u2019est longtemps impliqu\u00e9e dans plusieurs ligues, que ce soit en tant que joueuse, arbitre, animatrice ou entra\u00eeneuse. Il s\u2019agit pour elle d\u2019une activit\u00e9 o\u00f9 elle peut l\u00e2cher son fou, offrir un divertissement ludique et cr\u00e9er des liens qui passent par la passion commune pour cette forme d\u2019art parfois m\u00e9connue.<\/div><\/div><\/h1>\n","protected":false},"excerpt":{"rendered":"<p>Projet de recherche:Traduction francophone et validation du Modified Girls Questionnaire for Autism Spectrum Condition chez des femmes adultes<\/p>\n","protected":false},"author":7,"featured_media":0,"parent":0,"menu_order":0,"comment_status":"closed","ping_status":"closed","template":"","meta":[],"yoast_head":"<!-- This site is optimized with the Yoast SEO plugin v19.6 - https:\/\/yoast.com\/wordpress\/plugins\/seo\/ -->\n<title>Catherine Brisebois - LUDICA<\/title>\n<meta name=\"robots\" content=\"index, follow, max-snippet:-1, max-image-preview:large, max-video-preview:-1\" \/>\n<link rel=\"canonical\" href=\"https:\/\/ludica.uqo.ca\/index.php\/catherine-brisebois\/\" \/>\n<meta property=\"og:locale\" content=\"fr_FR\" \/>\n<meta property=\"og:type\" content=\"article\" \/>\n<meta property=\"og:title\" content=\"Catherine Brisebois - LUDICA\" \/>\n<meta property=\"og:description\" content=\"Projet de recherche:Traduction francophone et validation du Modified Girls Questionnaire for Autism Spectrum Condition chez des femmes adultes\" \/>\n<meta property=\"og:url\" content=\"https:\/\/ludica.uqo.ca\/index.php\/catherine-brisebois\/\" \/>\n<meta property=\"og:site_name\" content=\"LUDICA\" \/>\n<meta property=\"article:publisher\" content=\"https:\/\/www.facebook.com\/LABOLUDICA\" \/>\n<meta property=\"article:modified_time\" content=\"2025-08-19T02:31:11+00:00\" \/>\n<meta property=\"og:image\" content=\"https:\/\/ludica.uqo.ca\/wp-content\/uploads\/2021\/07\/photo-catherine-1-682x1024.jpg\" \/>\n<meta name=\"twitter:card\" content=\"summary_large_image\" \/>\n<meta name=\"twitter:label1\" content=\"Dur\u00e9e de lecture estim\u00e9e\" \/>\n\t<meta name=\"twitter:data1\" content=\"6 minutes\" \/>\n<script type=\"application\/ld+json\" class=\"yoast-schema-graph\">{\"@context\":\"https:\/\/schema.org\",\"@graph\":[{\"@type\":\"WebPage\",\"@id\":\"https:\/\/ludica.uqo.ca\/index.php\/catherine-brisebois\/\",\"url\":\"https:\/\/ludica.uqo.ca\/index.php\/catherine-brisebois\/\",\"name\":\"Catherine Brisebois - LUDICA\",\"isPartOf\":{\"@id\":\"https:\/\/ludica.uqo.ca\/#website\"},\"datePublished\":\"2025-06-26T02:00:57+00:00\",\"dateModified\":\"2025-08-19T02:31:11+00:00\",\"breadcrumb\":{\"@id\":\"https:\/\/ludica.uqo.ca\/index.php\/catherine-brisebois\/#breadcrumb\"},\"inLanguage\":\"fr-FR\",\"potentialAction\":[{\"@type\":\"ReadAction\",\"target\":[\"https:\/\/ludica.uqo.ca\/index.php\/catherine-brisebois\/\"]}]},{\"@type\":\"BreadcrumbList\",\"@id\":\"https:\/\/ludica.uqo.ca\/index.php\/catherine-brisebois\/#breadcrumb\",\"itemListElement\":[{\"@type\":\"ListItem\",\"position\":1,\"name\":\"Accueil\",\"item\":\"https:\/\/ludica.uqo.ca\/\"},{\"@type\":\"ListItem\",\"position\":2,\"name\":\"Catherine Brisebois\"}]},{\"@type\":\"WebSite\",\"@id\":\"https:\/\/ludica.uqo.ca\/#website\",\"url\":\"https:\/\/ludica.uqo.ca\/\",\"name\":\"LUDICA\",\"description\":\"Laboratoire sur l&#039;Unicit\u00e9 et la Diversit\u00e9 des Int\u00e9r\u00eats et des Comportements en Autisme\",\"publisher\":{\"@id\":\"https:\/\/ludica.uqo.ca\/#organization\"},\"potentialAction\":[{\"@type\":\"SearchAction\",\"target\":{\"@type\":\"EntryPoint\",\"urlTemplate\":\"https:\/\/ludica.uqo.ca\/?s={search_term_string}\"},\"query-input\":\"required name=search_term_string\"}],\"inLanguage\":\"fr-FR\"},{\"@type\":\"Organization\",\"@id\":\"https:\/\/ludica.uqo.ca\/#organization\",\"name\":\"LUDICA\",\"url\":\"https:\/\/ludica.uqo.ca\/\",\"sameAs\":[\"https:\/\/www.facebook.com\/LABOLUDICA\"],\"logo\":{\"@type\":\"ImageObject\",\"inLanguage\":\"fr-FR\",\"@id\":\"https:\/\/ludica.uqo.ca\/#\/schema\/logo\/image\/\",\"url\":\"https:\/\/i0.wp.com\/ludica.uqo.ca\/wp-content\/uploads\/2021\/07\/Logo-LUDICA-abrege-e1659980461216.jpg?fit=1585%2C1125&ssl=1\",\"contentUrl\":\"https:\/\/i0.wp.com\/ludica.uqo.ca\/wp-content\/uploads\/2021\/07\/Logo-LUDICA-abrege-e1659980461216.jpg?fit=1585%2C1125&ssl=1\",\"width\":1585,\"height\":1125,\"caption\":\"LUDICA\"},\"image\":{\"@id\":\"https:\/\/ludica.uqo.ca\/#\/schema\/logo\/image\/\"}}]}<\/script>\n<!-- \/ Yoast SEO plugin. -->","yoast_head_json":{"title":"Catherine Brisebois - LUDICA","robots":{"index":"index","follow":"follow","max-snippet":"max-snippet:-1","max-image-preview":"max-image-preview:large","max-video-preview":"max-video-preview:-1"},"canonical":"https:\/\/ludica.uqo.ca\/index.php\/catherine-brisebois\/","og_locale":"fr_FR","og_type":"article","og_title":"Catherine Brisebois - LUDICA","og_description":"Projet de recherche:Traduction francophone et validation du Modified Girls Questionnaire for Autism Spectrum Condition chez des femmes adultes","og_url":"https:\/\/ludica.uqo.ca\/index.php\/catherine-brisebois\/","og_site_name":"LUDICA","article_publisher":"https:\/\/www.facebook.com\/LABOLUDICA","article_modified_time":"2025-08-19T02:31:11+00:00","og_image":[{"url":"https:\/\/ludica.uqo.ca\/wp-content\/uploads\/2021\/07\/photo-catherine-1-682x1024.jpg"}],"twitter_card":"summary_large_image","twitter_misc":{"Dur\u00e9e de lecture estim\u00e9e":"6 minutes"},"schema":{"@context":"https:\/\/schema.org","@graph":[{"@type":"WebPage","@id":"https:\/\/ludica.uqo.ca\/index.php\/catherine-brisebois\/","url":"https:\/\/ludica.uqo.ca\/index.php\/catherine-brisebois\/","name":"Catherine Brisebois - LUDICA","isPartOf":{"@id":"https:\/\/ludica.uqo.ca\/#website"},"datePublished":"2025-06-26T02:00:57+00:00","dateModified":"2025-08-19T02:31:11+00:00","breadcrumb":{"@id":"https:\/\/ludica.uqo.ca\/index.php\/catherine-brisebois\/#breadcrumb"},"inLanguage":"fr-FR","potentialAction":[{"@type":"ReadAction","target":["https:\/\/ludica.uqo.ca\/index.php\/catherine-brisebois\/"]}]},{"@type":"BreadcrumbList","@id":"https:\/\/ludica.uqo.ca\/index.php\/catherine-brisebois\/#breadcrumb","itemListElement":[{"@type":"ListItem","position":1,"name":"Accueil","item":"https:\/\/ludica.uqo.ca\/"},{"@type":"ListItem","position":2,"name":"Catherine Brisebois"}]},{"@type":"WebSite","@id":"https:\/\/ludica.uqo.ca\/#website","url":"https:\/\/ludica.uqo.ca\/","name":"LUDICA","description":"Laboratoire sur l&#039;Unicit\u00e9 et la Diversit\u00e9 des Int\u00e9r\u00eats et des Comportements en Autisme","publisher":{"@id":"https:\/\/ludica.uqo.ca\/#organization"},"potentialAction":[{"@type":"SearchAction","target":{"@type":"EntryPoint","urlTemplate":"https:\/\/ludica.uqo.ca\/?s={search_term_string}"},"query-input":"required name=search_term_string"}],"inLanguage":"fr-FR"},{"@type":"Organization","@id":"https:\/\/ludica.uqo.ca\/#organization","name":"LUDICA","url":"https:\/\/ludica.uqo.ca\/","sameAs":["https:\/\/www.facebook.com\/LABOLUDICA"],"logo":{"@type":"ImageObject","inLanguage":"fr-FR","@id":"https:\/\/ludica.uqo.ca\/#\/schema\/logo\/image\/","url":"https:\/\/i0.wp.com\/ludica.uqo.ca\/wp-content\/uploads\/2021\/07\/Logo-LUDICA-abrege-e1659980461216.jpg?fit=1585%2C1125&ssl=1","contentUrl":"https:\/\/i0.wp.com\/ludica.uqo.ca\/wp-content\/uploads\/2021\/07\/Logo-LUDICA-abrege-e1659980461216.jpg?fit=1585%2C1125&ssl=1","width":1585,"height":1125,"caption":"LUDICA"},"image":{"@id":"https:\/\/ludica.uqo.ca\/#\/schema\/logo\/image\/"}}]}},"_links":{"self":[{"href":"https:\/\/ludica.uqo.ca\/index.php\/wp-json\/wp\/v2\/pages\/5768"}],"collection":[{"href":"https:\/\/ludica.uqo.ca\/index.php\/wp-json\/wp\/v2\/pages"}],"about":[{"href":"https:\/\/ludica.uqo.ca\/index.php\/wp-json\/wp\/v2\/types\/page"}],"author":[{"embeddable":true,"href":"https:\/\/ludica.uqo.ca\/index.php\/wp-json\/wp\/v2\/users\/7"}],"replies":[{"embeddable":true,"href":"https:\/\/ludica.uqo.ca\/index.php\/wp-json\/wp\/v2\/comments?post=5768"}],"version-history":[{"count":4,"href":"https:\/\/ludica.uqo.ca\/index.php\/wp-json\/wp\/v2\/pages\/5768\/revisions"}],"predecessor-version":[{"id":6013,"href":"https:\/\/ludica.uqo.ca\/index.php\/wp-json\/wp\/v2\/pages\/5768\/revisions\/6013"}],"wp:attachment":[{"href":"https:\/\/ludica.uqo.ca\/index.php\/wp-json\/wp\/v2\/media?parent=5768"}],"curies":[{"name":"wp","href":"https:\/\/api.w.org\/{rel}","templated":true}]}}