{"id":5786,"date":"2025-08-19T00:09:03","date_gmt":"2025-08-19T00:09:03","guid":{"rendered":"https:\/\/ludica.uqo.ca\/?page_id=5786"},"modified":"2025-08-19T02:37:07","modified_gmt":"2025-08-19T02:37:07","slug":"ariane-charbonneau","status":"publish","type":"page","link":"https:\/\/ludica.uqo.ca\/index.php\/ariane-charbonneau\/","title":{"rendered":"Ariane Charbonneau"},"content":{"rendered":"\n<div class=\"wp-block-media-text alignwide is-stacked-on-mobile\" style=\"grid-template-columns:34% auto\"><figure class=\"wp-block-media-text__media\"><img loading=\"lazy\" width=\"682\" height=\"1024\" src=\"https:\/\/i0.wp.com\/ludica.uqo.ca\/wp-content\/uploads\/2021\/07\/ariane-1.jpg?resize=682%2C1024&#038;ssl=1\" alt=\"\" class=\"wp-image-476 size-full\" srcset=\"https:\/\/i0.wp.com\/ludica.uqo.ca\/wp-content\/uploads\/2021\/07\/ariane-1.jpg?resize=682%2C1024&amp;ssl=1 682w, https:\/\/i0.wp.com\/ludica.uqo.ca\/wp-content\/uploads\/2021\/07\/ariane-1.jpg?resize=200%2C300&amp;ssl=1 200w, https:\/\/i0.wp.com\/ludica.uqo.ca\/wp-content\/uploads\/2021\/07\/ariane-1.jpg?resize=768%2C1152&amp;ssl=1 768w, https:\/\/i0.wp.com\/ludica.uqo.ca\/wp-content\/uploads\/2021\/07\/ariane-1.jpg?w=853&amp;ssl=1 853w\" sizes=\"(max-width: 682px) 100vw, 682px\" data-recalc-dims=\"1\" \/><\/figure><div class=\"wp-block-media-text__content\">\n<h1 class=\"has-text-align-center has-suki-color-8-color has-text-color\" style=\"font-size:30px\"><strong>\u00c9tudiante gradu\u00e9e \u00e0 la ma\u00eetrise en psychologie <br>(M. Sc.) &#8211; UdeM<\/strong><\/h1>\n\n\n\n<p class=\"has-text-align-center has-text-color\" style=\"color:#05949e;font-size:28px\">2022-2023<\/p>\n\n\n\n<hr class=\"wp-block-separator has-text-color has-css-opacity has-background is-style-wide\" style=\"background-color:#cfcece;color:#cfcece\"\/>\n\n\n\n<h1 style=\"font-size:19px\">Ariane Charbonneau est \u00e9tudiante gradu\u00e9e \u00e0 la ma\u00eetrise en psycho\u00e9ducation profil m\u00e9moire et stage. Son m\u00e9moire est sous la direction de Claudine Jacques et porte sur la validation du Questionnaire sur les forces et les int\u00e9r\u00eats des enfants autistes d\u2019\u00e2ge pr\u00e9scolaire (QFIAP). Ariane a fait son stage d\u2019intervention au Centre int\u00e9gr\u00e9 de sant\u00e9 et de services sociaux de l\u2019Outaouais \u00e0 la Direction de la d\u00e9ficience et de la r\u00e9adaptation aupr\u00e8s de la client\u00e8le pr\u00e9sentant une d\u00e9ficience intellectuelle ou un trouble du spectre de l\u2019autisme.<\/h1>\n\n\n\n<h1 style=\"font-size:19px\">Ariane a choisi la psycho\u00e9ducation apr\u00e8s avoir eu un coup de c\u0153ur pour l\u2019approche psycho\u00e9ducative. Elle a d\u00e9cid\u00e9 de donner la chance \u00e0 cette profession en s\u2019inscrivant au baccalaur\u00e9at en psycho\u00e9ducation \u00e0 l\u2019Universit\u00e9 du Qu\u00e9bec en Outaouais. C\u2019est apr\u00e8s moins d\u2019une ann\u00e9e d\u2019\u00e9tude compl\u00e9t\u00e9e qu\u2019elle avait d\u00e9j\u00e0 pris la d\u00e9cision de poursuivre \u00e0 la ma\u00eetrise.<\/h1>\n<\/div><\/div>\n\n\n\n<div class=\"wp-container-6 wp-block-group\"><div class=\"wp-block-group__inner-container\">\n<div class=\"wp-container-5 wp-block-columns\">\n<div class=\"wp-container-2 wp-block-column\" style=\"flex-basis:40%\">\n<div class=\"wp-container-1 wp-block-group\"><div class=\"wp-block-group__inner-container\">\n<h1 class=\"has-text-align-center\" style=\"font-size:18px\"><strong>Projet de recherche:<\/strong><br>Validation d\u2019un questionnaire sur les forces et les int\u00e9r\u00eats chez les enfants autistes d\u2019\u00e2ge pr\u00e9scolaire<\/h1>\n<\/div><\/div>\n<\/div>\n\n\n\n<div class=\"wp-container-3 wp-block-column\" style=\"flex-basis:20%\"><div class=\"wp-block-image\">\n<figure class=\"aligncenter size-large is-resized\"><img loading=\"lazy\" src=\"https:\/\/i0.wp.com\/ludica.uqo.ca\/wp-content\/uploads\/2021\/07\/uqo-2.png?resize=151%2C72&#038;ssl=1\" alt=\"\" class=\"wp-image-940\" width=\"151\" height=\"72\" srcset=\"https:\/\/i0.wp.com\/ludica.uqo.ca\/wp-content\/uploads\/2021\/07\/uqo-2.png?w=520&amp;ssl=1 520w, https:\/\/i0.wp.com\/ludica.uqo.ca\/wp-content\/uploads\/2021\/07\/uqo-2.png?resize=300%2C144&amp;ssl=1 300w\" sizes=\"(max-width: 151px) 100vw, 151px\" data-recalc-dims=\"1\" \/><\/figure><\/div><\/div>\n\n\n\n<div class=\"wp-container-4 wp-block-column\" style=\"flex-basis:38%\"><\/div>\n<\/div>\n<\/div><\/div>\n\n\n\n<div class=\"su-spoiler su-spoiler-style-fancy su-spoiler-icon-chevron su-spoiler-closed\" data-scroll-offset=\"0\" data-anchor-in-url=\"no\"><div class=\"su-spoiler-title\" tabindex=\"0\" role=\"button\"><span class=\"su-spoiler-icon\"><\/span>Int\u00e9r\u00eats de recherche<\/div><div class=\"su-spoiler-content su-u-clearfix su-u-trim\"><br>Ariane s\u2019int\u00e9resse particuli\u00e8rement aux diff\u00e9rences dans la manifestation de l\u2019autisme chez les gar\u00e7ons vs chez les filles. Le projet de recherche sur lequel elle travaille pr\u00e9sentement dans le cadre de son m\u00e9moire lui permet d\u2019explorer cette diff\u00e9rence en ce qui a trait aux forces et aux int\u00e9r\u00eats des jeunes enfants autistes. Elle s\u2019int\u00e9resse aussi au d\u00e9veloppement de l\u2019enfant et \u00e0 la petite enfance.<\/div><\/div>\n\n\n\n<div class=\"su-spoiler su-spoiler-style-fancy su-spoiler-icon-chevron su-spoiler-closed\" data-scroll-offset=\"0\" data-anchor-in-url=\"no\"><div class=\"su-spoiler-title\" tabindex=\"0\" role=\"button\"><span class=\"su-spoiler-icon\"><\/span>Passions et int\u00e9r\u00eats cliniques<\/div><div class=\"su-spoiler-content su-u-clearfix su-u-trim\"><br>Ariane s\u2019int\u00e9resse particuli\u00e8rement aux activit\u00e9s de plein air. Elle adore le camping et la nature. Elle aime voyager et apprendre. Dans le futur, elle souhaiterait participer \u00e0 des projets de coop\u00e9ration internationale.<\/div><\/div>\n","protected":false},"excerpt":{"rendered":"<p>Projet de recherche:Validation d\u2019un questionnaire sur les forces et les int\u00e9r\u00eats chez les enfants autistes d\u2019\u00e2ge pr\u00e9scolaire<\/p>\n","protected":false},"author":7,"featured_media":0,"parent":0,"menu_order":0,"comment_status":"closed","ping_status":"closed","template":"","meta":[],"yoast_head":"<!-- This site is optimized with the Yoast SEO plugin v19.6 - https:\/\/yoast.com\/wordpress\/plugins\/seo\/ -->\n<title>Ariane Charbonneau - LUDICA<\/title>\n<meta name=\"robots\" content=\"index, follow, max-snippet:-1, max-image-preview:large, max-video-preview:-1\" \/>\n<link rel=\"canonical\" href=\"https:\/\/ludica.uqo.ca\/index.php\/ariane-charbonneau\/\" \/>\n<meta property=\"og:locale\" content=\"fr_FR\" \/>\n<meta property=\"og:type\" content=\"article\" \/>\n<meta property=\"og:title\" content=\"Ariane Charbonneau - LUDICA\" \/>\n<meta property=\"og:description\" content=\"Projet de recherche:Validation d\u2019un questionnaire sur les forces et les int\u00e9r\u00eats chez les enfants autistes d\u2019\u00e2ge pr\u00e9scolaire\" \/>\n<meta property=\"og:url\" content=\"https:\/\/ludica.uqo.ca\/index.php\/ariane-charbonneau\/\" \/>\n<meta property=\"og:site_name\" content=\"LUDICA\" \/>\n<meta property=\"article:publisher\" content=\"https:\/\/www.facebook.com\/LABOLUDICA\" \/>\n<meta property=\"article:modified_time\" content=\"2025-08-19T02:37:07+00:00\" \/>\n<meta property=\"og:image\" content=\"https:\/\/ludica.uqo.ca\/wp-content\/uploads\/2021\/07\/ariane-1-682x1024.jpg\" \/>\n<meta name=\"twitter:card\" content=\"summary_large_image\" \/>\n<meta name=\"twitter:label1\" content=\"Dur\u00e9e de lecture estim\u00e9e\" \/>\n\t<meta name=\"twitter:data1\" content=\"2 minutes\" \/>\n<script type=\"application\/ld+json\" class=\"yoast-schema-graph\">{\"@context\":\"https:\/\/schema.org\",\"@graph\":[{\"@type\":\"WebPage\",\"@id\":\"https:\/\/ludica.uqo.ca\/index.php\/ariane-charbonneau\/\",\"url\":\"https:\/\/ludica.uqo.ca\/index.php\/ariane-charbonneau\/\",\"name\":\"Ariane Charbonneau - LUDICA\",\"isPartOf\":{\"@id\":\"https:\/\/ludica.uqo.ca\/#website\"},\"datePublished\":\"2025-08-19T00:09:03+00:00\",\"dateModified\":\"2025-08-19T02:37:07+00:00\",\"breadcrumb\":{\"@id\":\"https:\/\/ludica.uqo.ca\/index.php\/ariane-charbonneau\/#breadcrumb\"},\"inLanguage\":\"fr-FR\",\"potentialAction\":[{\"@type\":\"ReadAction\",\"target\":[\"https:\/\/ludica.uqo.ca\/index.php\/ariane-charbonneau\/\"]}]},{\"@type\":\"BreadcrumbList\",\"@id\":\"https:\/\/ludica.uqo.ca\/index.php\/ariane-charbonneau\/#breadcrumb\",\"itemListElement\":[{\"@type\":\"ListItem\",\"position\":1,\"name\":\"Accueil\",\"item\":\"https:\/\/ludica.uqo.ca\/\"},{\"@type\":\"ListItem\",\"position\":2,\"name\":\"Ariane Charbonneau\"}]},{\"@type\":\"WebSite\",\"@id\":\"https:\/\/ludica.uqo.ca\/#website\",\"url\":\"https:\/\/ludica.uqo.ca\/\",\"name\":\"LUDICA\",\"description\":\"Laboratoire sur l&#039;Unicit\u00e9 et la Diversit\u00e9 des Int\u00e9r\u00eats et des Comportements en Autisme\",\"publisher\":{\"@id\":\"https:\/\/ludica.uqo.ca\/#organization\"},\"potentialAction\":[{\"@type\":\"SearchAction\",\"target\":{\"@type\":\"EntryPoint\",\"urlTemplate\":\"https:\/\/ludica.uqo.ca\/?s={search_term_string}\"},\"query-input\":\"required name=search_term_string\"}],\"inLanguage\":\"fr-FR\"},{\"@type\":\"Organization\",\"@id\":\"https:\/\/ludica.uqo.ca\/#organization\",\"name\":\"LUDICA\",\"url\":\"https:\/\/ludica.uqo.ca\/\",\"sameAs\":[\"https:\/\/www.facebook.com\/LABOLUDICA\"],\"logo\":{\"@type\":\"ImageObject\",\"inLanguage\":\"fr-FR\",\"@id\":\"https:\/\/ludica.uqo.ca\/#\/schema\/logo\/image\/\",\"url\":\"https:\/\/i0.wp.com\/ludica.uqo.ca\/wp-content\/uploads\/2021\/07\/Logo-LUDICA-abrege-e1659980461216.jpg?fit=1585%2C1125&ssl=1\",\"contentUrl\":\"https:\/\/i0.wp.com\/ludica.uqo.ca\/wp-content\/uploads\/2021\/07\/Logo-LUDICA-abrege-e1659980461216.jpg?fit=1585%2C1125&ssl=1\",\"width\":1585,\"height\":1125,\"caption\":\"LUDICA\"},\"image\":{\"@id\":\"https:\/\/ludica.uqo.ca\/#\/schema\/logo\/image\/\"}}]}<\/script>\n<!-- \/ Yoast SEO plugin. -->","yoast_head_json":{"title":"Ariane Charbonneau - LUDICA","robots":{"index":"index","follow":"follow","max-snippet":"max-snippet:-1","max-image-preview":"max-image-preview:large","max-video-preview":"max-video-preview:-1"},"canonical":"https:\/\/ludica.uqo.ca\/index.php\/ariane-charbonneau\/","og_locale":"fr_FR","og_type":"article","og_title":"Ariane Charbonneau - LUDICA","og_description":"Projet de recherche:Validation d\u2019un questionnaire sur les forces et les int\u00e9r\u00eats chez les enfants autistes d\u2019\u00e2ge pr\u00e9scolaire","og_url":"https:\/\/ludica.uqo.ca\/index.php\/ariane-charbonneau\/","og_site_name":"LUDICA","article_publisher":"https:\/\/www.facebook.com\/LABOLUDICA","article_modified_time":"2025-08-19T02:37:07+00:00","og_image":[{"url":"https:\/\/ludica.uqo.ca\/wp-content\/uploads\/2021\/07\/ariane-1-682x1024.jpg"}],"twitter_card":"summary_large_image","twitter_misc":{"Dur\u00e9e de lecture estim\u00e9e":"2 minutes"},"schema":{"@context":"https:\/\/schema.org","@graph":[{"@type":"WebPage","@id":"https:\/\/ludica.uqo.ca\/index.php\/ariane-charbonneau\/","url":"https:\/\/ludica.uqo.ca\/index.php\/ariane-charbonneau\/","name":"Ariane Charbonneau - LUDICA","isPartOf":{"@id":"https:\/\/ludica.uqo.ca\/#website"},"datePublished":"2025-08-19T00:09:03+00:00","dateModified":"2025-08-19T02:37:07+00:00","breadcrumb":{"@id":"https:\/\/ludica.uqo.ca\/index.php\/ariane-charbonneau\/#breadcrumb"},"inLanguage":"fr-FR","potentialAction":[{"@type":"ReadAction","target":["https:\/\/ludica.uqo.ca\/index.php\/ariane-charbonneau\/"]}]},{"@type":"BreadcrumbList","@id":"https:\/\/ludica.uqo.ca\/index.php\/ariane-charbonneau\/#breadcrumb","itemListElement":[{"@type":"ListItem","position":1,"name":"Accueil","item":"https:\/\/ludica.uqo.ca\/"},{"@type":"ListItem","position":2,"name":"Ariane Charbonneau"}]},{"@type":"WebSite","@id":"https:\/\/ludica.uqo.ca\/#website","url":"https:\/\/ludica.uqo.ca\/","name":"LUDICA","description":"Laboratoire sur l&#039;Unicit\u00e9 et la Diversit\u00e9 des Int\u00e9r\u00eats et des Comportements en Autisme","publisher":{"@id":"https:\/\/ludica.uqo.ca\/#organization"},"potentialAction":[{"@type":"SearchAction","target":{"@type":"EntryPoint","urlTemplate":"https:\/\/ludica.uqo.ca\/?s={search_term_string}"},"query-input":"required name=search_term_string"}],"inLanguage":"fr-FR"},{"@type":"Organization","@id":"https:\/\/ludica.uqo.ca\/#organization","name":"LUDICA","url":"https:\/\/ludica.uqo.ca\/","sameAs":["https:\/\/www.facebook.com\/LABOLUDICA"],"logo":{"@type":"ImageObject","inLanguage":"fr-FR","@id":"https:\/\/ludica.uqo.ca\/#\/schema\/logo\/image\/","url":"https:\/\/i0.wp.com\/ludica.uqo.ca\/wp-content\/uploads\/2021\/07\/Logo-LUDICA-abrege-e1659980461216.jpg?fit=1585%2C1125&ssl=1","contentUrl":"https:\/\/i0.wp.com\/ludica.uqo.ca\/wp-content\/uploads\/2021\/07\/Logo-LUDICA-abrege-e1659980461216.jpg?fit=1585%2C1125&ssl=1","width":1585,"height":1125,"caption":"LUDICA"},"image":{"@id":"https:\/\/ludica.uqo.ca\/#\/schema\/logo\/image\/"}}]}},"_links":{"self":[{"href":"https:\/\/ludica.uqo.ca\/index.php\/wp-json\/wp\/v2\/pages\/5786"}],"collection":[{"href":"https:\/\/ludica.uqo.ca\/index.php\/wp-json\/wp\/v2\/pages"}],"about":[{"href":"https:\/\/ludica.uqo.ca\/index.php\/wp-json\/wp\/v2\/types\/page"}],"author":[{"embeddable":true,"href":"https:\/\/ludica.uqo.ca\/index.php\/wp-json\/wp\/v2\/users\/7"}],"replies":[{"embeddable":true,"href":"https:\/\/ludica.uqo.ca\/index.php\/wp-json\/wp\/v2\/comments?post=5786"}],"version-history":[{"count":8,"href":"https:\/\/ludica.uqo.ca\/index.php\/wp-json\/wp\/v2\/pages\/5786\/revisions"}],"predecessor-version":[{"id":6021,"href":"https:\/\/ludica.uqo.ca\/index.php\/wp-json\/wp\/v2\/pages\/5786\/revisions\/6021"}],"wp:attachment":[{"href":"https:\/\/ludica.uqo.ca\/index.php\/wp-json\/wp\/v2\/media?parent=5786"}],"curies":[{"name":"wp","href":"https:\/\/api.w.org\/{rel}","templated":true}]}}