{"id":5985,"date":"2025-08-19T02:12:39","date_gmt":"2025-08-19T02:12:39","guid":{"rendered":"https:\/\/ludica.uqo.ca\/?page_id=5985"},"modified":"2025-08-19T02:16:48","modified_gmt":"2025-08-19T02:16:48","slug":"jade-eliane-klemme","status":"publish","type":"page","link":"https:\/\/ludica.uqo.ca\/index.php\/jade-eliane-klemme\/","title":{"rendered":"Jade-\u00c9liane Klemme"},"content":{"rendered":"\n<div class=\"wp-block-media-text alignwide is-stacked-on-mobile\" style=\"grid-template-columns:29% auto\"><figure class=\"wp-block-media-text__media\"><img loading=\"lazy\" width=\"683\" height=\"1024\" src=\"https:\/\/i0.wp.com\/ludica.uqo.ca\/wp-content\/uploads\/2025\/08\/JadeEK_1.jpg?resize=683%2C1024&#038;ssl=1\" alt=\"\" class=\"wp-image-5878 size-full\" srcset=\"https:\/\/i0.wp.com\/ludica.uqo.ca\/wp-content\/uploads\/2025\/08\/JadeEK_1-scaled.jpg?resize=683%2C1024&amp;ssl=1 683w, https:\/\/i0.wp.com\/ludica.uqo.ca\/wp-content\/uploads\/2025\/08\/JadeEK_1-scaled.jpg?resize=200%2C300&amp;ssl=1 200w, https:\/\/i0.wp.com\/ludica.uqo.ca\/wp-content\/uploads\/2025\/08\/JadeEK_1-scaled.jpg?resize=768%2C1152&amp;ssl=1 768w, https:\/\/i0.wp.com\/ludica.uqo.ca\/wp-content\/uploads\/2025\/08\/JadeEK_1-scaled.jpg?resize=1024%2C1536&amp;ssl=1 1024w, https:\/\/i0.wp.com\/ludica.uqo.ca\/wp-content\/uploads\/2025\/08\/JadeEK_1-scaled.jpg?resize=1365%2C2048&amp;ssl=1 1365w, https:\/\/i0.wp.com\/ludica.uqo.ca\/wp-content\/uploads\/2025\/08\/JadeEK_1-scaled.jpg?resize=16%2C24&amp;ssl=1 16w, https:\/\/i0.wp.com\/ludica.uqo.ca\/wp-content\/uploads\/2025\/08\/JadeEK_1-scaled.jpg?resize=24%2C36&amp;ssl=1 24w, https:\/\/i0.wp.com\/ludica.uqo.ca\/wp-content\/uploads\/2025\/08\/JadeEK_1-scaled.jpg?resize=32%2C48&amp;ssl=1 32w, https:\/\/i0.wp.com\/ludica.uqo.ca\/wp-content\/uploads\/2025\/08\/JadeEK_1-scaled.jpg?w=1707&amp;ssl=1 1707w, https:\/\/i0.wp.com\/ludica.uqo.ca\/wp-content\/uploads\/2025\/08\/JadeEK_1-scaled.jpg?w=1602&amp;ssl=1 1602w\" sizes=\"(max-width: 683px) 100vw, 683px\" data-recalc-dims=\"1\" \/><\/figure><div class=\"wp-block-media-text__content\">\n<h1 class=\"has-text-align-center has-suki-color-8-color has-text-color\" style=\"font-size:30px\"><strong>\u00c9tudiante au doctorat en psychologie clinique (D.Psy.) &#8211; UQO<\/strong> <\/h1>\n\n\n\n<p class=\"has-text-align-center has-text-color\" style=\"color:#05949e;font-size:28px\">2024-2027<\/p>\n\n\n\n<hr class=\"wp-block-separator has-text-color has-css-opacity has-background is-style-wide\" style=\"background-color:#cfcece;color:#cfcece\"\/>\n\n\n\n<h1 style=\"font-size:19px\">Profil \u00e0 venir<\/h1>\n<\/div><\/div>\n\n\n\n<div class=\"wp-container-6 wp-block-group\"><div class=\"wp-block-group__inner-container\">\n<div class=\"wp-container-5 wp-block-columns\">\n<div class=\"wp-container-2 wp-block-column\" style=\"flex-basis:40%\">\n<div class=\"wp-container-1 wp-block-group\"><div class=\"wp-block-group__inner-container\">\n<h1 class=\"has-text-align-center\" style=\"font-size:18px\"><\/h1>\n<\/div><\/div>\n<\/div>\n\n\n\n<div class=\"wp-container-3 wp-block-column\" style=\"flex-basis:20%\"><\/div>\n\n\n\n<div class=\"wp-container-4 wp-block-column\" style=\"flex-basis:38%\"><\/div>\n<\/div>\n<\/div><\/div>\n\n\n\n<h1 style=\"font-size:17px\"><div class=\"su-spoiler su-spoiler-style-fancy su-spoiler-icon-chevron\" data-scroll-offset=\"0\" data-anchor-in-url=\"no\"><div class=\"su-spoiler-title\" tabindex=\"0\" role=\"button\"><span class=\"su-spoiler-icon\"><\/span><strong>Passion et int\u00e9r\u00eat clinique<\/strong><\/div><div class=\"su-spoiler-content su-u-clearfix su-u-trim\"> \u00c0 venir <\/div><\/div><\/h1>\n\n\n\n<h1 style=\"font-size:17px\"><div class=\"su-spoiler su-spoiler-style-fancy su-spoiler-icon-chevron su-spoiler-closed\" data-scroll-offset=\"0\" data-anchor-in-url=\"no\"><div class=\"su-spoiler-title\" tabindex=\"0\" role=\"button\"><span class=\"su-spoiler-icon\"><\/span><strong><strong>Int\u00e9r\u00eats de recherche<\/strong><\/strong><\/div><div class=\"su-spoiler-content su-u-clearfix su-u-trim\"> Dufour, M-M., Martin, V., Dub\u00e9, J., Kutlesa, K.,&nbsp;<strong>Klemme, J.E.,<\/strong>&nbsp;&amp; Lachapelle, A-A. (2024, Ao\u00fbt).&nbsp;<em>Taking Care of Those Who Take Care: a longitudinal study of the psychological well-being of staff working in residential settings for autistic adults&nbsp;<\/em>[communication orale]. International Association for the Scientific Study of Intellectual and Developmental Disabilities (IASSIDD), Chicago, Illinois, USA.<br><br><strong>Klemme, J.E.,&nbsp;<\/strong>Dufour, M.-M.,<strong>&nbsp;<\/strong>Moore, C., Kutlesa, K., Leroux, P., Larochelle-Guy, J. (2024, Mai).&nbsp;<em>Trauma and Autism: A scoping review of the literature<\/em>&nbsp;[communication par affiche]. 46<sup>e<\/sup>&nbsp;congr\u00e8s annuel de la Soci\u00e9t\u00e9 Qu\u00e9b\u00e9coise pour la Recherche en Psychologie (SQRP), Drummondville, QC, Canada.<br><br><strong>Klemme, J.E.,&nbsp;<\/strong>Dufour, M.-M.,<strong>&nbsp;<\/strong>Moore, C., Kutlesa, K., Leroux, P., Larochelle-Guy, J. (2024, Mai).&nbsp;<em>Trauma and Autism: A scoping review of the literature<\/em>&nbsp;[communication par affiche]. Colloque \u00ab La recherche et le d\u00e9veloppement des pratiques en soutien \u00e0 l&rsquo;inclusion des personnes autistes ou pr\u00e9sentant une d\u00e9ficience intellectuelle \u00bb de l\u2019Association Francophone pour le Savoir (Acfas), Ottawa, QC, Canada.<br><br><strong>Klemme, J. E.<\/strong>, Dufour, M.-M., Pr\u00e9fontaine, I., Martin, V., Hogan, M., &amp; Argumedes M. (2023, Novembre).&nbsp;<em>Adaptation and implementation of a Positive Behavioral Intervention Support (PBIS) program in a residential setting for autistic adults<\/em>&nbsp;[communication par affiche].<strong>&nbsp;<\/strong>Congr\u00e8s du 15<sup>e<\/sup>&nbsp;anniversaire de l\u2019Institut universitaire en d\u00e9ficience intellectuelle et trouble du spectre de l\u2019autisme (IU DI TSA), Trois-Rivi\u00e8res, QC, Canada.<\/div><\/div><\/h1>\n","protected":false},"excerpt":{"rendered":"","protected":false},"author":7,"featured_media":0,"parent":0,"menu_order":0,"comment_status":"closed","ping_status":"closed","template":"","meta":[],"yoast_head":"<!-- This site is optimized with the Yoast SEO plugin v19.6 - https:\/\/yoast.com\/wordpress\/plugins\/seo\/ -->\n<title>Jade-\u00c9liane Klemme - LUDICA<\/title>\n<meta name=\"robots\" content=\"index, follow, max-snippet:-1, max-image-preview:large, max-video-preview:-1\" \/>\n<link rel=\"canonical\" href=\"https:\/\/ludica.uqo.ca\/index.php\/jade-eliane-klemme\/\" \/>\n<meta property=\"og:locale\" content=\"fr_FR\" \/>\n<meta property=\"og:type\" content=\"article\" \/>\n<meta property=\"og:title\" content=\"Jade-\u00c9liane Klemme - LUDICA\" \/>\n<meta property=\"og:url\" content=\"https:\/\/ludica.uqo.ca\/index.php\/jade-eliane-klemme\/\" \/>\n<meta property=\"og:site_name\" content=\"LUDICA\" \/>\n<meta property=\"article:publisher\" content=\"https:\/\/www.facebook.com\/LABOLUDICA\" \/>\n<meta property=\"article:modified_time\" content=\"2025-08-19T02:16:48+00:00\" \/>\n<meta property=\"og:image\" content=\"https:\/\/ludica.uqo.ca\/wp-content\/uploads\/2025\/08\/JadeEK_1-683x1024.jpg\" \/>\n<meta name=\"twitter:card\" content=\"summary_large_image\" \/>\n<meta name=\"twitter:label1\" content=\"Dur\u00e9e de lecture estim\u00e9e\" \/>\n\t<meta name=\"twitter:data1\" content=\"2 minutes\" \/>\n<script type=\"application\/ld+json\" class=\"yoast-schema-graph\">{\"@context\":\"https:\/\/schema.org\",\"@graph\":[{\"@type\":\"WebPage\",\"@id\":\"https:\/\/ludica.uqo.ca\/index.php\/jade-eliane-klemme\/\",\"url\":\"https:\/\/ludica.uqo.ca\/index.php\/jade-eliane-klemme\/\",\"name\":\"Jade-\u00c9liane Klemme - LUDICA\",\"isPartOf\":{\"@id\":\"https:\/\/ludica.uqo.ca\/#website\"},\"datePublished\":\"2025-08-19T02:12:39+00:00\",\"dateModified\":\"2025-08-19T02:16:48+00:00\",\"breadcrumb\":{\"@id\":\"https:\/\/ludica.uqo.ca\/index.php\/jade-eliane-klemme\/#breadcrumb\"},\"inLanguage\":\"fr-FR\",\"potentialAction\":[{\"@type\":\"ReadAction\",\"target\":[\"https:\/\/ludica.uqo.ca\/index.php\/jade-eliane-klemme\/\"]}]},{\"@type\":\"BreadcrumbList\",\"@id\":\"https:\/\/ludica.uqo.ca\/index.php\/jade-eliane-klemme\/#breadcrumb\",\"itemListElement\":[{\"@type\":\"ListItem\",\"position\":1,\"name\":\"Accueil\",\"item\":\"https:\/\/ludica.uqo.ca\/\"},{\"@type\":\"ListItem\",\"position\":2,\"name\":\"Jade-\u00c9liane Klemme\"}]},{\"@type\":\"WebSite\",\"@id\":\"https:\/\/ludica.uqo.ca\/#website\",\"url\":\"https:\/\/ludica.uqo.ca\/\",\"name\":\"LUDICA\",\"description\":\"Laboratoire sur l&#039;Unicit\u00e9 et la Diversit\u00e9 des Int\u00e9r\u00eats et des Comportements en Autisme\",\"publisher\":{\"@id\":\"https:\/\/ludica.uqo.ca\/#organization\"},\"potentialAction\":[{\"@type\":\"SearchAction\",\"target\":{\"@type\":\"EntryPoint\",\"urlTemplate\":\"https:\/\/ludica.uqo.ca\/?s={search_term_string}\"},\"query-input\":\"required name=search_term_string\"}],\"inLanguage\":\"fr-FR\"},{\"@type\":\"Organization\",\"@id\":\"https:\/\/ludica.uqo.ca\/#organization\",\"name\":\"LUDICA\",\"url\":\"https:\/\/ludica.uqo.ca\/\",\"sameAs\":[\"https:\/\/www.facebook.com\/LABOLUDICA\"],\"logo\":{\"@type\":\"ImageObject\",\"inLanguage\":\"fr-FR\",\"@id\":\"https:\/\/ludica.uqo.ca\/#\/schema\/logo\/image\/\",\"url\":\"https:\/\/i0.wp.com\/ludica.uqo.ca\/wp-content\/uploads\/2021\/07\/Logo-LUDICA-abrege-e1659980461216.jpg?fit=1585%2C1125&ssl=1\",\"contentUrl\":\"https:\/\/i0.wp.com\/ludica.uqo.ca\/wp-content\/uploads\/2021\/07\/Logo-LUDICA-abrege-e1659980461216.jpg?fit=1585%2C1125&ssl=1\",\"width\":1585,\"height\":1125,\"caption\":\"LUDICA\"},\"image\":{\"@id\":\"https:\/\/ludica.uqo.ca\/#\/schema\/logo\/image\/\"}}]}<\/script>\n<!-- \/ Yoast SEO plugin. -->","yoast_head_json":{"title":"Jade-\u00c9liane Klemme - LUDICA","robots":{"index":"index","follow":"follow","max-snippet":"max-snippet:-1","max-image-preview":"max-image-preview:large","max-video-preview":"max-video-preview:-1"},"canonical":"https:\/\/ludica.uqo.ca\/index.php\/jade-eliane-klemme\/","og_locale":"fr_FR","og_type":"article","og_title":"Jade-\u00c9liane Klemme - LUDICA","og_url":"https:\/\/ludica.uqo.ca\/index.php\/jade-eliane-klemme\/","og_site_name":"LUDICA","article_publisher":"https:\/\/www.facebook.com\/LABOLUDICA","article_modified_time":"2025-08-19T02:16:48+00:00","og_image":[{"url":"https:\/\/ludica.uqo.ca\/wp-content\/uploads\/2025\/08\/JadeEK_1-683x1024.jpg"}],"twitter_card":"summary_large_image","twitter_misc":{"Dur\u00e9e de lecture estim\u00e9e":"2 minutes"},"schema":{"@context":"https:\/\/schema.org","@graph":[{"@type":"WebPage","@id":"https:\/\/ludica.uqo.ca\/index.php\/jade-eliane-klemme\/","url":"https:\/\/ludica.uqo.ca\/index.php\/jade-eliane-klemme\/","name":"Jade-\u00c9liane Klemme - LUDICA","isPartOf":{"@id":"https:\/\/ludica.uqo.ca\/#website"},"datePublished":"2025-08-19T02:12:39+00:00","dateModified":"2025-08-19T02:16:48+00:00","breadcrumb":{"@id":"https:\/\/ludica.uqo.ca\/index.php\/jade-eliane-klemme\/#breadcrumb"},"inLanguage":"fr-FR","potentialAction":[{"@type":"ReadAction","target":["https:\/\/ludica.uqo.ca\/index.php\/jade-eliane-klemme\/"]}]},{"@type":"BreadcrumbList","@id":"https:\/\/ludica.uqo.ca\/index.php\/jade-eliane-klemme\/#breadcrumb","itemListElement":[{"@type":"ListItem","position":1,"name":"Accueil","item":"https:\/\/ludica.uqo.ca\/"},{"@type":"ListItem","position":2,"name":"Jade-\u00c9liane Klemme"}]},{"@type":"WebSite","@id":"https:\/\/ludica.uqo.ca\/#website","url":"https:\/\/ludica.uqo.ca\/","name":"LUDICA","description":"Laboratoire sur l&#039;Unicit\u00e9 et la Diversit\u00e9 des Int\u00e9r\u00eats et des Comportements en Autisme","publisher":{"@id":"https:\/\/ludica.uqo.ca\/#organization"},"potentialAction":[{"@type":"SearchAction","target":{"@type":"EntryPoint","urlTemplate":"https:\/\/ludica.uqo.ca\/?s={search_term_string}"},"query-input":"required name=search_term_string"}],"inLanguage":"fr-FR"},{"@type":"Organization","@id":"https:\/\/ludica.uqo.ca\/#organization","name":"LUDICA","url":"https:\/\/ludica.uqo.ca\/","sameAs":["https:\/\/www.facebook.com\/LABOLUDICA"],"logo":{"@type":"ImageObject","inLanguage":"fr-FR","@id":"https:\/\/ludica.uqo.ca\/#\/schema\/logo\/image\/","url":"https:\/\/i0.wp.com\/ludica.uqo.ca\/wp-content\/uploads\/2021\/07\/Logo-LUDICA-abrege-e1659980461216.jpg?fit=1585%2C1125&ssl=1","contentUrl":"https:\/\/i0.wp.com\/ludica.uqo.ca\/wp-content\/uploads\/2021\/07\/Logo-LUDICA-abrege-e1659980461216.jpg?fit=1585%2C1125&ssl=1","width":1585,"height":1125,"caption":"LUDICA"},"image":{"@id":"https:\/\/ludica.uqo.ca\/#\/schema\/logo\/image\/"}}]}},"_links":{"self":[{"href":"https:\/\/ludica.uqo.ca\/index.php\/wp-json\/wp\/v2\/pages\/5985"}],"collection":[{"href":"https:\/\/ludica.uqo.ca\/index.php\/wp-json\/wp\/v2\/pages"}],"about":[{"href":"https:\/\/ludica.uqo.ca\/index.php\/wp-json\/wp\/v2\/types\/page"}],"author":[{"embeddable":true,"href":"https:\/\/ludica.uqo.ca\/index.php\/wp-json\/wp\/v2\/users\/7"}],"replies":[{"embeddable":true,"href":"https:\/\/ludica.uqo.ca\/index.php\/wp-json\/wp\/v2\/comments?post=5985"}],"version-history":[{"count":3,"href":"https:\/\/ludica.uqo.ca\/index.php\/wp-json\/wp\/v2\/pages\/5985\/revisions"}],"predecessor-version":[{"id":5991,"href":"https:\/\/ludica.uqo.ca\/index.php\/wp-json\/wp\/v2\/pages\/5985\/revisions\/5991"}],"wp:attachment":[{"href":"https:\/\/ludica.uqo.ca\/index.php\/wp-json\/wp\/v2\/media?parent=5985"}],"curies":[{"name":"wp","href":"https:\/\/api.w.org\/{rel}","templated":true}]}}