{"id":66,"date":"2021-07-07T16:40:16","date_gmt":"2021-07-07T16:40:16","guid":{"rendered":"https:\/\/ludica.uqo.ca\/?page_id=66"},"modified":"2024-12-31T18:59:35","modified_gmt":"2024-12-31T18:59:35","slug":"dre-claudine-jacques","status":"publish","type":"page","link":"https:\/\/ludica.uqo.ca\/","title":{"rendered":"Bienvenue!"},"content":{"rendered":"\n<div class=\"wp-container-2 wp-block-columns\">\n<div class=\"wp-container-1 wp-block-column\" style=\"flex-basis:100%\"><\/div>\n<\/div>\n\n\n\n<div class=\"wp-block-nextend-smartslider3\"><\/div>\n\n\n\n<div class=\"wp-container-6 wp-block-columns alignfull\" style=\"padding-top:70px;padding-right:80px;padding-bottom:70px;padding-left:70px\">\n<div class=\"wp-container-3 wp-block-column is-vertically-aligned-bottom\"><div class=\"wp-block-image is-style-rounded\">\n<figure class=\"aligncenter size-large is-resized\"><img loading=\"lazy\" src=\"https:\/\/i0.wp.com\/ludica.uqo.ca\/wp-content\/uploads\/2021\/07\/Claudine-BW-scaled-e1661873790600-782x1024.jpg?resize=474%2C621&#038;ssl=1\" alt=\"\" class=\"wp-image-855\" width=\"474\" height=\"621\" srcset=\"https:\/\/i0.wp.com\/ludica.uqo.ca\/wp-content\/uploads\/2021\/07\/Claudine-BW-scaled-e1661873790600.jpg?resize=782%2C1024&amp;ssl=1 782w, https:\/\/i0.wp.com\/ludica.uqo.ca\/wp-content\/uploads\/2021\/07\/Claudine-BW-scaled-e1661873790600.jpg?resize=229%2C300&amp;ssl=1 229w, https:\/\/i0.wp.com\/ludica.uqo.ca\/wp-content\/uploads\/2021\/07\/Claudine-BW-scaled-e1661873790600.jpg?resize=768%2C1005&amp;ssl=1 768w, https:\/\/i0.wp.com\/ludica.uqo.ca\/wp-content\/uploads\/2021\/07\/Claudine-BW-scaled-e1661873790600.jpg?resize=1174%2C1536&amp;ssl=1 1174w, https:\/\/i0.wp.com\/ludica.uqo.ca\/wp-content\/uploads\/2021\/07\/Claudine-BW-scaled-e1661873790600.jpg?resize=1565%2C2048&amp;ssl=1 1565w, https:\/\/i0.wp.com\/ludica.uqo.ca\/wp-content\/uploads\/2021\/07\/Claudine-BW-scaled-e1661873790600.jpg?resize=18%2C24&amp;ssl=1 18w, https:\/\/i0.wp.com\/ludica.uqo.ca\/wp-content\/uploads\/2021\/07\/Claudine-BW-scaled-e1661873790600.jpg?resize=28%2C36&amp;ssl=1 28w, https:\/\/i0.wp.com\/ludica.uqo.ca\/wp-content\/uploads\/2021\/07\/Claudine-BW-scaled-e1661873790600.jpg?resize=37%2C48&amp;ssl=1 37w, https:\/\/i0.wp.com\/ludica.uqo.ca\/wp-content\/uploads\/2021\/07\/Claudine-BW-scaled-e1661873790600.jpg?w=1892&amp;ssl=1 1892w\" sizes=\"(max-width: 474px) 100vw, 474px\" data-recalc-dims=\"1\" \/><figcaption>\u00a9 Cr\u00e9dit photo : Marc-Antoine L\u00e9veill\u00e9<\/figcaption><\/figure><\/div><\/div>\n\n\n\n<div class=\"wp-container-5 wp-block-column\">\n<h1 class=\"has-text-align-left has-text-color\" style=\"color:#707274;font-size:50px\"><strong>LUDICA<\/strong><\/h1>\n\n\n\n<p><em>Dre Claudine Jacques, fondatrice <\/em><\/p>\n\n\n\n<hr class=\"wp-block-separator has-text-color has-alpha-channel-opacity has-background is-style-wide\" style=\"background-color:#7c7c7c;color:#7c7c7c\"\/>\n\n\n\n<p class=\"has-text-align-left\" style=\"font-size:18px\">Le <em>Laboratoire sur l&rsquo;unicit\u00e9 et la diversit\u00e9 des int\u00e9r\u00eats et des comportements en autisme <\/em>(LUDICA) de Claudine Jacques a \u00e9t\u00e9 fond\u00e9 en 2021. Le LUDICA vise une meilleure compr\u00e9hension du large spectre des particularit\u00e9s autistiques, en s\u2019appuyant sur une vision positive de l\u2019autisme.  Les comportements r\u00e9p\u00e9titifs et les int\u00e9r\u00eats de pr\u00e9dilection sont au c\u0153ur de ses travaux. Diverses m\u00e9thodologies stimulantes et adapt\u00e9es aux diff\u00e9rents profils des enfants autistes sont privil\u00e9gi\u00e9es dans le cadre des \u00e9tudes du laboratoire. Ainsi, cela offre un portrait plus repr\u00e9sentatif des traits autistiques, et ce, \u00e0 travers la trajectoire d\u00e9veloppementale.<\/p>\n\n\n\n<p style=\"font-size:18px\">Le laboratoire compte divers projets de recherche \u00e0 son actif o\u00f9 plusieurs \u00e9tudiant(es), chercheur(es) et partenaires expert(es) dans le domaine de l&rsquo;autisme collaborent \u00e9troitement. Ultimement, le fruit de ces \u00e9tudes a pour objectif de contribuer au d\u00e9veloppement de connaissances et surtout de pratiques \u00e9ducatives et \u00e9valuatives en autisme.<\/p>\n\n\n\n<div class=\"wp-container-4 wp-block-buttons\">\n<div class=\"wp-block-button\"><a class=\"wp-block-button__link\" href=\"https:\/\/ludica.uqo.ca\/index.php\/nos-objectifs\/\" style=\"border-radius:30px\" target=\"_blank\" rel=\"noreferrer noopener\">En savoir plus<\/a><\/div>\n<\/div>\n<\/div>\n<\/div>\n\n\n\n<div class=\"wp-container-7 wp-block-group alignfull\"><div class=\"wp-block-group__inner-container\">\n<h1 class=\"alignfull has-text-align-center has-text-color has-background\" style=\"background-color:#7f8183;color:#ffffff;font-size:33px\">Fiers partenaires<\/h1>\n<\/div><\/div>\n\n\n\t\t<div class=\"wpsisac-slick-carousal-wrp wpsisac-clearfix \" data-conf=\"{&quot;slidestoshow&quot;:3,&quot;slidestoscroll&quot;:1,&quot;dots&quot;:&quot;true&quot;,&quot;arrows&quot;:&quot;true&quot;,&quot;autoplay&quot;:&quot;true&quot;,&quot;autoplay_interval&quot;:3000,&quot;speed&quot;:300,&quot;rtl&quot;:&quot;false&quot;,&quot;centermode&quot;:&quot;false&quot;,&quot;lazyload&quot;:&quot;&quot;,&quot;variablewidth&quot;:&quot;false&quot;,&quot;loop&quot;:&quot;true&quot;,&quot;hover_pause&quot;:&quot;true&quot;}\">\r\t\t\t<div id=\"wpsisac-slick-carousal-1\" class=\"wpsisac-slick-init wpsisac-slick-carousal design-1  simplecarousal\">\r\r\t\t\t\t<div class=\"wpsisac-image-slide\">\r\t\t\t<div class=\"wpsisac-image-slide-wrap\" style=\"\">\r\t\t\t<img  src=\"https:\/\/i0.wp.com\/ludica.uqo.ca\/wp-content\/uploads\/2022\/05\/Logo_AUF.png?fit=300%2C212&#038;ssl=1\" alt=\"Partenaire &#8211; AUF\" \/>\r\t\t<\/div>\r\t<\/div><div class=\"wpsisac-image-slide\">\r\t\t\t<div class=\"wpsisac-image-slide-wrap\" style=\"\">\r\t\t\t<img  src=\"https:\/\/i0.wp.com\/ludica.uqo.ca\/wp-content\/uploads\/2021\/08\/IU.jpg?fit=300%2C300&#038;ssl=1\" alt=\"Partenaires &#8211; IU\" \/>\r\t\t<\/div>\r\t<\/div><div class=\"wpsisac-image-slide\">\r\t\t\t<div class=\"wpsisac-image-slide-wrap\" style=\"\">\r\t\t\t<img  src=\"https:\/\/i0.wp.com\/ludica.uqo.ca\/wp-content\/uploads\/2021\/07\/telecharger.jpg?fit=300%2C110&#038;ssl=1\" alt=\"Partenaires &#8211; RTSA\" \/>\r\t\t<\/div>\r\t<\/div><div class=\"wpsisac-image-slide\">\r\t\t\t<div class=\"wpsisac-image-slide-wrap\" style=\"\">\r\t\t\t<img  src=\"https:\/\/i0.wp.com\/ludica.uqo.ca\/wp-content\/uploads\/2021\/07\/128_nouvelleLeft_v_cisss_outaouais_2-2.jpg?fit=225%2C187&#038;ssl=1\" alt=\"Partenaires &#8211; CISSSO\" \/>\r\t\t<\/div>\r\t<\/div><div class=\"wpsisac-image-slide\">\r\t\t\t<div class=\"wpsisac-image-slide-wrap\" style=\"\">\r\t\t\t<img  src=\"https:\/\/i0.wp.com\/ludica.uqo.ca\/wp-content\/uploads\/2021\/07\/RISUQ-Logo_RGB-scaled.jpg?fit=300%2C207&#038;ssl=1\" alt=\"Partenaires &#8211; RISUQ\" \/>\r\t\t<\/div>\r\t<\/div><div class=\"wpsisac-image-slide\">\r\t\t\t<div class=\"wpsisac-image-slide-wrap\" style=\"\">\r\t\t\t<img  src=\"https:\/\/i0.wp.com\/ludica.uqo.ca\/wp-content\/uploads\/2021\/07\/Capture-de\u0301cran-le-2020-08-25-a\u0300-12.06.00-450x138-3.png?fit=300%2C92&#038;ssl=1\" alt=\"Partenaires &#8211; CRSH\" \/>\r\t\t<\/div>\r\t<\/div><div class=\"wpsisac-image-slide\">\r\t\t\t<div class=\"wpsisac-image-slide-wrap\" style=\"\">\r\t\t\t<img  src=\"https:\/\/i0.wp.com\/ludica.uqo.ca\/wp-content\/uploads\/2021\/07\/Logos_CIUSSS-NIM_RGB-2.jpg?fit=300%2C136&#038;ssl=1\" alt=\"Partenaires &#8211; CIUSSS NIM\" \/>\r\t\t<\/div>\r\t<\/div><div class=\"wpsisac-image-slide\">\r\t\t\t<div class=\"wpsisac-image-slide-wrap\" style=\"\">\r\t\t\t<img  src=\"https:\/\/i0.wp.com\/ludica.uqo.ca\/wp-content\/uploads\/2021\/07\/uqo-2.png?fit=300%2C144&#038;ssl=1\" alt=\"Partenaires &#8211; UQO\" \/>\r\t\t<\/div>\r\t<\/div>\r\t\t\t<\/div>\r\t\t<\/div>\r\t","protected":false},"excerpt":{"rendered":"<p>LUDICA Dre Claudine Jacques, fondatrice Le Laboratoire sur l&rsquo;unicit\u00e9 et la diversit\u00e9 des int\u00e9r\u00eats et des comportements en autisme (LUDICA) de Claudine Jacques a \u00e9t\u00e9 fond\u00e9 en 2021. Le LUDICA vise une meilleure compr\u00e9hension du large spectre des particularit\u00e9s autistiques, en s\u2019appuyant sur une vision positive de l\u2019autisme. Les comportements r\u00e9p\u00e9titifs et les int\u00e9r\u00eats de &hellip;<\/p>\n","protected":false},"author":1,"featured_media":0,"parent":0,"menu_order":0,"comment_status":"closed","ping_status":"closed","template":"","meta":[],"yoast_head":"<!-- This site is optimized with the Yoast SEO plugin v19.6 - https:\/\/yoast.com\/wordpress\/plugins\/seo\/ -->\n<title>Bienvenue! - LUDICA<\/title>\n<meta name=\"robots\" content=\"index, follow, max-snippet:-1, max-image-preview:large, max-video-preview:-1\" \/>\n<link rel=\"canonical\" href=\"https:\/\/ludica.uqo.ca\/\" \/>\n<meta property=\"og:locale\" content=\"fr_FR\" \/>\n<meta property=\"og:type\" content=\"article\" \/>\n<meta property=\"og:title\" content=\"Bienvenue! - LUDICA\" \/>\n<meta property=\"og:description\" content=\"LUDICA Dre Claudine Jacques, fondatrice Le Laboratoire sur l&rsquo;unicit\u00e9 et la diversit\u00e9 des int\u00e9r\u00eats et des comportements en autisme (LUDICA) de Claudine Jacques a \u00e9t\u00e9 fond\u00e9 en 2021. Le LUDICA vise une meilleure compr\u00e9hension du large spectre des particularit\u00e9s autistiques, en s\u2019appuyant sur une vision positive de l\u2019autisme. Les comportements r\u00e9p\u00e9titifs et les int\u00e9r\u00eats de &hellip;\" \/>\n<meta property=\"og:url\" content=\"https:\/\/ludica.uqo.ca\/\" \/>\n<meta property=\"og:site_name\" content=\"LUDICA\" \/>\n<meta property=\"article:publisher\" content=\"https:\/\/www.facebook.com\/LABOLUDICA\" \/>\n<meta property=\"article:modified_time\" content=\"2024-12-31T18:59:35+00:00\" \/>\n<meta property=\"og:image\" content=\"https:\/\/ludica.uqo.ca\/wp-content\/uploads\/2021\/07\/Claudine-BW-scaled-e1661873790600-782x1024.jpg\" \/>\n<meta name=\"twitter:card\" content=\"summary_large_image\" \/>\n<meta name=\"twitter:label1\" content=\"Dur\u00e9e de lecture estim\u00e9e\" \/>\n\t<meta name=\"twitter:data1\" content=\"2 minutes\" \/>\n<script type=\"application\/ld+json\" class=\"yoast-schema-graph\">{\"@context\":\"https:\/\/schema.org\",\"@graph\":[{\"@type\":\"WebPage\",\"@id\":\"https:\/\/ludica.uqo.ca\/\",\"url\":\"https:\/\/ludica.uqo.ca\/\",\"name\":\"Bienvenue! - LUDICA\",\"isPartOf\":{\"@id\":\"https:\/\/ludica.uqo.ca\/#website\"},\"datePublished\":\"2021-07-07T16:40:16+00:00\",\"dateModified\":\"2024-12-31T18:59:35+00:00\",\"breadcrumb\":{\"@id\":\"https:\/\/ludica.uqo.ca\/#breadcrumb\"},\"inLanguage\":\"fr-FR\",\"potentialAction\":[{\"@type\":\"ReadAction\",\"target\":[\"https:\/\/ludica.uqo.ca\/\"]}]},{\"@type\":\"BreadcrumbList\",\"@id\":\"https:\/\/ludica.uqo.ca\/#breadcrumb\",\"itemListElement\":[{\"@type\":\"ListItem\",\"position\":1,\"name\":\"Accueil\",\"item\":\"https:\/\/ludica.uqo.ca\/\"},{\"@type\":\"ListItem\",\"position\":2,\"name\":\"Bienvenue!\"}]},{\"@type\":\"WebSite\",\"@id\":\"https:\/\/ludica.uqo.ca\/#website\",\"url\":\"https:\/\/ludica.uqo.ca\/\",\"name\":\"LUDICA\",\"description\":\"Laboratoire sur l&#039;Unicit\u00e9 et la Diversit\u00e9 des Int\u00e9r\u00eats et des Comportements en Autisme\",\"publisher\":{\"@id\":\"https:\/\/ludica.uqo.ca\/#organization\"},\"potentialAction\":[{\"@type\":\"SearchAction\",\"target\":{\"@type\":\"EntryPoint\",\"urlTemplate\":\"https:\/\/ludica.uqo.ca\/?s={search_term_string}\"},\"query-input\":\"required name=search_term_string\"}],\"inLanguage\":\"fr-FR\"},{\"@type\":\"Organization\",\"@id\":\"https:\/\/ludica.uqo.ca\/#organization\",\"name\":\"LUDICA\",\"url\":\"https:\/\/ludica.uqo.ca\/\",\"sameAs\":[\"https:\/\/www.facebook.com\/LABOLUDICA\"],\"logo\":{\"@type\":\"ImageObject\",\"inLanguage\":\"fr-FR\",\"@id\":\"https:\/\/ludica.uqo.ca\/#\/schema\/logo\/image\/\",\"url\":\"https:\/\/i0.wp.com\/ludica.uqo.ca\/wp-content\/uploads\/2021\/07\/Logo-LUDICA-abrege-e1659980461216.jpg?fit=1585%2C1125&ssl=1\",\"contentUrl\":\"https:\/\/i0.wp.com\/ludica.uqo.ca\/wp-content\/uploads\/2021\/07\/Logo-LUDICA-abrege-e1659980461216.jpg?fit=1585%2C1125&ssl=1\",\"width\":1585,\"height\":1125,\"caption\":\"LUDICA\"},\"image\":{\"@id\":\"https:\/\/ludica.uqo.ca\/#\/schema\/logo\/image\/\"}}]}<\/script>\n<!-- \/ Yoast SEO plugin. -->","yoast_head_json":{"title":"Bienvenue! - LUDICA","robots":{"index":"index","follow":"follow","max-snippet":"max-snippet:-1","max-image-preview":"max-image-preview:large","max-video-preview":"max-video-preview:-1"},"canonical":"https:\/\/ludica.uqo.ca\/","og_locale":"fr_FR","og_type":"article","og_title":"Bienvenue! - LUDICA","og_description":"LUDICA Dre Claudine Jacques, fondatrice Le Laboratoire sur l&rsquo;unicit\u00e9 et la diversit\u00e9 des int\u00e9r\u00eats et des comportements en autisme (LUDICA) de Claudine Jacques a \u00e9t\u00e9 fond\u00e9 en 2021. Le LUDICA vise une meilleure compr\u00e9hension du large spectre des particularit\u00e9s autistiques, en s\u2019appuyant sur une vision positive de l\u2019autisme. Les comportements r\u00e9p\u00e9titifs et les int\u00e9r\u00eats de &hellip;","og_url":"https:\/\/ludica.uqo.ca\/","og_site_name":"LUDICA","article_publisher":"https:\/\/www.facebook.com\/LABOLUDICA","article_modified_time":"2024-12-31T18:59:35+00:00","og_image":[{"url":"https:\/\/ludica.uqo.ca\/wp-content\/uploads\/2021\/07\/Claudine-BW-scaled-e1661873790600-782x1024.jpg"}],"twitter_card":"summary_large_image","twitter_misc":{"Dur\u00e9e de lecture estim\u00e9e":"2 minutes"},"schema":{"@context":"https:\/\/schema.org","@graph":[{"@type":"WebPage","@id":"https:\/\/ludica.uqo.ca\/","url":"https:\/\/ludica.uqo.ca\/","name":"Bienvenue! - LUDICA","isPartOf":{"@id":"https:\/\/ludica.uqo.ca\/#website"},"datePublished":"2021-07-07T16:40:16+00:00","dateModified":"2024-12-31T18:59:35+00:00","breadcrumb":{"@id":"https:\/\/ludica.uqo.ca\/#breadcrumb"},"inLanguage":"fr-FR","potentialAction":[{"@type":"ReadAction","target":["https:\/\/ludica.uqo.ca\/"]}]},{"@type":"BreadcrumbList","@id":"https:\/\/ludica.uqo.ca\/#breadcrumb","itemListElement":[{"@type":"ListItem","position":1,"name":"Accueil","item":"https:\/\/ludica.uqo.ca\/"},{"@type":"ListItem","position":2,"name":"Bienvenue!"}]},{"@type":"WebSite","@id":"https:\/\/ludica.uqo.ca\/#website","url":"https:\/\/ludica.uqo.ca\/","name":"LUDICA","description":"Laboratoire sur l&#039;Unicit\u00e9 et la Diversit\u00e9 des Int\u00e9r\u00eats et des Comportements en Autisme","publisher":{"@id":"https:\/\/ludica.uqo.ca\/#organization"},"potentialAction":[{"@type":"SearchAction","target":{"@type":"EntryPoint","urlTemplate":"https:\/\/ludica.uqo.ca\/?s={search_term_string}"},"query-input":"required name=search_term_string"}],"inLanguage":"fr-FR"},{"@type":"Organization","@id":"https:\/\/ludica.uqo.ca\/#organization","name":"LUDICA","url":"https:\/\/ludica.uqo.ca\/","sameAs":["https:\/\/www.facebook.com\/LABOLUDICA"],"logo":{"@type":"ImageObject","inLanguage":"fr-FR","@id":"https:\/\/ludica.uqo.ca\/#\/schema\/logo\/image\/","url":"https:\/\/i0.wp.com\/ludica.uqo.ca\/wp-content\/uploads\/2021\/07\/Logo-LUDICA-abrege-e1659980461216.jpg?fit=1585%2C1125&ssl=1","contentUrl":"https:\/\/i0.wp.com\/ludica.uqo.ca\/wp-content\/uploads\/2021\/07\/Logo-LUDICA-abrege-e1659980461216.jpg?fit=1585%2C1125&ssl=1","width":1585,"height":1125,"caption":"LUDICA"},"image":{"@id":"https:\/\/ludica.uqo.ca\/#\/schema\/logo\/image\/"}}]}},"_links":{"self":[{"href":"https:\/\/ludica.uqo.ca\/index.php\/wp-json\/wp\/v2\/pages\/66"}],"collection":[{"href":"https:\/\/ludica.uqo.ca\/index.php\/wp-json\/wp\/v2\/pages"}],"about":[{"href":"https:\/\/ludica.uqo.ca\/index.php\/wp-json\/wp\/v2\/types\/page"}],"author":[{"embeddable":true,"href":"https:\/\/ludica.uqo.ca\/index.php\/wp-json\/wp\/v2\/users\/1"}],"replies":[{"embeddable":true,"href":"https:\/\/ludica.uqo.ca\/index.php\/wp-json\/wp\/v2\/comments?post=66"}],"version-history":[{"count":164,"href":"https:\/\/ludica.uqo.ca\/index.php\/wp-json\/wp\/v2\/pages\/66\/revisions"}],"predecessor-version":[{"id":5541,"href":"https:\/\/ludica.uqo.ca\/index.php\/wp-json\/wp\/v2\/pages\/66\/revisions\/5541"}],"wp:attachment":[{"href":"https:\/\/ludica.uqo.ca\/index.php\/wp-json\/wp\/v2\/media?parent=66"}],"curies":[{"name":"wp","href":"https:\/\/api.w.org\/{rel}","templated":true}]}}