{"id":82,"date":"2021-07-07T16:48:09","date_gmt":"2021-07-07T16:48:09","guid":{"rendered":"https:\/\/ludica.uqo.ca\/?page_id=82"},"modified":"2026-03-15T00:29:45","modified_gmt":"2026-03-15T00:29:45","slug":"claudine-jacques","status":"publish","type":"page","link":"https:\/\/ludica.uqo.ca\/index.php\/claudine-jacques\/","title":{"rendered":"Dre Claudine Jacques"},"content":{"rendered":"\t\t<div data-elementor-type=\"wp-page\" data-elementor-id=\"82\" class=\"elementor elementor-82\">\n\t\t\t\t\t\t\t\t\t<section class=\"elementor-section elementor-top-section elementor-element elementor-element-28079aef elementor-section-boxed elementor-section-height-default elementor-section-height-default\" data-id=\"28079aef\" data-element_type=\"section\">\n\t\t\t\t\t\t<div class=\"elementor-container elementor-column-gap-default\">\n\t\t\t\t\t<div class=\"elementor-column elementor-col-100 elementor-top-column elementor-element elementor-element-381117d4\" data-id=\"381117d4\" data-element_type=\"column\">\n\t\t\t<div class=\"elementor-widget-wrap elementor-element-populated\">\n\t\t\t\t\t\t\t\t<div class=\"elementor-element elementor-element-50e8d9c1 elementor-widget elementor-widget-text-editor\" data-id=\"50e8d9c1\" data-element_type=\"widget\" data-widget_type=\"text-editor.default\">\n\t\t\t\t<div class=\"elementor-widget-container\">\n\t\t\t<style>\/*! elementor - v3.7.3 - 29-08-2022 *\/\n.elementor-widget-text-editor.elementor-drop-cap-view-stacked .elementor-drop-cap{background-color:#818a91;color:#fff}.elementor-widget-text-editor.elementor-drop-cap-view-framed .elementor-drop-cap{color:#818a91;border:3px solid;background-color:transparent}.elementor-widget-text-editor:not(.elementor-drop-cap-view-default) .elementor-drop-cap{margin-top:8px}.elementor-widget-text-editor:not(.elementor-drop-cap-view-default) .elementor-drop-cap-letter{width:1em;height:1em}.elementor-widget-text-editor .elementor-drop-cap{float:left;text-align:center;line-height:1;font-size:50px}.elementor-widget-text-editor .elementor-drop-cap-letter{display:inline-block}<\/style>\t\t\t\t<!-- wp:group -->\n<div class=\"wp-block-group\"><!-- wp:columns -->\n<div class=\"wp-block-columns\"><!-- wp:column -->\n<div class=\"wp-block-column\"><!-- wp:media-text {\"mediaId\":5432,\"mediaLink\":\"https:\/\/ludica.uqo.ca\/index.php\/claudine-jacques\/claudine_1-1\/\",\"mediaType\":\"image\",\"mediaWidth\":37,\"mediaSizeSlug\":\"full\",\"imageFill\":true,\"focalPoint\":{\"x\":\"0.54\",\"y\":\"0.52\"}} -->\n<div class=\"wp-block-media-text alignwide is-stacked-on-mobile is-image-fill\" style=\"grid-template-columns: 37% auto;\">\n<figure class=\"wp-block-media-text__media\" style=\"background-image: url('https:\/\/ludica.uqo.ca\/wp-content\/uploads\/2024\/12\/Claudine_1-1.jpg'); background-position: 54% 52%;\"><img class=\"wp-image-5432 size-full\" src=\"https:\/\/i0.wp.com\/ludica.uqo.ca\/wp-content\/uploads\/2024\/12\/Claudine_1-1.jpg?resize=683%2C1024&#038;ssl=1\" alt=\"\" data-recalc-dims=\"1\" \/><\/figure>\n<div class=\"wp-block-media-text__content\"><!-- wp:paragraph {\"align\":\"center\",\"style\":{\"color\":{\"text\":\"#05949e\"},\"typography\":{\"fontSize\":\"22px\"}}} -->\n<p class=\"has-text-align-center has-text-color\" style=\"color: #05949e; font-size: 22px;\"><strong>Psycho\u00e9ducatrice, Ph. D.<\/strong><\/p>\n<!-- \/wp:paragraph -->\n\n<!-- wp:heading {\"textAlign\":\"center\",\"level\":1,\"style\":{\"typography\":{\"fontSize\":18,\"lineHeight\":1.5}}} -->\n<h1 id=\"block-8cbf19fa-11bb-4e8e-9a50-f91c7159c08c\" class=\"has-text-align-center\" style=\"font-size: 18px; line-height: 1.5;\"><strong>Professeure<\/strong>, d\u00e9partement de psycho\u00e9ducation et de psychologie, UQO<br \/><strong>Chercheuse r\u00e9guli\u00e8re<\/strong> au CISSS de l&rsquo;Outaouais, CIUSSS du Nord-de-l&rsquo;\u00cele-de-Montr\u00e9al, et \u00e0 l\u2019Institut Universitaire en d\u00e9ficience intellectuelle et trouble du spectre de l\u2019autisme<\/h1>\n<!-- \/wp:heading -->\n\n<!-- wp:paragraph {\"align\":\"center\",\"style\":{\"color\":{\"text\":\"#05949e\"}}} -->\n<p class=\"has-text-align-center has-text-color\" style=\"color: #05949e;\"><a href=\"mailto:claudine.jacques@uqo.ca\" target=\"_blank\" rel=\"noreferrer noopener\"><strong>claudine.jacques@uqo.ca<\/strong><\/a><\/p>\n<!-- \/wp:paragraph -->\n\n<!-- wp:separator {\"opacity\":\"css\",\"style\":{\"color\":{\"background\":\"#b0a5a5\"}},\"className\":\"is-style-wide\"} --><hr class=\"wp-block-separator has-text-color has-css-opacity has-background is-style-wide\" style=\"background-color: #b0a5a5; color: #b0a5a5;\" \/><!-- \/wp:separator -->\n\n<!-- wp:heading {\"level\":1,\"style\":{\"typography\":{\"fontSize\":18,\"lineHeight\":\"1.5\"}}} -->\n<h1 style=\"font-size: 18px; line-height: 1.5;\">Les nombreuses ann\u00e9es pass\u00e9es au Centre hospitalier Universitaire Sainte-Justine et \u00e0 l\u2019h\u00f4pital en sant\u00e9 mentale Rivi\u00e8re-des-Prairies en tant que psycho\u00e9ducatrice ont permis \u00e0 Claudine Jacques de d\u00e9velopper une expertise en \u00e9valuation et en intervention aupr\u00e8s de la client\u00e8le autiste.\u00a0 Elle a r\u00e9alis\u00e9 un doctorat en psychologie, option psycho\u00e9ducation \u00e0 l\u2019Universit\u00e9 de Montr\u00e9al. Sa th\u00e8se doctorale portait sur l\u2019\u00e9laboration d\u2019une situation d\u2019observation permettant de documenter les comportements r\u00e9p\u00e9titifs et l\u2019exploration d\u2019objets chez des enfants autistes en bas \u00e2ge.<br \/><br \/>Depuis 2012, Claudine Jacques est professeure au d\u00e9partement de psycho\u00e9ducation et de psychologie \u00e0 l\u2019Universit\u00e9 du Qu\u00e9bec en Outaouais. Elle collabore \u00e9galement avec des milieux universitaires ha\u00eftiens pour mettre en place des programmes d&rsquo;interventions psychosociales qui r\u00e9pondent aux besoins de la population.<\/h1>\n<!-- \/wp:heading -->\n\n<!-- wp:heading {\"level\":1,\"style\":{\"typography\":{\"fontSize\":18,\"lineHeight\":1.5}}} -->\n<h1 style=\"font-size: 18px; line-height: 1.5;\">Ses travaux visent principalement \u00e0 mieux comprendre et utiliser les comportements r\u00e9p\u00e9titifs, les int\u00e9r\u00eats de pr\u00e9dilection et les forces des enfants autistes, et ce, dans le cadre de l\u2019\u00e9valuation diagnostique et des pratiques \u00e9ducatives.<\/h1>\n<!-- \/wp:heading -->\n\n<!-- wp:group -->\n<div class=\"wp-block-group\"><!-- wp:embed {\"url\":\"https:\/\/vimeo.com\/277688150\",\"type\":\"video\",\"providerNameSlug\":\"vimeo\",\"responsive\":true,\"align\":\"center\",\"className\":\"\"} -->\n<figure class=\"wp-block-embed aligncenter is-type-video is-provider-vimeo wp-block-embed-vimeo\">\n<div class=\"wp-block-embed__wrapper\">https:\/\/vimeo.com\/277688150<\/div>\n<\/figure>\n<!-- \/wp:embed --><\/div>\n<!-- \/wp:group --><\/div>\n<\/div>\n<!-- \/wp:media-text -->\n\n<!-- wp:group -->\n<div class=\"wp-block-group\"><!-- wp:columns -->\n<div class=\"wp-block-columns\"><!-- wp:column -->\n<div class=\"wp-block-column\"><!-- wp:heading {\"textAlign\":\"right\",\"level\":1,\"style\":{\"typography\":{\"fontSize\":14}}} -->\n\n<!-- \/wp:heading -->\n\n<!-- wp:paragraph -->\n<p>&nbsp;<\/p>\n<!-- \/wp:paragraph --><\/div>\n<!-- \/wp:column -->\n\n<!-- wp:column -->\n<div class=\"wp-block-column\">\u00a0<\/div>\n<!-- \/wp:column -->\n\n<!-- wp:column -->\n<div class=\"wp-block-column\">\u00a0<\/div>\n<!-- \/wp:column --><\/div>\n<!-- \/wp:columns --><\/div>\n<!-- \/wp:group -->\n\n<!-- wp:group {\"align\":\"wide\"} -->\n<div class=\"wp-block-group alignwide\"><!-- wp:columns -->\n<div class=\"wp-block-columns\"><!-- wp:column -->\n<div class=\"wp-block-column\"><!-- wp:paragraph -->\n<p>&nbsp;<\/p>\n<!-- \/wp:paragraph --><\/div>\n<!-- \/wp:column --><\/div>\n<!-- \/wp:columns --><\/div>\n<!-- \/wp:group -->\n\n<!-- wp:group -->\n<div class=\"wp-block-group\"><!-- wp:heading {\"level\":1,\"style\":{\"typography\":{\"fontSize\":17}}} -->\n<h1 style=\"font-size: 17px;\"><div class=\"su-spoiler su-spoiler-style-fancy su-spoiler-icon-chevron\" data-scroll-offset=\"0\" data-anchor-in-url=\"no\"><div class=\"su-spoiler-title\" tabindex=\"0\" role=\"button\"><span class=\"su-spoiler-icon\"><\/span>Formation<\/div><div class=\"su-spoiler-content su-u-clearfix su-u-trim\"><strong>Ph. D. en psychologie, option psycho\u00e9ducation (Universit\u00e9 de Montr\u00e9al)<\/strong><br \/>Th\u00e8se : Validation d\u2019une situation de stimulation suscitant des comportements st\u00e9r\u00e9otyp\u00e9s et des int\u00e9r\u00eats restreints en bas \u00e2ge dans l\u2019autisme<br \/><br \/><strong>M. Sc. en psycho\u00e9ducation (Universit\u00e9 de Montr\u00e9al)<\/strong><br \/>M\u00e9moire : Programme psycho\u00e9ducatif pour enfants ayant des troubles envahissants du d\u00e9veloppement sans d\u00e9ficience intellectuelle <br \/><br \/><strong>B. Sc. en psycho\u00e9ducation (Universit\u00e9 de Montr\u00e9al)<\/strong><\/div><\/div><\/h1>\n<!-- \/wp:heading -->\n\n<!-- wp:heading {\"level\":1,\"style\":{\"typography\":{\"fontSize\":17}}} -->\n<h1 style=\"font-size: 17px;\"><div class=\"su-spoiler su-spoiler-style-fancy su-spoiler-icon-chevron su-spoiler-closed\" data-scroll-offset=\"0\" data-anchor-in-url=\"no\"><div class=\"su-spoiler-title\" tabindex=\"0\" role=\"button\"><span class=\"su-spoiler-icon\"><\/span>Int\u00e9r\u00eats et objectifs de recherche<\/div><div class=\"su-spoiler-content su-u-clearfix su-u-trim\">Claudine Jacques d\u00e9veloppe des outils adapt\u00e9s au d\u00e9veloppement autistique pour documenter les int\u00e9r\u00eats de pr\u00e9dilection et les forces des enfants autistes, afin d\u2019\u00e9laborer puis d\u2019implanter des approches d\u2019intervention qui utilisent ces caract\u00e9ristiques autistiques. <br \/><br \/>Elle m\u00e8ne \u00e9galement des travaux de recherches collaboratives sur l\u2019implantation de trajectoires de services qui am\u00e9liorent l\u2019\u00e9valuation diagnostique de conditions d\u00e9veloppementales pour les jeunes enfants, et ce, en collaboration avec divers partenaires en recherche et en clinique<\/div><\/div><\/h1>\n<!-- \/wp:heading -->\n\n<!-- wp:heading {\"level\":1,\"style\":{\"typography\":{\"fontSize\":17}}} -->\n<h1 style=\"font-size: 17px;\"><div class=\"su-spoiler su-spoiler-style-fancy su-spoiler-icon-chevron su-spoiler-closed\" data-scroll-offset=\"0\" data-anchor-in-url=\"no\"><div class=\"su-spoiler-title\" tabindex=\"0\" role=\"button\"><span class=\"su-spoiler-icon\"><\/span>Subventions de recherche r\u00e9centes<\/div><div class=\"su-spoiler-content su-u-clearfix su-u-trim\"><strong>Fonds de Recherche du Qu\u00e9bec<\/strong> &#8211; Soci\u00e9t\u00e9 et Culture | 2025 &#8211; actuellement<br \/><strong>Institut\u202fUniversitaire\u202fen DI\u202fet en\u202fTSA<\/strong> | 2024 &#8211; 2026 <br \/><strong>Fondation Sant\u00e9 Gatineau\u202f<\/strong> | 2020 &#8211; actuellement<br \/><strong>Conseil de recherche en sciences humaines<\/strong> &#8211; Savoir | 2020 &#8211; actuellement<\/div><\/div><\/h1>\n<!-- \/wp:heading -->\n\n<!-- wp:heading {\"level\":1,\"style\":{\"typography\":{\"fontSize\":17}}} -->\n<h1 id=\"block-844fa469-bd40-4084-af27-30bf1e4fda80\" style=\"font-size: 17px;\"><div class=\"su-spoiler su-spoiler-style-fancy su-spoiler-icon-chevron su-spoiler-closed\" data-scroll-offset=\"0\" data-anchor-in-url=\"no\"><div class=\"su-spoiler-title\" tabindex=\"0\" role=\"button\"><span class=\"su-spoiler-icon\"><\/span>Domaines de sp\u00e9cialisation<\/div><div class=\"su-spoiler-content su-u-clearfix su-u-trim\">Autisme<br \/>Conditions neurod\u00e9veloppementales<br \/>\u00c9valuation<br \/>Intervention<br \/>Approche psycho\u00e9ducative<\/div><\/div><\/h1>\n<!-- \/wp:heading -->\n\n<!-- wp:spacer {\"height\":\"30px\"} -->\n<div class=\"wp-block-spacer\" style=\"height: 30px;\" aria-hidden=\"true\">\u00a0<\/div>\n<!-- \/wp:spacer --><\/div>\n<!-- \/wp:group --><\/div>\n<!-- \/wp:column --><\/div>\n<!-- \/wp:columns --><\/div>\n<!-- \/wp:group -->\n\n<!-- wp:wpsisac\/slick-carousel-slider {\"image_size\":\"medium\",\"sliderheight\":194,\"category\":\"6\"} \/-->\n\n<!-- wp:paragraph -->\n<p>&nbsp;<\/p>\n<!-- \/wp:paragraph -->\t\t\t\t\t\t<\/div>\n\t\t\t\t<\/div>\n\t\t\t\t\t<\/div>\n\t\t<\/div>\n\t\t\t\t\t\t\t<\/div>\n\t\t<\/section>\n\t\t\t\t\t\t\t<\/div>\n\t\t","protected":false},"excerpt":{"rendered":"<p>Psycho\u00e9ducatrice, Ph. D. Professeure, d\u00e9partement de psycho\u00e9ducation et de psychologie, UQOChercheuse r\u00e9guli\u00e8re au CISSS de l&rsquo;Outaouais, CIUSSS du Nord-de-l&rsquo;\u00cele-de-Montr\u00e9al, et \u00e0 l\u2019Institut Universitaire en d\u00e9ficience intellectuelle et trouble du spectre de l\u2019autisme claudine.jacques@uqo.ca Les nombreuses ann\u00e9es pass\u00e9es au Centre hospitalier Universitaire Sainte-Justine et \u00e0 l\u2019h\u00f4pital en sant\u00e9 mentale Rivi\u00e8re-des-Prairies en tant que psycho\u00e9ducatrice ont permis &hellip;<\/p>\n","protected":false},"author":1,"featured_media":0,"parent":0,"menu_order":0,"comment_status":"closed","ping_status":"closed","template":"","meta":[],"yoast_head":"<!-- This site is optimized with the Yoast SEO plugin v19.6 - https:\/\/yoast.com\/wordpress\/plugins\/seo\/ -->\n<title>Dre Claudine Jacques - LUDICA<\/title>\n<meta name=\"robots\" content=\"index, follow, max-snippet:-1, max-image-preview:large, max-video-preview:-1\" \/>\n<link rel=\"canonical\" href=\"https:\/\/ludica.uqo.ca\/index.php\/claudine-jacques\/\" \/>\n<meta property=\"og:locale\" content=\"fr_FR\" \/>\n<meta property=\"og:type\" content=\"article\" \/>\n<meta property=\"og:title\" content=\"Dre Claudine Jacques - LUDICA\" \/>\n<meta property=\"og:description\" content=\"Psycho\u00e9ducatrice, Ph. D. Professeure, d\u00e9partement de psycho\u00e9ducation et de psychologie, UQOChercheuse r\u00e9guli\u00e8re au CISSS de l&rsquo;Outaouais, CIUSSS du Nord-de-l&rsquo;\u00cele-de-Montr\u00e9al, et \u00e0 l\u2019Institut Universitaire en d\u00e9ficience intellectuelle et trouble du spectre de l\u2019autisme claudine.jacques@uqo.ca Les nombreuses ann\u00e9es pass\u00e9es au Centre hospitalier Universitaire Sainte-Justine et \u00e0 l\u2019h\u00f4pital en sant\u00e9 mentale Rivi\u00e8re-des-Prairies en tant que psycho\u00e9ducatrice ont permis &hellip;\" \/>\n<meta property=\"og:url\" content=\"https:\/\/ludica.uqo.ca\/index.php\/claudine-jacques\/\" \/>\n<meta property=\"og:site_name\" content=\"LUDICA\" \/>\n<meta property=\"article:publisher\" content=\"https:\/\/www.facebook.com\/LABOLUDICA\" \/>\n<meta property=\"article:modified_time\" content=\"2026-03-15T00:29:45+00:00\" \/>\n<meta property=\"og:image\" content=\"https:\/\/ludica.uqo.ca\/wp-content\/uploads\/2024\/12\/Claudine_1-1-683x1024.jpg\" \/>\n<meta name=\"twitter:card\" content=\"summary_large_image\" \/>\n<meta name=\"twitter:label1\" content=\"Dur\u00e9e de lecture estim\u00e9e\" \/>\n\t<meta name=\"twitter:data1\" content=\"3 minutes\" \/>\n<script type=\"application\/ld+json\" class=\"yoast-schema-graph\">{\"@context\":\"https:\/\/schema.org\",\"@graph\":[{\"@type\":\"WebPage\",\"@id\":\"https:\/\/ludica.uqo.ca\/index.php\/claudine-jacques\/\",\"url\":\"https:\/\/ludica.uqo.ca\/index.php\/claudine-jacques\/\",\"name\":\"Dre Claudine Jacques - LUDICA\",\"isPartOf\":{\"@id\":\"https:\/\/ludica.uqo.ca\/#website\"},\"datePublished\":\"2021-07-07T16:48:09+00:00\",\"dateModified\":\"2026-03-15T00:29:45+00:00\",\"breadcrumb\":{\"@id\":\"https:\/\/ludica.uqo.ca\/index.php\/claudine-jacques\/#breadcrumb\"},\"inLanguage\":\"fr-FR\",\"potentialAction\":[{\"@type\":\"ReadAction\",\"target\":[\"https:\/\/ludica.uqo.ca\/index.php\/claudine-jacques\/\"]}]},{\"@type\":\"BreadcrumbList\",\"@id\":\"https:\/\/ludica.uqo.ca\/index.php\/claudine-jacques\/#breadcrumb\",\"itemListElement\":[{\"@type\":\"ListItem\",\"position\":1,\"name\":\"Accueil\",\"item\":\"https:\/\/ludica.uqo.ca\/\"},{\"@type\":\"ListItem\",\"position\":2,\"name\":\"Dre Claudine Jacques\"}]},{\"@type\":\"WebSite\",\"@id\":\"https:\/\/ludica.uqo.ca\/#website\",\"url\":\"https:\/\/ludica.uqo.ca\/\",\"name\":\"LUDICA\",\"description\":\"Laboratoire sur l&#039;Unicit\u00e9 et la Diversit\u00e9 des Int\u00e9r\u00eats et des Comportements en Autisme\",\"publisher\":{\"@id\":\"https:\/\/ludica.uqo.ca\/#organization\"},\"potentialAction\":[{\"@type\":\"SearchAction\",\"target\":{\"@type\":\"EntryPoint\",\"urlTemplate\":\"https:\/\/ludica.uqo.ca\/?s={search_term_string}\"},\"query-input\":\"required name=search_term_string\"}],\"inLanguage\":\"fr-FR\"},{\"@type\":\"Organization\",\"@id\":\"https:\/\/ludica.uqo.ca\/#organization\",\"name\":\"LUDICA\",\"url\":\"https:\/\/ludica.uqo.ca\/\",\"sameAs\":[\"https:\/\/www.facebook.com\/LABOLUDICA\"],\"logo\":{\"@type\":\"ImageObject\",\"inLanguage\":\"fr-FR\",\"@id\":\"https:\/\/ludica.uqo.ca\/#\/schema\/logo\/image\/\",\"url\":\"https:\/\/i0.wp.com\/ludica.uqo.ca\/wp-content\/uploads\/2021\/07\/Logo-LUDICA-abrege-e1659980461216.jpg?fit=1585%2C1125&ssl=1\",\"contentUrl\":\"https:\/\/i0.wp.com\/ludica.uqo.ca\/wp-content\/uploads\/2021\/07\/Logo-LUDICA-abrege-e1659980461216.jpg?fit=1585%2C1125&ssl=1\",\"width\":1585,\"height\":1125,\"caption\":\"LUDICA\"},\"image\":{\"@id\":\"https:\/\/ludica.uqo.ca\/#\/schema\/logo\/image\/\"}}]}<\/script>\n<!-- \/ Yoast SEO plugin. -->","yoast_head_json":{"title":"Dre Claudine Jacques - LUDICA","robots":{"index":"index","follow":"follow","max-snippet":"max-snippet:-1","max-image-preview":"max-image-preview:large","max-video-preview":"max-video-preview:-1"},"canonical":"https:\/\/ludica.uqo.ca\/index.php\/claudine-jacques\/","og_locale":"fr_FR","og_type":"article","og_title":"Dre Claudine Jacques - LUDICA","og_description":"Psycho\u00e9ducatrice, Ph. D. Professeure, d\u00e9partement de psycho\u00e9ducation et de psychologie, UQOChercheuse r\u00e9guli\u00e8re au CISSS de l&rsquo;Outaouais, CIUSSS du Nord-de-l&rsquo;\u00cele-de-Montr\u00e9al, et \u00e0 l\u2019Institut Universitaire en d\u00e9ficience intellectuelle et trouble du spectre de l\u2019autisme claudine.jacques@uqo.ca Les nombreuses ann\u00e9es pass\u00e9es au Centre hospitalier Universitaire Sainte-Justine et \u00e0 l\u2019h\u00f4pital en sant\u00e9 mentale Rivi\u00e8re-des-Prairies en tant que psycho\u00e9ducatrice ont permis &hellip;","og_url":"https:\/\/ludica.uqo.ca\/index.php\/claudine-jacques\/","og_site_name":"LUDICA","article_publisher":"https:\/\/www.facebook.com\/LABOLUDICA","article_modified_time":"2026-03-15T00:29:45+00:00","og_image":[{"url":"https:\/\/ludica.uqo.ca\/wp-content\/uploads\/2024\/12\/Claudine_1-1-683x1024.jpg"}],"twitter_card":"summary_large_image","twitter_misc":{"Dur\u00e9e de lecture estim\u00e9e":"3 minutes"},"schema":{"@context":"https:\/\/schema.org","@graph":[{"@type":"WebPage","@id":"https:\/\/ludica.uqo.ca\/index.php\/claudine-jacques\/","url":"https:\/\/ludica.uqo.ca\/index.php\/claudine-jacques\/","name":"Dre Claudine Jacques - LUDICA","isPartOf":{"@id":"https:\/\/ludica.uqo.ca\/#website"},"datePublished":"2021-07-07T16:48:09+00:00","dateModified":"2026-03-15T00:29:45+00:00","breadcrumb":{"@id":"https:\/\/ludica.uqo.ca\/index.php\/claudine-jacques\/#breadcrumb"},"inLanguage":"fr-FR","potentialAction":[{"@type":"ReadAction","target":["https:\/\/ludica.uqo.ca\/index.php\/claudine-jacques\/"]}]},{"@type":"BreadcrumbList","@id":"https:\/\/ludica.uqo.ca\/index.php\/claudine-jacques\/#breadcrumb","itemListElement":[{"@type":"ListItem","position":1,"name":"Accueil","item":"https:\/\/ludica.uqo.ca\/"},{"@type":"ListItem","position":2,"name":"Dre Claudine Jacques"}]},{"@type":"WebSite","@id":"https:\/\/ludica.uqo.ca\/#website","url":"https:\/\/ludica.uqo.ca\/","name":"LUDICA","description":"Laboratoire sur l&#039;Unicit\u00e9 et la Diversit\u00e9 des Int\u00e9r\u00eats et des Comportements en Autisme","publisher":{"@id":"https:\/\/ludica.uqo.ca\/#organization"},"potentialAction":[{"@type":"SearchAction","target":{"@type":"EntryPoint","urlTemplate":"https:\/\/ludica.uqo.ca\/?s={search_term_string}"},"query-input":"required name=search_term_string"}],"inLanguage":"fr-FR"},{"@type":"Organization","@id":"https:\/\/ludica.uqo.ca\/#organization","name":"LUDICA","url":"https:\/\/ludica.uqo.ca\/","sameAs":["https:\/\/www.facebook.com\/LABOLUDICA"],"logo":{"@type":"ImageObject","inLanguage":"fr-FR","@id":"https:\/\/ludica.uqo.ca\/#\/schema\/logo\/image\/","url":"https:\/\/i0.wp.com\/ludica.uqo.ca\/wp-content\/uploads\/2021\/07\/Logo-LUDICA-abrege-e1659980461216.jpg?fit=1585%2C1125&ssl=1","contentUrl":"https:\/\/i0.wp.com\/ludica.uqo.ca\/wp-content\/uploads\/2021\/07\/Logo-LUDICA-abrege-e1659980461216.jpg?fit=1585%2C1125&ssl=1","width":1585,"height":1125,"caption":"LUDICA"},"image":{"@id":"https:\/\/ludica.uqo.ca\/#\/schema\/logo\/image\/"}}]}},"_links":{"self":[{"href":"https:\/\/ludica.uqo.ca\/index.php\/wp-json\/wp\/v2\/pages\/82"}],"collection":[{"href":"https:\/\/ludica.uqo.ca\/index.php\/wp-json\/wp\/v2\/pages"}],"about":[{"href":"https:\/\/ludica.uqo.ca\/index.php\/wp-json\/wp\/v2\/types\/page"}],"author":[{"embeddable":true,"href":"https:\/\/ludica.uqo.ca\/index.php\/wp-json\/wp\/v2\/users\/1"}],"replies":[{"embeddable":true,"href":"https:\/\/ludica.uqo.ca\/index.php\/wp-json\/wp\/v2\/comments?post=82"}],"version-history":[{"count":155,"href":"https:\/\/ludica.uqo.ca\/index.php\/wp-json\/wp\/v2\/pages\/82\/revisions"}],"predecessor-version":[{"id":6068,"href":"https:\/\/ludica.uqo.ca\/index.php\/wp-json\/wp\/v2\/pages\/82\/revisions\/6068"}],"wp:attachment":[{"href":"https:\/\/ludica.uqo.ca\/index.php\/wp-json\/wp\/v2\/media?parent=82"}],"curies":[{"name":"wp","href":"https:\/\/api.w.org\/{rel}","templated":true}]}}