{"id":89,"date":"2021-07-07T16:51:41","date_gmt":"2021-07-07T16:51:41","guid":{"rendered":"https:\/\/ludica.uqo.ca\/?page_id=89"},"modified":"2026-04-19T22:56:52","modified_gmt":"2026-04-19T22:56:52","slug":"nos-projets-de-recherche","status":"publish","type":"page","link":"https:\/\/ludica.uqo.ca\/index.php\/nos-projets-de-recherche\/","title":{"rendered":"Nos projets de recherche"},"content":{"rendered":"\n\n\n<h1 class=\"alignfull has-text-align-center has-text-color has-background\" style=\"background-color:#7f8183;color:#ffffff;font-size:40px\"><strong>Axes <\/strong>de recherche du laboratoire<\/h1>\n\n\n\n<div class=\"wp-container-7 wp-block-columns\">\n<div class=\"wp-container-2 wp-block-column\">            <div class=\"oxi-addons-container noLightbox oxi-image-hover-wrapper-13 \" id=\"oxi-image-hover-wrapper-13\">\r\n                <div class=\"oxi-addons-row\">\r\n                                <div class=\"oxi-image-hover-style oxi-bt-col-lg-12 oxi-bt-col-md-12 oxi-bt-col-sm-12  \"  >\r\n                <div class=\"oxi-image-hover-style-flipbox\">\r\n                                            <div class=\"oxi-image-hover oxi-image-flipbox-hover oxi-image-flipbox-hover-style-4 oxi-image-flipbox-hover-13-17\">\r\n                            <div class=\"oxi-image-hover-figure oxi-image-flip-left-to-right \">\r\n                                <div class=\"oxi-image-hover-figure-frontend\">\r\n                                    <div class=\"oxi-image-hover-figure-front-section  image-hover-align-center-center\">\r\n                                                                                    <div class=\"oxi-image-hover-heading  \">AXE 1<\/div>\r\n                                                                                <\/div>\r\n                                <\/div>\r\n                                <div class=\"oxi-image-hover-figure-backend\">\r\n                                    <div class=\"oxi-image-hover-figure-back-section image-hover-align-center-center\">\r\n                                                                                    <div class=\"oxi-image-hover-content    \">Miser sur les forces et les int\u00e9r\u00eats des enfants autistes<\/div>\r\n                                                        \r\n                                    <\/div>\r\n                                <\/div>\r\n                            <\/div>\r\n                        <\/div>\r\n                                        <\/div> \r\n                            <\/div>  \r\n                            <\/div>\r\n            <\/div>\r\n        <a href=\"\" title=\"Axe 1\" target=\"_self\" rel=\"\" class=\"\"><\/a>\n\n\n\n<div style=\"height:15px\" aria-hidden=\"true\" class=\"wp-block-spacer\"><\/div>\n\n\n\n<div class=\"wp-container-1 is-content-justification-center wp-block-buttons\">\n<div class=\"wp-block-button\"><a class=\"wp-block-button__link has-suki-color-8-background-color has-background\" href=\"https:\/\/ludica.uqo.ca\/index.php\/situation-de-stimulation-de-montreal\/\">En savoir plus<\/a><\/div>\n<\/div>\n<\/div>\n\n\n\n<div class=\"wp-container-4 wp-block-column\">            <div class=\"oxi-addons-container noLightbox oxi-image-hover-wrapper-14 \" id=\"oxi-image-hover-wrapper-14\">\r\n                <div class=\"oxi-addons-row\">\r\n                                <div class=\"oxi-image-hover-style oxi-bt-col-lg-12 oxi-bt-col-md-12 oxi-bt-col-sm-12  \"  >\r\n                <div class=\"oxi-image-hover-style-flipbox\">\r\n                                            <div class=\"oxi-image-hover oxi-image-flipbox-hover oxi-image-flipbox-hover-style-4 oxi-image-flipbox-hover-14-18\">\r\n                            <div class=\"oxi-image-hover-figure oxi-image-flip-left-to-right \">\r\n                                <div class=\"oxi-image-hover-figure-frontend\">\r\n                                    <div class=\"oxi-image-hover-figure-front-section  image-hover-align-center-center\">\r\n                                                                                    <div class=\"oxi-image-hover-heading  \">AXE 2<\/div>\r\n                                                                                <\/div>\r\n                                <\/div>\r\n                                <div class=\"oxi-image-hover-figure-backend\">\r\n                                    <div class=\"oxi-image-hover-figure-back-section image-hover-align-center-center\">\r\n                                                                                    <div class=\"oxi-image-hover-content    \"> Soutenir la mise en place de trajectoire optimale pour l\u2019\u00e9valuation du jeune enfant avec un retard de d\u00e9veloppement<\/div>\r\n                                                        \r\n                                    <\/div>\r\n                                <\/div>\r\n                            <\/div>\r\n                        <\/div>\r\n                                        <\/div> \r\n                            <\/div>  \r\n                            <\/div>\r\n            <\/div>\r\n        \n\n\n\n<div style=\"height:15px\" aria-hidden=\"true\" class=\"wp-block-spacer\"><\/div>\n\n\n\n<div class=\"wp-container-3 is-content-justification-center wp-block-buttons\">\n<div class=\"wp-block-button\"><a class=\"wp-block-button__link has-suki-color-8-background-color has-background\" href=\"https:\/\/ludica.uqo.ca\/index.php\/projet-pandemie\/\">En savoir plus<\/a><\/div>\n<\/div>\n<\/div>\n\n\n\n<div class=\"wp-container-6 wp-block-column\">            <div class=\"oxi-addons-container noLightbox oxi-image-hover-wrapper-15 \" id=\"oxi-image-hover-wrapper-15\">\r\n                <div class=\"oxi-addons-row\">\r\n                                <div class=\"oxi-image-hover-style oxi-bt-col-lg-12 oxi-bt-col-md-12 oxi-bt-col-sm-12  \"  >\r\n                <div class=\"oxi-image-hover-style-flipbox\">\r\n                                            <div class=\"oxi-image-hover oxi-image-flipbox-hover oxi-image-flipbox-hover-style-4 oxi-image-flipbox-hover-15-19\">\r\n                            <div class=\"oxi-image-hover-figure oxi-image-flip-left-to-right \">\r\n                                <div class=\"oxi-image-hover-figure-frontend\">\r\n                                    <div class=\"oxi-image-hover-figure-front-section  image-hover-align-center-center\">\r\n                                                                                    <div class=\"oxi-image-hover-heading  \">AXE 3<\/div>\r\n                                                                                <\/div>\r\n                                <\/div>\r\n                                <div class=\"oxi-image-hover-figure-backend\">\r\n                                    <div class=\"oxi-image-hover-figure-back-section image-hover-align-center-center\">\r\n                                                                                    <div class=\"oxi-image-hover-content    \">Coconstruire des projets avec des acteurs du Sud <\/div>\r\n                                                        \r\n                                    <\/div>\r\n                                <\/div>\r\n                            <\/div>\r\n                        <\/div>\r\n                                        <\/div> \r\n                            <\/div>  \r\n                            <\/div>\r\n            <\/div>\r\n        \n\n\n\n<div style=\"height:15px\" aria-hidden=\"true\" class=\"wp-block-spacer\"><\/div>\n\n\n\n<div class=\"wp-container-5 is-content-justification-center wp-block-buttons\">\n<div class=\"wp-block-button\"><a class=\"wp-block-button__link has-suki-color-8-background-color has-background\" href=\"https:\/\/ludica.uqo.ca\/index.php\/projet-crde\/\">En savoir plus<\/a><\/div>\n<\/div>\n<\/div>\n<\/div>\n\n\n\n<div style=\"height:117px\" aria-hidden=\"true\" class=\"wp-block-spacer\"><\/div>\n\n\n\t\t<div class=\"wpsisac-slick-carousal-wrp wpsisac-clearfix \" data-conf=\"{&quot;slidestoshow&quot;:3,&quot;slidestoscroll&quot;:1,&quot;dots&quot;:&quot;true&quot;,&quot;arrows&quot;:&quot;true&quot;,&quot;autoplay&quot;:&quot;true&quot;,&quot;autoplay_interval&quot;:3000,&quot;speed&quot;:300,&quot;rtl&quot;:&quot;false&quot;,&quot;centermode&quot;:&quot;false&quot;,&quot;lazyload&quot;:&quot;&quot;,&quot;variablewidth&quot;:&quot;false&quot;,&quot;loop&quot;:&quot;true&quot;,&quot;hover_pause&quot;:&quot;true&quot;}\">\r\t\t\t<div id=\"wpsisac-slick-carousal-1\" class=\"wpsisac-slick-init wpsisac-slick-carousal design-1  simplecarousal\">\r\r\t\t\t\t<div class=\"wpsisac-image-slide\">\r\t\t\t<div class=\"wpsisac-image-slide-wrap\" style=\"height:194px;\">\r\t\t\t<img  src=\"https:\/\/i0.wp.com\/ludica.uqo.ca\/wp-content\/uploads\/2022\/05\/Logo_AUF.png?fit=300%2C212&#038;ssl=1\" alt=\"Partenaire &#8211; AUF\" \/>\r\t\t<\/div>\r\t<\/div><div class=\"wpsisac-image-slide\">\r\t\t\t<div class=\"wpsisac-image-slide-wrap\" style=\"height:194px;\">\r\t\t\t<img  src=\"https:\/\/i0.wp.com\/ludica.uqo.ca\/wp-content\/uploads\/2021\/08\/IU.jpg?fit=300%2C300&#038;ssl=1\" alt=\"Partenaires &#8211; IU\" \/>\r\t\t<\/div>\r\t<\/div><div class=\"wpsisac-image-slide\">\r\t\t\t<div class=\"wpsisac-image-slide-wrap\" style=\"height:194px;\">\r\t\t\t<img  src=\"https:\/\/i0.wp.com\/ludica.uqo.ca\/wp-content\/uploads\/2021\/07\/telecharger.jpg?fit=300%2C110&#038;ssl=1\" alt=\"Partenaires &#8211; RTSA\" \/>\r\t\t<\/div>\r\t<\/div><div class=\"wpsisac-image-slide\">\r\t\t\t<div class=\"wpsisac-image-slide-wrap\" style=\"height:194px;\">\r\t\t\t<img  src=\"https:\/\/i0.wp.com\/ludica.uqo.ca\/wp-content\/uploads\/2021\/07\/128_nouvelleLeft_v_cisss_outaouais_2-2.jpg?fit=225%2C187&#038;ssl=1\" alt=\"Partenaires &#8211; CISSSO\" \/>\r\t\t<\/div>\r\t<\/div><div class=\"wpsisac-image-slide\">\r\t\t\t<div class=\"wpsisac-image-slide-wrap\" style=\"height:194px;\">\r\t\t\t<img  src=\"https:\/\/i0.wp.com\/ludica.uqo.ca\/wp-content\/uploads\/2021\/07\/RISUQ-Logo_RGB-scaled.jpg?fit=300%2C207&#038;ssl=1\" alt=\"Partenaires &#8211; RISUQ\" \/>\r\t\t<\/div>\r\t<\/div><div class=\"wpsisac-image-slide\">\r\t\t\t<div class=\"wpsisac-image-slide-wrap\" style=\"height:194px;\">\r\t\t\t<img  src=\"https:\/\/i0.wp.com\/ludica.uqo.ca\/wp-content\/uploads\/2021\/07\/Capture-de\u0301cran-le-2020-08-25-a\u0300-12.06.00-450x138-3.png?fit=300%2C92&#038;ssl=1\" alt=\"Partenaires &#8211; CRSH\" \/>\r\t\t<\/div>\r\t<\/div><div class=\"wpsisac-image-slide\">\r\t\t\t<div class=\"wpsisac-image-slide-wrap\" style=\"height:194px;\">\r\t\t\t<img  src=\"https:\/\/i0.wp.com\/ludica.uqo.ca\/wp-content\/uploads\/2021\/07\/Logos_CIUSSS-NIM_RGB-2.jpg?fit=300%2C136&#038;ssl=1\" alt=\"Partenaires &#8211; CIUSSS NIM\" \/>\r\t\t<\/div>\r\t<\/div><div class=\"wpsisac-image-slide\">\r\t\t\t<div class=\"wpsisac-image-slide-wrap\" style=\"height:194px;\">\r\t\t\t<img  src=\"https:\/\/i0.wp.com\/ludica.uqo.ca\/wp-content\/uploads\/2021\/07\/uqo-2.png?fit=300%2C144&#038;ssl=1\" alt=\"Partenaires &#8211; UQO\" \/>\r\t\t<\/div>\r\t<\/div>\r\t\t\t<\/div>\r\t\t<\/div>\r\t","protected":false},"excerpt":{"rendered":"<p>Axes de recherche du laboratoire<\/p>\n","protected":false},"author":1,"featured_media":0,"parent":0,"menu_order":0,"comment_status":"closed","ping_status":"closed","template":"","meta":[],"yoast_head":"<!-- This site is optimized with the Yoast SEO plugin v19.6 - https:\/\/yoast.com\/wordpress\/plugins\/seo\/ -->\n<title>Nos projets de recherche - LUDICA<\/title>\n<meta name=\"robots\" content=\"index, follow, max-snippet:-1, max-image-preview:large, max-video-preview:-1\" \/>\n<link rel=\"canonical\" href=\"https:\/\/ludica.uqo.ca\/index.php\/nos-projets-de-recherche\/\" \/>\n<meta property=\"og:locale\" content=\"fr_FR\" \/>\n<meta property=\"og:type\" content=\"article\" \/>\n<meta property=\"og:title\" content=\"Nos projets de recherche - LUDICA\" \/>\n<meta property=\"og:description\" content=\"Axes de recherche du laboratoire\" \/>\n<meta property=\"og:url\" content=\"https:\/\/ludica.uqo.ca\/index.php\/nos-projets-de-recherche\/\" \/>\n<meta property=\"og:site_name\" content=\"LUDICA\" \/>\n<meta property=\"article:publisher\" content=\"https:\/\/www.facebook.com\/LABOLUDICA\" \/>\n<meta property=\"article:modified_time\" content=\"2026-04-19T22:56:52+00:00\" \/>\n<meta name=\"twitter:card\" content=\"summary_large_image\" \/>\n<meta name=\"twitter:label1\" content=\"Dur\u00e9e de lecture estim\u00e9e\" \/>\n\t<meta name=\"twitter:data1\" content=\"1 minute\" \/>\n<script type=\"application\/ld+json\" class=\"yoast-schema-graph\">{\"@context\":\"https:\/\/schema.org\",\"@graph\":[{\"@type\":\"WebPage\",\"@id\":\"https:\/\/ludica.uqo.ca\/index.php\/nos-projets-de-recherche\/\",\"url\":\"https:\/\/ludica.uqo.ca\/index.php\/nos-projets-de-recherche\/\",\"name\":\"Nos projets de recherche - LUDICA\",\"isPartOf\":{\"@id\":\"https:\/\/ludica.uqo.ca\/#website\"},\"datePublished\":\"2021-07-07T16:51:41+00:00\",\"dateModified\":\"2026-04-19T22:56:52+00:00\",\"breadcrumb\":{\"@id\":\"https:\/\/ludica.uqo.ca\/index.php\/nos-projets-de-recherche\/#breadcrumb\"},\"inLanguage\":\"fr-FR\",\"potentialAction\":[{\"@type\":\"ReadAction\",\"target\":[\"https:\/\/ludica.uqo.ca\/index.php\/nos-projets-de-recherche\/\"]}]},{\"@type\":\"BreadcrumbList\",\"@id\":\"https:\/\/ludica.uqo.ca\/index.php\/nos-projets-de-recherche\/#breadcrumb\",\"itemListElement\":[{\"@type\":\"ListItem\",\"position\":1,\"name\":\"Accueil\",\"item\":\"https:\/\/ludica.uqo.ca\/\"},{\"@type\":\"ListItem\",\"position\":2,\"name\":\"Nos projets de recherche\"}]},{\"@type\":\"WebSite\",\"@id\":\"https:\/\/ludica.uqo.ca\/#website\",\"url\":\"https:\/\/ludica.uqo.ca\/\",\"name\":\"LUDICA\",\"description\":\"Laboratoire sur l&#039;Unicit\u00e9 et la Diversit\u00e9 des Int\u00e9r\u00eats et des Comportements en Autisme\",\"publisher\":{\"@id\":\"https:\/\/ludica.uqo.ca\/#organization\"},\"potentialAction\":[{\"@type\":\"SearchAction\",\"target\":{\"@type\":\"EntryPoint\",\"urlTemplate\":\"https:\/\/ludica.uqo.ca\/?s={search_term_string}\"},\"query-input\":\"required name=search_term_string\"}],\"inLanguage\":\"fr-FR\"},{\"@type\":\"Organization\",\"@id\":\"https:\/\/ludica.uqo.ca\/#organization\",\"name\":\"LUDICA\",\"url\":\"https:\/\/ludica.uqo.ca\/\",\"sameAs\":[\"https:\/\/www.facebook.com\/LABOLUDICA\"],\"logo\":{\"@type\":\"ImageObject\",\"inLanguage\":\"fr-FR\",\"@id\":\"https:\/\/ludica.uqo.ca\/#\/schema\/logo\/image\/\",\"url\":\"https:\/\/i0.wp.com\/ludica.uqo.ca\/wp-content\/uploads\/2021\/07\/Logo-LUDICA-abrege-e1659980461216.jpg?fit=1585%2C1125&ssl=1\",\"contentUrl\":\"https:\/\/i0.wp.com\/ludica.uqo.ca\/wp-content\/uploads\/2021\/07\/Logo-LUDICA-abrege-e1659980461216.jpg?fit=1585%2C1125&ssl=1\",\"width\":1585,\"height\":1125,\"caption\":\"LUDICA\"},\"image\":{\"@id\":\"https:\/\/ludica.uqo.ca\/#\/schema\/logo\/image\/\"}}]}<\/script>\n<!-- \/ Yoast SEO plugin. -->","yoast_head_json":{"title":"Nos projets de recherche - LUDICA","robots":{"index":"index","follow":"follow","max-snippet":"max-snippet:-1","max-image-preview":"max-image-preview:large","max-video-preview":"max-video-preview:-1"},"canonical":"https:\/\/ludica.uqo.ca\/index.php\/nos-projets-de-recherche\/","og_locale":"fr_FR","og_type":"article","og_title":"Nos projets de recherche - LUDICA","og_description":"Axes de recherche du laboratoire","og_url":"https:\/\/ludica.uqo.ca\/index.php\/nos-projets-de-recherche\/","og_site_name":"LUDICA","article_publisher":"https:\/\/www.facebook.com\/LABOLUDICA","article_modified_time":"2026-04-19T22:56:52+00:00","twitter_card":"summary_large_image","twitter_misc":{"Dur\u00e9e de lecture estim\u00e9e":"1 minute"},"schema":{"@context":"https:\/\/schema.org","@graph":[{"@type":"WebPage","@id":"https:\/\/ludica.uqo.ca\/index.php\/nos-projets-de-recherche\/","url":"https:\/\/ludica.uqo.ca\/index.php\/nos-projets-de-recherche\/","name":"Nos projets de recherche - LUDICA","isPartOf":{"@id":"https:\/\/ludica.uqo.ca\/#website"},"datePublished":"2021-07-07T16:51:41+00:00","dateModified":"2026-04-19T22:56:52+00:00","breadcrumb":{"@id":"https:\/\/ludica.uqo.ca\/index.php\/nos-projets-de-recherche\/#breadcrumb"},"inLanguage":"fr-FR","potentialAction":[{"@type":"ReadAction","target":["https:\/\/ludica.uqo.ca\/index.php\/nos-projets-de-recherche\/"]}]},{"@type":"BreadcrumbList","@id":"https:\/\/ludica.uqo.ca\/index.php\/nos-projets-de-recherche\/#breadcrumb","itemListElement":[{"@type":"ListItem","position":1,"name":"Accueil","item":"https:\/\/ludica.uqo.ca\/"},{"@type":"ListItem","position":2,"name":"Nos projets de recherche"}]},{"@type":"WebSite","@id":"https:\/\/ludica.uqo.ca\/#website","url":"https:\/\/ludica.uqo.ca\/","name":"LUDICA","description":"Laboratoire sur l&#039;Unicit\u00e9 et la Diversit\u00e9 des Int\u00e9r\u00eats et des Comportements en Autisme","publisher":{"@id":"https:\/\/ludica.uqo.ca\/#organization"},"potentialAction":[{"@type":"SearchAction","target":{"@type":"EntryPoint","urlTemplate":"https:\/\/ludica.uqo.ca\/?s={search_term_string}"},"query-input":"required name=search_term_string"}],"inLanguage":"fr-FR"},{"@type":"Organization","@id":"https:\/\/ludica.uqo.ca\/#organization","name":"LUDICA","url":"https:\/\/ludica.uqo.ca\/","sameAs":["https:\/\/www.facebook.com\/LABOLUDICA"],"logo":{"@type":"ImageObject","inLanguage":"fr-FR","@id":"https:\/\/ludica.uqo.ca\/#\/schema\/logo\/image\/","url":"https:\/\/i0.wp.com\/ludica.uqo.ca\/wp-content\/uploads\/2021\/07\/Logo-LUDICA-abrege-e1659980461216.jpg?fit=1585%2C1125&ssl=1","contentUrl":"https:\/\/i0.wp.com\/ludica.uqo.ca\/wp-content\/uploads\/2021\/07\/Logo-LUDICA-abrege-e1659980461216.jpg?fit=1585%2C1125&ssl=1","width":1585,"height":1125,"caption":"LUDICA"},"image":{"@id":"https:\/\/ludica.uqo.ca\/#\/schema\/logo\/image\/"}}]}},"_links":{"self":[{"href":"https:\/\/ludica.uqo.ca\/index.php\/wp-json\/wp\/v2\/pages\/89"}],"collection":[{"href":"https:\/\/ludica.uqo.ca\/index.php\/wp-json\/wp\/v2\/pages"}],"about":[{"href":"https:\/\/ludica.uqo.ca\/index.php\/wp-json\/wp\/v2\/types\/page"}],"author":[{"embeddable":true,"href":"https:\/\/ludica.uqo.ca\/index.php\/wp-json\/wp\/v2\/users\/1"}],"replies":[{"embeddable":true,"href":"https:\/\/ludica.uqo.ca\/index.php\/wp-json\/wp\/v2\/comments?post=89"}],"version-history":[{"count":63,"href":"https:\/\/ludica.uqo.ca\/index.php\/wp-json\/wp\/v2\/pages\/89\/revisions"}],"predecessor-version":[{"id":6118,"href":"https:\/\/ludica.uqo.ca\/index.php\/wp-json\/wp\/v2\/pages\/89\/revisions\/6118"}],"wp:attachment":[{"href":"https:\/\/ludica.uqo.ca\/index.php\/wp-json\/wp\/v2\/media?parent=89"}],"curies":[{"name":"wp","href":"https:\/\/api.w.org\/{rel}","templated":true}]}}